{"id":14159,"date":"2025-08-22T19:40:08","date_gmt":"2025-08-22T16:40:08","guid":{"rendered":"https:\/\/www.2ha.gr\/?post_type=product&#038;p=14159"},"modified":"2025-09-01T23:34:58","modified_gmt":"2025-09-01T20:34:58","slug":"earth-geometry-shirt","status":"publish","type":"product","link":"https:\/\/www.2ha.gr\/de\/product\/earth-geometry-shirt\/","title":{"rendered":"Earth Geometry   Shirt"},"content":{"rendered":"<p><\/p>\n<p data-start=\"102\" data-end=\"191\">Arbeitshemd &#8222;Earth Geometry&#8220; mit langen \u00c4rmeln &#8211; Handmade Business Clothing<\/p>\n<p data-start=\"228\" data-end=\"648\">Das <strong data-start=\"231\" data-end=\"270\">Arbeitshemd &#8222;Earth Geometry&#8220;<\/strong> ist eine stilvolle und funktionelle Wahl f\u00fcr Gastronomiebetriebe, die in einen professionellen Look mit Charakter investieren wollen. Der erdfarbene, geometrische Stoff wird mit unifarbenen, khakifarbenen \u00c4rmeln und Kragen kombiniert, wodurch ein modernes, aber dennoch seri\u00f6ses Image entsteht. Die handgefertigte Konstruktion und die strapazierf\u00e4higen Materialien machen sie ideal f\u00fcr das t\u00e4gliche Tragen am Arbeitsplatz.<\/p>\n<p data-start=\"650\" data-end=\"980\">\u2714\ufe0f <strong data-start=\"653\" data-end=\"668\">Handgefertigt<\/strong> mit viel Liebe zum Detail<br data-start=\"695\" data-end=\"698\" \/>\u2714\ufe0f <strong data-start=\"701\" data-end=\"717\">Langarm<\/strong> f\u00fcr Eleganz und Schutz<br data-start=\"745\" data-end=\"748\" \/>\u2714\ufe0f <strong data-start=\"751\" data-end=\"768\">Hochwertige Materialien<\/strong> f\u00fcr Komfort und Haltbarkeit<br data-start=\"789\" data-end=\"792\" \/>\u2714\ufe0f Ideal f\u00fcr <strong data-start=\"807\" data-end=\"868\">Baristas, Servicepersonal, Hotels und Restaurants<\/strong><br data-start=\"868\" data-end=\"871\" \/>\u2714\ufe0f Perfekt kombinierbar mit <strong data-start=\"908\" data-end=\"926\" data-is-only-node=\"\">Earth Geometry<\/strong> Sch\u00fcrzen (ganz und halb) f\u00fcr ein komplettes Erscheinungsbild des Personals<\/p>\n<p data-start=\"982\" data-end=\"1131\">Das <strong data-start=\"999\" data-end=\"1020\">2 Handmade Aprons-Shirt<\/strong> verwandelt allt\u00e4gliche Berufskleidung in einen Statement-Style, der vom ersten Blick an beeindruckt.<\/p>\n<p><\/p>","protected":false},"excerpt":{"rendered":"<p>\u2714\ufe0f <strong data-start=\"653\" data-end=\"668\">Handgefertigt<\/strong> mit viel Liebe zum Detail<br data-start=\"695\" data-end=\"698\" \/>\u2714\ufe0f <strong data-start=\"701\" data-end=\"717\">Langarm<\/strong> f\u00fcr Eleganz und Schutz<br data-start=\"745\" data-end=\"748\" \/>\u2714\ufe0f <strong data-start=\"751\" data-end=\"768\">Hochwertige Materialien<\/strong> f\u00fcr Komfort und Haltbarkeit<br data-start=\"789\" data-end=\"792\" \/>\u2714\ufe0f Ideal f\u00fcr <strong data-start=\"807\" data-end=\"868\">Barista, Kellner, Hotels und Restaurants<\/strong><br data-start=\"868\" data-end=\"871\" \/>\u2714\ufe0f Perfekt kombinierbar mit <strong data-start=\"908\" data-end=\"926\" data-is-only-node=\"\">Earth Geometry<\/strong> Sch\u00fcrzen (ganz und halb) f\u00fcr ein komplettes Erscheinungsbild des Personals<\/p>\n","protected":false},"featured_media":14244,"comment_status":"closed","ping_status":"closed","template":"","meta":[],"product_cat":[57,42,25],"product_tag":[],"class_list":{"0":"post-14159","1":"product","2":"type-product","3":"status-publish","4":"has-post-thumbnail","6":"product_cat-2024-2025","7":"product_cat-coffee-lovers","8":"product_cat-little-2ha","10":"first","11":"instock","12":"taxable","13":"shipping-taxable","14":"purchasable","15":"product-type-variable"},"_links":{"self":[{"href":"https:\/\/www.2ha.gr\/de\/wp-json\/wp\/v2\/product\/14159","targetHints":{"allow":["GET"]}}],"collection":[{"href":"https:\/\/www.2ha.gr\/de\/wp-json\/wp\/v2\/product"}],"about":[{"href":"https:\/\/www.2ha.gr\/de\/wp-json\/wp\/v2\/types\/product"}],"replies":[{"embeddable":true,"href":"https:\/\/www.2ha.gr\/de\/wp-json\/wp\/v2\/comments?post=14159"}],"wp:featuredmedia":[{"embeddable":true,"href":"https:\/\/www.2ha.gr\/de\/wp-json\/wp\/v2\/media\/14244"}],"wp:attachment":[{"href":"https:\/\/www.2ha.gr\/de\/wp-json\/wp\/v2\/media?parent=14159"}],"wp:term":[{"taxonomy":"product_cat","embeddable":true,"href":"https:\/\/www.2ha.gr\/de\/wp-json\/wp\/v2\/product_cat?post=14159"},{"taxonomy":"product_tag","embeddable":true,"href":"https:\/\/www.2ha.gr\/de\/wp-json\/wp\/v2\/product_tag?post=14159"}],"curies":[{"name":"wp","href":"https:\/\/api.w.org\/{rel}","templated":true}]}}