{"id":14170,"date":"2025-08-22T19:58:30","date_gmt":"2025-08-22T16:58:30","guid":{"rendered":"https:\/\/www.2ha.gr\/?post_type=product&#038;p=14170"},"modified":"2025-09-01T23:33:30","modified_gmt":"2025-09-01T20:33:30","slug":"denim-tropical-toucan-servise-apron","status":"publish","type":"product","link":"https:\/\/www.2ha.gr\/de\/product\/denim-tropical-toucan-servise-apron\/","title":{"rendered":"Denim Tropical Toucan  servise apron"},"content":{"rendered":"<p><\/p>\n<p data-start=\"80\" data-end=\"161\">Halbe Sch\u00fcrze Tropical Toucan mit Denim-Details &#8211; Handgefertigte Barista-Sch\u00fcrze<\/p>\n<p data-start=\"198\" data-end=\"591\">Die <strong data-start=\"200\" data-end=\"236\">Tropical Toucan Half Waist Apron<\/strong> ist eine explosive Mischung aus Farbe und Stil f\u00fcr Profis, die auffallen wollen. Das tropische Segeltuch mit Blatt- und Vogeldruck harmoniert mit dunklem Denim-Stoff und sorgt f\u00fcr einen modernen und robusten Look. Die praktische Vordertasche aus demselben tropischen Stoff bietet Platz f\u00fcr all Ihre Arbeitsutensilien.<\/p>\n<p data-start=\"593\" data-end=\"838\">\u2714\ufe0f <strong data-start=\"596\" data-end=\"611\">Handgefertigt<\/strong> mit viel Liebe zum Detail<br data-start=\"638\" data-end=\"641\" \/>\u2714\ufe0f <strong data-start=\"644\" data-end=\"681\">Kombination aus tropischem Druck und Denim<\/strong> f\u00fcr einen einzigartigen Look<br data-start=\"700\" data-end=\"703\" \/>\u2714\ufe0f Perfekt f\u00fcr <strong data-start=\"718\" data-end=\"778\">Kellner, Restaurants und Hotels<\/strong><br data-start=\"778\" data-end=\"781\" \/>\u2714\ufe0f <strong data-start=\"784\" data-end=\"801\">Unisex-Design<\/strong>, leicht anpassbar an jeden Stil<\/p>\n<p data-start=\"840\" data-end=\"1008\">Die <strong data-start=\"858\" data-end=\"879\">2 Handmade Aprons<\/strong> H\u00fcftsch\u00fcrze ist nicht nur eine professionelle Ausr\u00fcstung &#8211; sie ist Teil Ihres Images und bringt Frische und Charakter an Ihren Arbeitsplatz.<\/p>\n<p><\/p>","protected":false},"excerpt":{"rendered":"<p>\u2714\ufe0f <strong data-start=\"596\" data-end=\"611\">Handgefertigt<\/strong> mit viel Liebe zum Detail<br data-start=\"638\" data-end=\"641\" \/>\u2714\ufe0f <strong data-start=\"644\" data-end=\"681\">Kombination aus tropischem Druck und Denim<\/strong> f\u00fcr einen einzigartigen Look<br data-start=\"700\" data-end=\"703\" \/>\u2714\ufe0f Ideal f\u00fcr <strong data-start=\"718\" data-end=\"778\">Kellner, Restaurants und Hotels<\/strong><br data-start=\"778\" data-end=\"781\" \/>\u2714\ufe0f <strong data-start=\"784\" data-end=\"801\">Unisex-Design<\/strong>, leicht anpassbar an jeden Stil<\/p>\n","protected":false},"featured_media":14226,"comment_status":"closed","ping_status":"closed","template":"","meta":[],"product_cat":[57,73,7,13,24],"product_tag":[],"class_list":{"0":"post-14170","1":"product","2":"type-product","3":"status-publish","4":"has-post-thumbnail","6":"product_cat-2024-2025","7":"product_cat-stock-aprons-one-of-a-kind","8":"product_cat-hospitality","9":"product_cat-service","10":"product_cat-aprons","12":"first","13":"instock","14":"sale","15":"taxable","16":"shipping-taxable","17":"purchasable","18":"product-type-simple"},"_links":{"self":[{"href":"https:\/\/www.2ha.gr\/de\/wp-json\/wp\/v2\/product\/14170","targetHints":{"allow":["GET"]}}],"collection":[{"href":"https:\/\/www.2ha.gr\/de\/wp-json\/wp\/v2\/product"}],"about":[{"href":"https:\/\/www.2ha.gr\/de\/wp-json\/wp\/v2\/types\/product"}],"replies":[{"embeddable":true,"href":"https:\/\/www.2ha.gr\/de\/wp-json\/wp\/v2\/comments?post=14170"}],"wp:featuredmedia":[{"embeddable":true,"href":"https:\/\/www.2ha.gr\/de\/wp-json\/wp\/v2\/media\/14226"}],"wp:attachment":[{"href":"https:\/\/www.2ha.gr\/de\/wp-json\/wp\/v2\/media?parent=14170"}],"wp:term":[{"taxonomy":"product_cat","embeddable":true,"href":"https:\/\/www.2ha.gr\/de\/wp-json\/wp\/v2\/product_cat?post=14170"},{"taxonomy":"product_tag","embeddable":true,"href":"https:\/\/www.2ha.gr\/de\/wp-json\/wp\/v2\/product_tag?post=14170"}],"curies":[{"name":"wp","href":"https:\/\/api.w.org\/{rel}","templated":true}]}}