{"id":14172,"date":"2025-08-22T20:17:51","date_gmt":"2025-08-22T17:17:51","guid":{"rendered":"https:\/\/www.2ha.gr\/?post_type=product&#038;p=14172"},"modified":"2025-09-01T23:20:06","modified_gmt":"2025-09-01T20:20:06","slug":"denim-tropical-toucan-shirt","status":"publish","type":"product","link":"https:\/\/www.2ha.gr\/de\/product\/denim-tropical-toucan-shirt\/","title":{"rendered":"Denim Tropical Toucan Shirt"},"content":{"rendered":"<p><\/p>\n<p data-start=\"106\" data-end=\"197\">Hemd &#8222;Tropical Toucan&#8220; mit Denim-\u00c4rmeln &#8211; Handmade Business Clothing<\/p>\n<h3 data-start=\"204\" data-end=\"233\"><\/h3>\n<p data-start=\"234\" data-end=\"571\">Das <strong data-start=\"237\" data-end=\"277\">Arbeitshemd &#8222;Tropical Toucan&#8220;<\/strong> verbindet tropische Frische mit der Robustheit von Denim. Der auff\u00e4llige tropische Druck mit Bl\u00e4ttern und Tukanen in Gr\u00fcn-, Orange- und Blaut\u00f6nen sorgt f\u00fcr Lebendigkeit und einzigartigen Stil, w\u00e4hrend die dunklen Denim-\u00c4rmel und der Kragen f\u00fcr die n\u00f6tige Balance und professionelle Seriosit\u00e4t sorgen.<\/p>\n<p data-start=\"573\" data-end=\"921\">\u2714\ufe0f <strong data-start=\"576\" data-end=\"591\">Handgefertigt<\/strong> aus hochwertigen Stoffen<br data-start=\"620\" data-end=\"623\" \/>\u2714\ufe0f <strong data-start=\"626\" data-end=\"652\">\u00c4rmel und Kragen aus Denim<\/strong> f\u00fcr Haltbarkeit und Eleganz<br data-start=\"677\" data-end=\"680\" \/>\u2714\ufe0f Ideal f\u00fcr <strong data-start=\"695\" data-end=\"760\">Barista, Barkeeper, Cafe-, Restaurant- und Hotelpersonal<\/strong><br data-start=\"760\" data-end=\"763\" \/>\u2714\ufe0f Perfekt kombinierbar mit <strong data-start=\"799\" data-end=\"818\">Tropical Toucan<\/strong> Sch\u00fcrzen (ganz und halb) f\u00fcr ein einheitliches professionelles Erscheinungsbild<br data-start=\"869\" data-end=\"872\" \/>\u2714\ufe0f <strong data-start=\"875\" data-end=\"892\" data-is-only-node=\"\">Unisex-Design<\/strong>, das zu jedem Stil passt<\/p>\n<p data-start=\"923\" data-end=\"1100\">Das <strong data-start=\"940\" data-end=\"961\">2 Handmade Aprons<\/strong> Shirt verwandelt Berufsbekleidung in einen <strong data-start=\"1007\" data-end=\"1037\">modernen Look<\/strong>, der Ihre Mitarbeiter auf den ersten Blick auffallen l\u00e4sst.<\/p>\n<p><\/p>","protected":false},"excerpt":{"rendered":"<p>\u2714\ufe0f <strong data-start=\"576\" data-end=\"591\">Handgefertigt<\/strong> mit hochwertigen Stoffen<br data-start=\"620\" data-end=\"623\" \/>\u2714\ufe0f <strong data-start=\"626\" data-end=\"652\">\u00c4rmel und Kragen aus Denim<\/strong> f\u00fcr Haltbarkeit und Eleganz<br data-start=\"677\" data-end=\"680\" \/>\u2714\ufe0f Ideal f\u00fcr <strong data-start=\"695\" data-end=\"760\">Barista, Barkeeper, Cafe-, Restaurant- und Hotelpersonal<\/strong><br data-start=\"760\" data-end=\"763\" \/>\u2714\ufe0f Perfekt kombinierbar mit <strong data-start=\"799\" data-end=\"818\">Tropical Toucan<\/strong> Sch\u00fcrzen (ganz und halb) f\u00fcr ein einheitliches professionelles Erscheinungsbild<br data-start=\"869\" data-end=\"872\" \/>\u2714\ufe0f <strong data-start=\"875\" data-end=\"892\" data-is-only-node=\"\">Unisex-Design<\/strong>, passend f\u00fcr jeden Stil<\/p>\n","protected":false},"featured_media":14272,"comment_status":"closed","ping_status":"closed","template":"","meta":[],"product_cat":[25],"product_tag":[],"class_list":{"0":"post-14172","1":"product","2":"type-product","3":"status-publish","4":"has-post-thumbnail","6":"product_cat-little-2ha","8":"first","9":"instock","10":"taxable","11":"shipping-taxable","12":"purchasable","13":"product-type-variable"},"_links":{"self":[{"href":"https:\/\/www.2ha.gr\/de\/wp-json\/wp\/v2\/product\/14172","targetHints":{"allow":["GET"]}}],"collection":[{"href":"https:\/\/www.2ha.gr\/de\/wp-json\/wp\/v2\/product"}],"about":[{"href":"https:\/\/www.2ha.gr\/de\/wp-json\/wp\/v2\/types\/product"}],"replies":[{"embeddable":true,"href":"https:\/\/www.2ha.gr\/de\/wp-json\/wp\/v2\/comments?post=14172"}],"wp:featuredmedia":[{"embeddable":true,"href":"https:\/\/www.2ha.gr\/de\/wp-json\/wp\/v2\/media\/14272"}],"wp:attachment":[{"href":"https:\/\/www.2ha.gr\/de\/wp-json\/wp\/v2\/media?parent=14172"}],"wp:term":[{"taxonomy":"product_cat","embeddable":true,"href":"https:\/\/www.2ha.gr\/de\/wp-json\/wp\/v2\/product_cat?post=14172"},{"taxonomy":"product_tag","embeddable":true,"href":"https:\/\/www.2ha.gr\/de\/wp-json\/wp\/v2\/product_tag?post=14172"}],"curies":[{"name":"wp","href":"https:\/\/api.w.org\/{rel}","templated":true}]}}