{"id":14307,"date":"2025-09-02T10:58:10","date_gmt":"2025-09-02T07:58:10","guid":{"rendered":"https:\/\/www.2ha.gr\/?post_type=product&#038;p=14307"},"modified":"2025-09-02T10:58:12","modified_gmt":"2025-09-02T07:58:12","slug":"tropical-beige-full-apron","status":"publish","type":"product","link":"https:\/\/www.2ha.gr\/de\/product\/tropical-beige-full-apron\/","title":{"rendered":"Tropical Beige Full Apron"},"content":{"rendered":"<p><\/p>\n<p data-start=\"187\" data-end=\"251\"><em><strong>100% handgefertigt<\/strong><\/em><br data-start=\"203\" data-end=\"206\" \/><em><strong>100% Einzigartig<\/strong><\/em><br data-start=\"219\" data-end=\"222\" \/><em><strong>Premium Profi-Sch\u00fcrze<\/strong><\/em><\/p>\n<ul data-start=\"253\" data-end=\"549\">\n<li data-start=\"253\" data-end=\"311\">\n<p data-start=\"255\" data-end=\"311\"><em><strong>Hochwertiger Stoff mit tropischem Druck und beigem Canvas<\/strong><\/em><\/p>\n<\/li>\n<li data-start=\"312\" data-end=\"354\">\n<p data-start=\"314\" data-end=\"354\"><em><strong>K\u00fchlendes Futter auf der R\u00fcckseite f\u00fcr mehr Komfort<\/strong><\/em><\/p>\n<\/li>\n<li data-start=\"355\" data-end=\"398\">\n<p data-start=\"357\" data-end=\"398\"><em><strong>Gebogene Tr\u00e4ger f\u00fcr eine perfekte Passform<\/strong><\/em><\/p>\n<\/li>\n<li data-start=\"399\" data-end=\"451\">\n<p data-start=\"401\" data-end=\"451\"><em><strong>Ger\u00e4umige Doppeltasche auf der Vorderseite und Brusttasche<\/strong><\/em><\/p>\n<\/li>\n<li data-start=\"452\" data-end=\"511\">\n<p data-start=\"454\" data-end=\"511\"><em><strong>Ideal f\u00fcr Barista, Kellner und Kellnerinnen HORECA Fachleute<\/strong><\/em><\/p>\n<\/li>\n<li data-start=\"512\" data-end=\"549\">\n<p data-start=\"514\" data-end=\"549\"><em><strong>Entworfen und gen\u00e4ht in Griechenland<\/strong><\/em><\/p>\n<\/li>\n<\/ul>\n<p><\/p>","protected":false},"excerpt":{"rendered":"<p data-start=\"187\" data-end=\"251\"><em><strong>100% handgefertigt<\/strong><\/em><br data-start=\"203\" data-end=\"206\" \/><em><strong>100% Einzigartig<\/strong><\/em><br data-start=\"219\" data-end=\"222\" \/><em><strong>Premium-Profi-Sch\u00fcrze<\/strong><\/em><\/p>\n<ul data-start=\"253\" data-end=\"549\">\n<li data-start=\"253\" data-end=\"311\">\n<p data-start=\"255\" data-end=\"311\"><em><strong>Hochwertiger Stoff mit tropischem Druck und beigem Canvas<\/strong><\/em><\/p>\n<\/li>\n<li data-start=\"312\" data-end=\"354\">\n<p data-start=\"314\" data-end=\"354\"><em><strong>K\u00fchlendes Futter auf der R\u00fcckseite f\u00fcr mehr Komfort<\/strong><\/em><\/p>\n<\/li>\n<li data-start=\"355\" data-end=\"398\">\n<p data-start=\"357\" data-end=\"398\"><em><strong>Gebogene Tr\u00e4ger f\u00fcr eine perfekte Passform<\/strong><\/em><\/p>\n<\/li>\n<li data-start=\"399\" data-end=\"451\">\n<p data-start=\"401\" data-end=\"451\"><em><strong>Ger\u00e4umige Doppeltasche auf der Vorderseite und Brusttasche<\/strong><\/em><\/p>\n<\/li>\n<li data-start=\"452\" data-end=\"511\">\n<p data-start=\"454\" data-end=\"511\"><em><strong>Ideal f\u00fcr Barista, Kellner und Kellnerinnen HORECA Fachleute<\/strong><\/em><\/p>\n<\/li>\n<li data-start=\"512\" data-end=\"549\">\n<p data-start=\"514\" data-end=\"549\"><em><strong>Entworfen und gen\u00e4ht in Griechenland<\/strong><\/em><\/p>\n<\/li>\n<\/ul>\n","protected":false},"featured_media":14218,"comment_status":"closed","ping_status":"closed","template":"","meta":[],"product_cat":[57,8,11,12,42,73,7,13],"product_tag":[],"class_list":{"0":"post-14307","1":"product","2":"type-product","3":"status-publish","4":"has-post-thumbnail","6":"product_cat-2024-2025","7":"product_cat-artists","8":"product_cat-barista","9":"product_cat-bartender","10":"product_cat-coffee-lovers","11":"product_cat-stock-aprons-one-of-a-kind","12":"product_cat-hospitality","13":"product_cat-service","15":"first","16":"instock","17":"sale","18":"taxable","19":"shipping-taxable","20":"purchasable","21":"product-type-simple"},"_links":{"self":[{"href":"https:\/\/www.2ha.gr\/de\/wp-json\/wp\/v2\/product\/14307","targetHints":{"allow":["GET"]}}],"collection":[{"href":"https:\/\/www.2ha.gr\/de\/wp-json\/wp\/v2\/product"}],"about":[{"href":"https:\/\/www.2ha.gr\/de\/wp-json\/wp\/v2\/types\/product"}],"replies":[{"embeddable":true,"href":"https:\/\/www.2ha.gr\/de\/wp-json\/wp\/v2\/comments?post=14307"}],"wp:featuredmedia":[{"embeddable":true,"href":"https:\/\/www.2ha.gr\/de\/wp-json\/wp\/v2\/media\/14218"}],"wp:attachment":[{"href":"https:\/\/www.2ha.gr\/de\/wp-json\/wp\/v2\/media?parent=14307"}],"wp:term":[{"taxonomy":"product_cat","embeddable":true,"href":"https:\/\/www.2ha.gr\/de\/wp-json\/wp\/v2\/product_cat?post=14307"},{"taxonomy":"product_tag","embeddable":true,"href":"https:\/\/www.2ha.gr\/de\/wp-json\/wp\/v2\/product_tag?post=14307"}],"curies":[{"name":"wp","href":"https:\/\/api.w.org\/{rel}","templated":true}]}}