{"id":14311,"date":"2025-09-02T11:16:22","date_gmt":"2025-09-02T08:16:22","guid":{"rendered":"https:\/\/www.2ha.gr\/?post_type=product&#038;p=14311"},"modified":"2025-09-02T11:16:25","modified_gmt":"2025-09-02T08:16:25","slug":"blue-toile-full-apron","status":"publish","type":"product","link":"https:\/\/www.2ha.gr\/de\/product\/blue-toile-full-apron\/","title":{"rendered":"Blue Toile Full Apron"},"content":{"rendered":"<p><\/p>\n<p data-start=\"160\" data-end=\"224\"><em><strong>100% handgefertigt<\/strong><\/em><br data-start=\"176\" data-end=\"179\" \/><em><strong>100% Einzigartig<\/strong><\/em><br data-start=\"192\" data-end=\"195\" \/><em><strong>Hochwertige Profi-Sch\u00fcrze<\/strong><\/em><\/p>\n<ul data-start=\"226\" data-end=\"526\">\n<li data-start=\"226\" data-end=\"298\">\n<p data-start=\"228\" data-end=\"298\"><em><strong>Hochwertiger Stoff mit Toile de Jouy-Muster und Denim-Details<\/strong><\/em><\/p>\n<\/li>\n<li data-start=\"299\" data-end=\"341\">\n<p data-start=\"301\" data-end=\"341\"><em><strong>K\u00fchlendes Futter auf der R\u00fcckseite f\u00fcr mehr Komfort<\/strong><\/em><\/p>\n<\/li>\n<li data-start=\"342\" data-end=\"385\">\n<p data-start=\"344\" data-end=\"385\"><em><strong>Gebogene Tr\u00e4ger f\u00fcr eine perfekte Passform<\/strong><\/em><\/p>\n<\/li>\n<li data-start=\"386\" data-end=\"428\">\n<p data-start=\"388\" data-end=\"428\"><em><strong>Ger\u00e4umige Doppeltasche <\/strong><\/em><\/p>\n<\/li>\n<li data-start=\"429\" data-end=\"488\">\n<p data-start=\"431\" data-end=\"488\"><em><strong>Ideal f\u00fcr Barista, Kellner und Kellnerinnen HORECA Fachleute<\/strong><\/em><\/p>\n<\/li>\n<li data-start=\"489\" data-end=\"526\">\n<p data-start=\"491\" data-end=\"526\"><em><strong>Entworfen und gen\u00e4ht in Griechenland<\/strong><\/em><\/p>\n<\/li>\n<\/ul>\n<p><\/p>","protected":false},"excerpt":{"rendered":"<p data-start=\"160\" data-end=\"224\"><em><strong>100% handgefertigt<\/strong><\/em><br data-start=\"176\" data-end=\"179\" \/><em><strong>100% Einzigartig<\/strong><\/em><br data-start=\"192\" data-end=\"195\" \/><em><strong>Hochwertige Profi-Sch\u00fcrze<\/strong><\/em><\/p>\n<ul data-start=\"226\" data-end=\"526\">\n<li data-start=\"226\" data-end=\"298\">\n<p data-start=\"228\" data-end=\"298\"><em><strong>Hochwertiger Stoff mit Toile de Jouy-Muster und Denim-Details<\/strong><\/em><\/p>\n<\/li>\n<li data-start=\"299\" data-end=\"341\">\n<p data-start=\"301\" data-end=\"341\"><em><strong>K\u00fchlendes Futter auf der R\u00fcckseite f\u00fcr mehr Komfort<\/strong><\/em><\/p>\n<\/li>\n<li data-start=\"342\" data-end=\"385\">\n<p data-start=\"344\" data-end=\"385\"><em><strong>Gebogene Tr\u00e4ger f\u00fcr eine perfekte Passform<\/strong><\/em><\/p>\n<\/li>\n<li data-start=\"386\" data-end=\"428\">\n<p data-start=\"388\" data-end=\"428\"><em><strong>Ger\u00e4umige Doppeltasche <\/strong><\/em><\/p>\n<\/li>\n<li data-start=\"429\" data-end=\"488\">\n<p data-start=\"431\" data-end=\"488\"><em><strong>Ideal f\u00fcr Barista, Kellner und Kellnerinnen HORECA Fachleute<\/strong><\/em><\/p>\n<\/li>\n<li data-start=\"489\" data-end=\"526\">\n<p data-start=\"491\" data-end=\"526\"><em><strong>Entworfen und gen\u00e4ht in Griechenland<\/strong><\/em><\/p>\n<\/li>\n<\/ul>\n","protected":false},"featured_media":14234,"comment_status":"closed","ping_status":"closed","template":"","meta":[],"product_cat":[57,8,11,12,42,73,7,15,17,13,21,14,24],"product_tag":[],"class_list":{"0":"post-14311","1":"product","2":"type-product","3":"status-publish","4":"has-post-thumbnail","6":"product_cat-2024-2025","7":"product_cat-artists","8":"product_cat-barista","9":"product_cat-bartender","10":"product_cat-coffee-lovers","11":"product_cat-stock-aprons-one-of-a-kind","12":"product_cat-hospitality","13":"product_cat-barber-hairdresser","14":"product_cat-nail-artist","15":"product_cat-service","16":"product_cat-chef","17":"product_cat-somelie","18":"product_cat-aprons","20":"first","21":"instock","22":"taxable","23":"shipping-taxable","24":"product-type-simple"},"_links":{"self":[{"href":"https:\/\/www.2ha.gr\/de\/wp-json\/wp\/v2\/product\/14311","targetHints":{"allow":["GET"]}}],"collection":[{"href":"https:\/\/www.2ha.gr\/de\/wp-json\/wp\/v2\/product"}],"about":[{"href":"https:\/\/www.2ha.gr\/de\/wp-json\/wp\/v2\/types\/product"}],"replies":[{"embeddable":true,"href":"https:\/\/www.2ha.gr\/de\/wp-json\/wp\/v2\/comments?post=14311"}],"wp:featuredmedia":[{"embeddable":true,"href":"https:\/\/www.2ha.gr\/de\/wp-json\/wp\/v2\/media\/14234"}],"wp:attachment":[{"href":"https:\/\/www.2ha.gr\/de\/wp-json\/wp\/v2\/media?parent=14311"}],"wp:term":[{"taxonomy":"product_cat","embeddable":true,"href":"https:\/\/www.2ha.gr\/de\/wp-json\/wp\/v2\/product_cat?post=14311"},{"taxonomy":"product_tag","embeddable":true,"href":"https:\/\/www.2ha.gr\/de\/wp-json\/wp\/v2\/product_tag?post=14311"}],"curies":[{"name":"wp","href":"https:\/\/api.w.org\/{rel}","templated":true}]}}