{"id":14419,"date":"2025-09-23T17:48:55","date_gmt":"2025-09-23T14:48:55","guid":{"rendered":"https:\/\/www.2ha.gr\/?post_type=product&#038;p=14419"},"modified":"2025-10-08T16:34:15","modified_gmt":"2025-10-08T13:34:15","slug":"full-brown-vegan-leather","status":"publish","type":"product","link":"https:\/\/www.2ha.gr\/de\/product\/full-brown-vegan-leather\/","title":{"rendered":"Full Brown Vegan Leather"},"content":{"rendered":"<p><\/p>\n<p data-start=\"394\" data-end=\"707\">Die <strong data-start=\"396\" data-end=\"432\">Sch\u00fcrze &#8222;Full Brown Vegan Leather&#8220;<\/strong> ist aus <strong data-start=\"453\" data-end=\"483\">hochwertigem Leder<\/strong> (veganem Leder) gefertigt, das Luxus, Haltbarkeit und \u00f6kologisches Bewusstsein vereint. Ihre wasser- und schmutzabweisende Oberfl\u00e4che macht sie ideal f\u00fcr Barkeeper, Baristas und Gastronomiebetriebe, die einen hochwertigen Look mit Funktionalit\u00e4t verbinden m\u00f6chten.<\/p>\n<p data-start=\"709\" data-end=\"954\">Die R\u00fcckseite ist mit <strong data-start=\"733\" data-end=\"750\">einem k\u00fchlen Futter<\/strong> ausgestattet, das auch bei den anspruchsvollsten Schichten f\u00fcr Komfort sorgt. Mit ihren verstellbaren Tr\u00e4gern und ihrem minimalistischen Design passt sie in jeden professionellen Bereich, von modernen Caf\u00e9s bis hin zu gehobenen Restaurants.<\/p>\n<p data-start=\"247\" data-end=\"342\">Sch\u00fcrze &#8222;Full Brown Vegan Leather&#8220; &#8211; Premium Professional Sch\u00fcrze aus hochwertigem Kunstleder<\/p>\n<p data-start=\"247\" data-end=\"342\"><strong data-start=\"959\" data-end=\"1005\">Veganes Leder (hochwertiges Leder)<\/strong><br data-start=\"1005\" data-end=\"1008\" \/>\u2714\ufe0f <strong data-start=\"1011\" data-end=\"1036\">Wasserdicht &amp; reibfest<\/strong><br data-start=\"1036\" data-end=\"1039\" \/>\u2714\ufe0f <strong data-start=\"1042\" data-end=\"1059\">K\u00fchlendes Innenfutter<\/strong> auf der R\u00fcckseite<br data-start=\"1074\" data-end=\"1077\" \/>\u2714\ufe0f <strong data-start=\"1080\" data-end=\"1106\">Minimalistisches Premium-Design<\/strong> f\u00fcr Barkeeper &amp; Horeca<br data-start=\"1130\" data-end=\"1133\" \/>\u2714\ufe0f Handgefertigt in Griechenland von <strong data-start=\"1168\" data-end=\"1189\">2 Handmade Aprons<\/strong><\/p>\n<p><\/p>","protected":false},"excerpt":{"rendered":"<p data-start=\"394\" data-end=\"707\">Die <strong data-start=\"396\" data-end=\"432\">Sch\u00fcrze &#8222;Full Brown Vegan Leather&#8220;<\/strong> ist aus <strong data-start=\"453\" data-end=\"483\">hochwertigem Leder<\/strong> (veganem Leder) gefertigt, das Luxus, Haltbarkeit und \u00f6kologisches Bewusstsein vereint. Ihre wasser- und schmutzabweisende Oberfl\u00e4che macht sie ideal f\u00fcr Barkeeper, Baristas und Gastronomiebetriebe, die einen hochwertigen Look mit Funktionalit\u00e4t verbinden m\u00f6chten.<\/p>\n<p data-start=\"709\" data-end=\"954\">Die R\u00fcckseite ist mit <strong data-start=\"733\" data-end=\"750\">einem k\u00fchlen Futter<\/strong> ausgestattet, das auch bei den anspruchsvollsten Schichten f\u00fcr Komfort sorgt. Mit ihren verstellbaren Tr\u00e4gern und ihrem minimalistischen Design passt sie in jeden professionellen Bereich, von modernen Caf\u00e9s bis hin zu gehobenen Restaurants.<\/p>\n<p data-start=\"247\" data-end=\"342\">Sch\u00fcrze &#8222;Full Brown Vegan Leather&#8220; &#8211; Premium Professional Sch\u00fcrze aus hochwertigem Kunstleder<\/p>\n<p data-start=\"247\" data-end=\"342\"><strong data-start=\"959\" data-end=\"1005\">Veganes Leder (hochwertiges Leder)<\/strong><br data-start=\"1005\" data-end=\"1008\" \/>\u2714\ufe0f <strong data-start=\"1011\" data-end=\"1036\">Wasserdicht &amp; reibfest<\/strong><br data-start=\"1036\" data-end=\"1039\" \/>\u2714\ufe0f <strong data-start=\"1042\" data-end=\"1059\">K\u00fchlendes Innenfutter<\/strong> auf der R\u00fcckseite<br data-start=\"1074\" data-end=\"1077\" \/>\u2714\ufe0f <strong data-start=\"1080\" data-end=\"1106\">Minimalistisches Premium-Design<\/strong> f\u00fcr Barkeeper &amp; Horeca<br data-start=\"1130\" data-end=\"1133\" \/>\u2714\ufe0f Handgefertigt in Griechenland von <strong data-start=\"1168\" data-end=\"1189\">2 Handmade Aprons<\/strong><\/p>\n","protected":false},"featured_media":14479,"comment_status":"closed","ping_status":"closed","template":"","meta":[],"product_cat":[57,8,11,12,42,73,7,15,17,13,21,14,24],"product_tag":[],"class_list":{"0":"post-14419","1":"product","2":"type-product","3":"status-publish","4":"has-post-thumbnail","6":"product_cat-2024-2025","7":"product_cat-artists","8":"product_cat-barista","9":"product_cat-bartender","10":"product_cat-coffee-lovers","11":"product_cat-stock-aprons-one-of-a-kind","12":"product_cat-hospitality","13":"product_cat-barber-hairdresser","14":"product_cat-nail-artist","15":"product_cat-service","16":"product_cat-chef","17":"product_cat-somelie","18":"product_cat-aprons","20":"first","21":"instock","22":"taxable","23":"shipping-taxable","24":"purchasable","25":"product-type-simple"},"_links":{"self":[{"href":"https:\/\/www.2ha.gr\/de\/wp-json\/wp\/v2\/product\/14419","targetHints":{"allow":["GET"]}}],"collection":[{"href":"https:\/\/www.2ha.gr\/de\/wp-json\/wp\/v2\/product"}],"about":[{"href":"https:\/\/www.2ha.gr\/de\/wp-json\/wp\/v2\/types\/product"}],"replies":[{"embeddable":true,"href":"https:\/\/www.2ha.gr\/de\/wp-json\/wp\/v2\/comments?post=14419"}],"wp:featuredmedia":[{"embeddable":true,"href":"https:\/\/www.2ha.gr\/de\/wp-json\/wp\/v2\/media\/14479"}],"wp:attachment":[{"href":"https:\/\/www.2ha.gr\/de\/wp-json\/wp\/v2\/media?parent=14419"}],"wp:term":[{"taxonomy":"product_cat","embeddable":true,"href":"https:\/\/www.2ha.gr\/de\/wp-json\/wp\/v2\/product_cat?post=14419"},{"taxonomy":"product_tag","embeddable":true,"href":"https:\/\/www.2ha.gr\/de\/wp-json\/wp\/v2\/product_tag?post=14419"}],"curies":[{"name":"wp","href":"https:\/\/api.w.org\/{rel}","templated":true}]}}