{"id":14437,"date":"2025-09-28T23:52:44","date_gmt":"2025-09-28T20:52:44","guid":{"rendered":"https:\/\/www.2ha.gr\/?post_type=product&#038;p=14437"},"modified":"2025-10-08T16:13:17","modified_gmt":"2025-10-08T13:13:17","slug":"skull-roses-apron-reloaded","status":"publish","type":"product","link":"https:\/\/www.2ha.gr\/de\/product\/skull-roses-apron-reloaded\/","title":{"rendered":"Skull &amp; Roses Apron reloaded"},"content":{"rendered":"<p>Sch\u00fcrze Skull &amp; Roses aus strapazierf\u00e4higem Canvas mit individuellem Druck und Details aus veganem Leder. Ideal f\u00fcr Bars, Caf\u00e9s und R\u00e4ume mit einer starken \u00c4sthetik.<\/p>\n<p>Die Sch\u00fcrze Skull &amp; Roses ist ein gewagter Vorschlag mit einem individuellen Aufdruck von Totenk\u00f6pfen und Rosen auf strapazierf\u00e4higem Canvas f\u00fcr Langlebigkeit und erstklassige Textur und damit ideal f\u00fcr alle, die das Besondere lieben.<\/p>\n<p>Mit einem coolen Futter auf der R\u00fcckseite und einer praktischen Tasche bietet sie Komfort und Funktionalit\u00e4t f\u00fcr den Alltag.<\/p>\n<p>\u2714\ufe0f Individuelles Design exklusiv f\u00fcr 2 Handmade Aprons<\/p>\n<p>\u2714\ufe0f Strapazierf\u00e4higes Segeltuch<\/p>\n<p>\u2714\ufe0f Statement-Design f\u00fcr Barista<\/p>\n<p>&amp; Barkeeper<\/p>","protected":false},"excerpt":{"rendered":"<p>Sch\u00fcrze Skull &amp; Roses aus strapazierf\u00e4higem Canvas mit individuellem Druck und Details aus veganem Leder. Ideal f\u00fcr Bars, Caf\u00e9s und R\u00e4ume mit einer starken \u00c4sthetik.<\/p>\n<p>Die Sch\u00fcrze Skull &amp; Roses ist ein gewagter Vorschlag mit einem individuellen Aufdruck von Totenk\u00f6pfen und Rosen auf strapazierf\u00e4higem Canvas, der f\u00fcr Langlebigkeit und erstklassige Textur sorgt.<\/p>\n<p>Mit einem k\u00fchlen Innenfutter auf der R\u00fcckseite und einer praktischen Tasche bietet sie Komfort und Funktionalit\u00e4t f\u00fcr den t\u00e4glichen Gebrauch.<\/p>\n<p>\u2714\ufe0f Individuelles Design exklusiv f\u00fcr 2 handgefertigte Sch\u00fcrzen<\/p>\n<p>\u2714\ufe0f Strapazierf\u00e4higes Segeltuch<\/p>\n<p>\u2714\ufe0f Statement-Design f\u00fcr Barista<\/p>\n<p>&amp; Barkeeper<\/p>\n","protected":false},"featured_media":14465,"comment_status":"closed","ping_status":"closed","template":"","meta":[],"product_cat":[57,8,11,12,73,39,7,13,21,24],"product_tag":[],"class_list":{"0":"post-14437","1":"product","2":"type-product","3":"status-publish","4":"has-post-thumbnail","6":"product_cat-2024-2025","7":"product_cat-artists","8":"product_cat-barista","9":"product_cat-bartender","10":"product_cat-stock-aprons-one-of-a-kind","11":"product_cat-trick-or-treat","12":"product_cat-hospitality","13":"product_cat-service","14":"product_cat-chef","15":"product_cat-aprons","17":"first","18":"instock","19":"taxable","20":"shipping-taxable","21":"purchasable","22":"product-type-simple"},"_links":{"self":[{"href":"https:\/\/www.2ha.gr\/de\/wp-json\/wp\/v2\/product\/14437","targetHints":{"allow":["GET"]}}],"collection":[{"href":"https:\/\/www.2ha.gr\/de\/wp-json\/wp\/v2\/product"}],"about":[{"href":"https:\/\/www.2ha.gr\/de\/wp-json\/wp\/v2\/types\/product"}],"replies":[{"embeddable":true,"href":"https:\/\/www.2ha.gr\/de\/wp-json\/wp\/v2\/comments?post=14437"}],"wp:featuredmedia":[{"embeddable":true,"href":"https:\/\/www.2ha.gr\/de\/wp-json\/wp\/v2\/media\/14465"}],"wp:attachment":[{"href":"https:\/\/www.2ha.gr\/de\/wp-json\/wp\/v2\/media?parent=14437"}],"wp:term":[{"taxonomy":"product_cat","embeddable":true,"href":"https:\/\/www.2ha.gr\/de\/wp-json\/wp\/v2\/product_cat?post=14437"},{"taxonomy":"product_tag","embeddable":true,"href":"https:\/\/www.2ha.gr\/de\/wp-json\/wp\/v2\/product_tag?post=14437"}],"curies":[{"name":"wp","href":"https:\/\/api.w.org\/{rel}","templated":true}]}}