{"id":14440,"date":"2025-09-29T00:41:53","date_gmt":"2025-09-28T21:41:53","guid":{"rendered":"https:\/\/www.2ha.gr\/?post_type=product&#038;p=14440"},"modified":"2025-10-08T16:05:16","modified_gmt":"2025-10-08T13:05:16","slug":"the-tools-apron","status":"publish","type":"product","link":"https:\/\/www.2ha.gr\/de\/product\/the-tools-apron\/","title":{"rendered":"The tools Apron"},"content":{"rendered":"<p>Handgefertigte Green Tools-Sch\u00fcrze mit individuell bedruckten Werkzeugen auf Leinwand und Details aus Naturleder. \u0391<\/p>\n<p>Die Green Tools Sch\u00fcrze kombiniert einen individuellen Werkzeugdruck auf strapazierf\u00e4higem Canvas mit hochwertigen Details aus Naturleder (gr\u00fcner Bereich). Ein ausgewogenes Design, das Charakter und Haltbarkeit f\u00fcr den t\u00e4glichen Gebrauch verleiht.<\/p>\n<p>Mit einem k\u00fchlen Futter auf der R\u00fcckseite bietet sie Komfort f\u00fcr lange Arbeitsstunden, w\u00e4hrend die praktischen Taschen den Unterschied im Alltag ausmachen.<\/p>\n<p>\u2714\ufe0f Ma\u00dfgeschneidertes Design exklusiv f\u00fcr uns<\/p>\n<p>\u2714\ufe0f Naturleder<\/p>\n<p>\u2714\ufe0f Hochfestes Segeltuch<\/p>","protected":false},"excerpt":{"rendered":"<p>Handgefertigte Green Tools-Sch\u00fcrze mit individuell bedruckten Werkzeugen auf Leinwand und Details aus Naturleder. \u0391<\/p>\n<p>Die Green Tools Sch\u00fcrze kombiniert einen individuellen Werkzeugdruck auf strapazierf\u00e4higem Canvas mit hochwertigen Details aus Naturleder (gr\u00fcner Bereich). Ein ausgewogenes Design, das Charakter und Haltbarkeit f\u00fcr den t\u00e4glichen Gebrauch verleiht.<\/p>\n<p>Mit einem k\u00fchlen Futter auf der R\u00fcckseite bietet sie Komfort f\u00fcr lange Arbeitsstunden, w\u00e4hrend die praktischen Taschen den Unterschied im Alltag ausmachen.<\/p>\n<p>\u2714\ufe0f Ma\u00dfgeschneidertes Design exklusiv f\u00fcr uns<\/p>\n<p>\u2714\ufe0f Naturleder<\/p>\n<p>\u2714\ufe0f Hochfestes Segeltuch<\/p>\n","protected":false},"featured_media":14457,"comment_status":"closed","ping_status":"closed","template":"","meta":[],"product_cat":[57,11,12,73,7,24],"product_tag":[],"class_list":{"0":"post-14440","1":"product","2":"type-product","3":"status-publish","4":"has-post-thumbnail","6":"product_cat-2024-2025","7":"product_cat-barista","8":"product_cat-bartender","9":"product_cat-stock-aprons-one-of-a-kind","10":"product_cat-hospitality","11":"product_cat-aprons","13":"first","14":"instock","15":"taxable","16":"shipping-taxable","17":"purchasable","18":"product-type-simple"},"_links":{"self":[{"href":"https:\/\/www.2ha.gr\/de\/wp-json\/wp\/v2\/product\/14440","targetHints":{"allow":["GET"]}}],"collection":[{"href":"https:\/\/www.2ha.gr\/de\/wp-json\/wp\/v2\/product"}],"about":[{"href":"https:\/\/www.2ha.gr\/de\/wp-json\/wp\/v2\/types\/product"}],"replies":[{"embeddable":true,"href":"https:\/\/www.2ha.gr\/de\/wp-json\/wp\/v2\/comments?post=14440"}],"wp:featuredmedia":[{"embeddable":true,"href":"https:\/\/www.2ha.gr\/de\/wp-json\/wp\/v2\/media\/14457"}],"wp:attachment":[{"href":"https:\/\/www.2ha.gr\/de\/wp-json\/wp\/v2\/media?parent=14440"}],"wp:term":[{"taxonomy":"product_cat","embeddable":true,"href":"https:\/\/www.2ha.gr\/de\/wp-json\/wp\/v2\/product_cat?post=14440"},{"taxonomy":"product_tag","embeddable":true,"href":"https:\/\/www.2ha.gr\/de\/wp-json\/wp\/v2\/product_tag?post=14440"}],"curies":[{"name":"wp","href":"https:\/\/api.w.org\/{rel}","templated":true}]}}