{"id":14503,"date":"2025-10-19T10:36:44","date_gmt":"2025-10-19T07:36:44","guid":{"rendered":"https:\/\/www.2ha.gr\/?post_type=product&#038;p=14503"},"modified":"2025-11-04T16:09:16","modified_gmt":"2025-11-04T14:09:16","slug":"overshirt-%ce%ba%ce%b1%ce%bc%ce%b7%ce%bb%cf%8c-denim-2ha-professionals","status":"publish","type":"product","link":"https:\/\/www.2ha.gr\/de\/product\/overshirt-%ce%ba%ce%b1%ce%bc%ce%b7%ce%bb%cf%8c-denim-2ha-professionals\/","title":{"rendered":"Overshirt \u039a\u03b1\u03bc\u03b7\u03bb\u03cc Denim \u2013 2HA Professionals"},"content":{"rendered":"<p>Camel Denim \u00dcberhemd &#8211; 2HA Professional<br \/>\nProfessionelles \u00dcberhemd im Stil einer Freizeitjacke aus speziell behandeltem Denim-Stoff.<\/p>\n<p>Ideal f\u00fcr alle, die Komfort, Stil und Strapazierf\u00e4higkeit in einem Kleidungsst\u00fcck suchen, das vom Arbeitsplatz in den Alltag \u00fcbergeht.<\/p>\n<p>Merkmale:<\/p>\n<p>Denim-Stoff mit Spezialbehandlung.<\/p>\n<p>Normale Passform, mit dezenter Passform an den Schultern.<\/p>\n<p>Gro\u00dfe Brusttasche mit Deckel.<\/p>\n<p>Druckkn\u00f6pfe auf der Vorderseite.<\/p>\n<p>Interne N\u00e4hte mit &#8222;2HA&#8220;-Verarbeitung.<\/p>\n<p>Unisex-Design &#8211; perfekt f\u00fcr Service, Barista oder Freizeitpersonal.<\/p>\n<p>Zusammensetzung: Denim mit Spezialbehandlung<br \/>\nFarbe: Camel.<br \/>\nKategorie: 2HA Professionals &#8211; Work &amp; Street Wear.<\/p>","protected":false},"excerpt":{"rendered":"<p>Camel Denim \u00dcberhemd &#8211; 2HA Professionals<br \/>\nProfessionelles \u00dcberhemd mit legerem Jackenstil aus speziell behandeltem Denim-Stoff.<br \/>\nIdeal f\u00fcr alle, die Komfort, Stil und Strapazierf\u00e4higkeit in einem Kleidungsst\u00fcck suchen, das vom Arbeitsplatz in den Alltag \u00fcbergeht.<\/p>\n<p>Speziell behandelter Denim-Stoff.<\/p>\n<p>Normale Passform, mit dezentem Sitz an den Schultern<\/p>\n<p>Unisex-Design &#8211; ideal f\u00fcr Service, Barista oder Freizeitpersonal.<\/p>\n","protected":false},"featured_media":14731,"comment_status":"closed","ping_status":"closed","template":"","meta":[],"product_cat":[25],"product_tag":[],"class_list":{"0":"post-14503","1":"product","2":"type-product","3":"status-publish","4":"has-post-thumbnail","6":"product_cat-little-2ha","8":"first","9":"instock","10":"taxable","11":"shipping-taxable","12":"purchasable","13":"product-type-variable"},"_links":{"self":[{"href":"https:\/\/www.2ha.gr\/de\/wp-json\/wp\/v2\/product\/14503","targetHints":{"allow":["GET"]}}],"collection":[{"href":"https:\/\/www.2ha.gr\/de\/wp-json\/wp\/v2\/product"}],"about":[{"href":"https:\/\/www.2ha.gr\/de\/wp-json\/wp\/v2\/types\/product"}],"replies":[{"embeddable":true,"href":"https:\/\/www.2ha.gr\/de\/wp-json\/wp\/v2\/comments?post=14503"}],"wp:featuredmedia":[{"embeddable":true,"href":"https:\/\/www.2ha.gr\/de\/wp-json\/wp\/v2\/media\/14731"}],"wp:attachment":[{"href":"https:\/\/www.2ha.gr\/de\/wp-json\/wp\/v2\/media?parent=14503"}],"wp:term":[{"taxonomy":"product_cat","embeddable":true,"href":"https:\/\/www.2ha.gr\/de\/wp-json\/wp\/v2\/product_cat?post=14503"},{"taxonomy":"product_tag","embeddable":true,"href":"https:\/\/www.2ha.gr\/de\/wp-json\/wp\/v2\/product_tag?post=14503"}],"curies":[{"name":"wp","href":"https:\/\/api.w.org\/{rel}","templated":true}]}}