{"id":14535,"date":"2025-10-20T12:24:13","date_gmt":"2025-10-20T09:24:13","guid":{"rendered":"https:\/\/www.2ha.gr\/?post_type=product&#038;p=14535"},"modified":"2025-11-04T16:12:37","modified_gmt":"2025-11-04T14:12:37","slug":"kimono-%ce%bc%ce%b1%cf%8d%cf%81%ce%bf-%ce%bc%ce%b5-%ce%b5%ce%bc%cf%80%cf%81%ce%b9%ce%bc%ce%ad-%cf%84%ce%b5%ce%bb%ce%b5%ce%b9%cf%8e%ce%bc%ce%b1%cf%84%ce%b1-2ha-professionals","status":"publish","type":"product","link":"https:\/\/www.2ha.gr\/de\/product\/kimono-%ce%bc%ce%b1%cf%8d%cf%81%ce%bf-%ce%bc%ce%b5-%ce%b5%ce%bc%cf%80%cf%81%ce%b9%ce%bc%ce%ad-%cf%84%ce%b5%ce%bb%ce%b5%ce%b9%cf%8e%ce%bc%ce%b1%cf%84%ce%b1-2ha-professionals\/","title":{"rendered":"Kimono \u039c\u03b1\u03cd\u03c1\u03bf \u03bc\u03b5 \u0395\u03bc\u03c0\u03c1\u03b9\u03bc\u03ad \u03a4\u03b5\u03bb\u03b5\u03b9\u03ce\u03bc\u03b1\u03c4\u03b1 \u2013 2HA Professionals"},"content":{"rendered":"<p><\/p>\n<p data-start=\"445\" data-end=\"887\">Der <strong data-start=\"448\" data-end=\"486\">Kimono Schwarz mit Stickereien<\/strong> ist als <strong data-start=\"508\" data-end=\"529\">Einheitsgr\u00f6\u00dfe und Unisex<\/strong> konzipiert und passt sich allen K\u00f6rpertypen wunderbar an. Die <strong data-start=\"582\" data-end=\"600\">weiche Viskose<\/strong> bietet ein k\u00fchles Gef\u00fchl und einen flie\u00dfenden Fall, w\u00e4hrend die <strong data-start=\"652\" data-end=\"668\">bedruckte R\u00fcsche<\/strong>, der <strong data-start=\"672\" data-end=\"680\">G\u00fcrtel<\/strong> und die <strong data-start=\"688\" data-end=\"712\">zwei ger\u00e4umigen Taschen<\/strong> f\u00fcr einen sauberen, professionellen Look sorgen. Perfekt f\u00fcr die Bereiche <strong data-start=\"760\" data-end=\"799\">\u00c4sthetik, Spa, Wellness, Rezeption<\/strong> und Concept Retail.<br data-start=\"819\" data-end=\"822\" \/><em data-start=\"822\" data-end=\"887\">Hergestellt in Griechenland von 2 Handmade Aprons &#8211; Personalisierung m\u00f6glich.<\/em><\/p>\n<h2 data-start=\"889\" data-end=\"906\">Merkmale<\/h2>\n<ul data-start=\"907\" data-end=\"1187\">\n<li data-start=\"907\" data-end=\"986\">\n<p data-start=\"909\" data-end=\"986\"><strong data-start=\"909\" data-end=\"922\">Passform:<\/strong> unisex &#8211; <strong data-start=\"932\" data-end=\"944\">Einheitsgr\u00f6\u00dfe<\/strong> (verstellbarer G\u00fcrtel, bequemer Kimono\u00e4rmel)<\/p>\n<\/li>\n<li data-start=\"987\" data-end=\"1053\">\n<p data-start=\"989\" data-end=\"1053\"><strong data-start=\"989\" data-end=\"1000\">Stoff:<\/strong> Viskose (oder Viskosemischung), weicher Griff, flie\u00dfender Faltenwurf<\/p>\n<\/li>\n<li data-start=\"1054\" data-end=\"1121\">\n<p data-start=\"1056\" data-end=\"1121\"><strong data-start=\"1056\" data-end=\"1073\">Details:<\/strong> Bestickte R\u00fcsche\/Patch, G\u00fcrtel, 2 gro\u00dfe Taschen<\/p>\n<\/li>\n<li data-start=\"1122\" data-end=\"1149\">\n<p data-start=\"1124\" data-end=\"1149\"><strong data-start=\"1124\" data-end=\"1134\">L\u00e4nge:<\/strong> an den H\u00fcften<\/p>\n<\/li>\n<li data-start=\"1150\" data-end=\"1187\">\n<p data-start=\"1152\" data-end=\"1187\"><strong data-start=\"1152\" data-end=\"1166\">Hergestellt<\/strong> in Griechenland &#8211; 2HA<\/p>\n<\/li>\n<\/ul>\n<h2 data-start=\"1189\" data-end=\"1210\">Komposition &amp; Zusammensetzung Pflege<\/h2>\n<ul data-start=\"1211\" data-end=\"1447\">\n<li data-start=\"1211\" data-end=\"1271\">\n<p data-start=\"1213\" data-end=\"1271\"><strong data-start=\"1213\" data-end=\"1225\">Waschen:<\/strong> 30\u00b0C, Schonwaschgang\/Handw\u00e4sche, auf den Kopf gestellt<\/p>\n<\/li>\n<li data-start=\"1272\" data-end=\"1326\">\n<p data-start=\"1274\" data-end=\"1326\"><strong data-start=\"1274\" data-end=\"1287\">Trocknen:<\/strong> Auf B\u00fcgel, im Schatten (nicht im W\u00e4schetrockner)<\/p>\n<\/li>\n<li data-start=\"1327\" data-end=\"1379\">\n<p data-start=\"1329\" data-end=\"1379\"><strong data-start=\"1329\" data-end=\"1342\">B\u00fcgeln:<\/strong> Niedrige-mittlere Temperatur, Dampf<\/p>\n<\/li>\n<li data-start=\"1380\" data-end=\"1447\">\n<p data-start=\"1382\" data-end=\"1447\"><strong data-start=\"1382\" data-end=\"1395\">Hinweis:<\/strong> Normale m\u00f6gliche Abweichung ~2-4% bei der ersten W\u00e4sche<\/p>\n<\/li>\n<\/ul>\n<h2 data-start=\"1449\" data-end=\"1479\">Kontakt \/ Sonderfarben<\/h2>\n<p data-start=\"1480\" data-end=\"1577\"><strong data-start=\"1480\" data-end=\"1542\">Bitte kontaktieren Sie uns f\u00fcr andere Farbkombinationen:<\/strong><br data-start=\"1542\" data-end=\"1545\" \/><strong data-start=\"1545\" data-end=\"1559\">2431302841<\/strong> &amp; <strong data-start=\"1562\" data-end=\"1577\"><a class=\"decorated-link cursor-pointer\" rel=\"noopener\" data-start=\"1564\" data-end=\"1575\">info@2ha.gr<\/a><\/strong><\/p>\n<p><\/p>","protected":false},"excerpt":{"rendered":"<p style=\"text-align: left\">Bequemer <strong data-start=\"237\" data-end=\"257\">Unisex-Kimono in Einheitsgr\u00f6\u00dfe<\/strong> aus Viskose mit bedruckter R\u00fcsche, G\u00fcrtel und gro\u00dfen Taschen. Passt sich dank des flie\u00dfenden Falls und der verstellbaren Taille <strong data-start=\"329\" data-end=\"357\">perfekt an jeden K\u00f6rpertyp<\/strong> an.<\/p>\n<p><strong data-start=\"1480\" data-end=\"1542\">Kontaktieren Sie uns f\u00fcr andere Farbkombinationen:<\/strong><br data-start=\"1542\" data-end=\"1545\" \/><strong data-start=\"1545\" data-end=\"1559\">2431302841<\/strong> &amp; <strong data-start=\"1562\" data-end=\"1577\"><a class=\"decorated-link cursor-pointer\" rel=\"noopener\" data-start=\"1564\" data-end=\"1575\">info@2ha.gr<\/a><\/strong><\/p>\n","protected":false},"featured_media":14767,"comment_status":"closed","ping_status":"closed","template":"","meta":[],"product_cat":[25],"product_tag":[],"class_list":{"0":"post-14535","1":"product","2":"type-product","3":"status-publish","4":"has-post-thumbnail","6":"product_cat-little-2ha","8":"first","9":"instock","10":"taxable","11":"shipping-taxable","12":"purchasable","13":"product-type-simple"},"_links":{"self":[{"href":"https:\/\/www.2ha.gr\/de\/wp-json\/wp\/v2\/product\/14535","targetHints":{"allow":["GET"]}}],"collection":[{"href":"https:\/\/www.2ha.gr\/de\/wp-json\/wp\/v2\/product"}],"about":[{"href":"https:\/\/www.2ha.gr\/de\/wp-json\/wp\/v2\/types\/product"}],"replies":[{"embeddable":true,"href":"https:\/\/www.2ha.gr\/de\/wp-json\/wp\/v2\/comments?post=14535"}],"wp:featuredmedia":[{"embeddable":true,"href":"https:\/\/www.2ha.gr\/de\/wp-json\/wp\/v2\/media\/14767"}],"wp:attachment":[{"href":"https:\/\/www.2ha.gr\/de\/wp-json\/wp\/v2\/media?parent=14535"}],"wp:term":[{"taxonomy":"product_cat","embeddable":true,"href":"https:\/\/www.2ha.gr\/de\/wp-json\/wp\/v2\/product_cat?post=14535"},{"taxonomy":"product_tag","embeddable":true,"href":"https:\/\/www.2ha.gr\/de\/wp-json\/wp\/v2\/product_tag?post=14535"}],"curies":[{"name":"wp","href":"https:\/\/api.w.org\/{rel}","templated":true}]}}