{"id":14566,"date":"2025-10-22T09:43:37","date_gmt":"2025-10-22T06:43:37","guid":{"rendered":"https:\/\/www.2ha.gr\/?post_type=product&#038;p=14566"},"modified":"2025-10-22T09:43:40","modified_gmt":"2025-10-22T06:43:40","slug":"artemis-apron","status":"publish","type":"product","link":"https:\/\/www.2ha.gr\/de\/product\/artemis-apron\/","title":{"rendered":"Artemis Apron"},"content":{"rendered":"<p><\/p>\n<p data-start=\"290\" data-end=\"683\">Die <strong data-start=\"309\" data-end=\"326\">Sch\u00fcrze Artemis<\/strong> verbindet zeitlose Eleganz mit absoluter Professionalit\u00e4t.<br data-start=\"391\" data-end=\"394\" \/>Das schwarz-wei\u00dfe geometrische Muster auf dem hochverdichteten Stoff bietet einen unverwechselbaren Charakter, w\u00e4hrend die schwarzen Details an den Kanten und Taschen der Sch\u00fcrze eine klare, moderne Note verleihen.<br data-start=\"570\" data-end=\"573\" \/>Sie ist ideal f\u00fcr Restaurants, Bars oder Werkst\u00e4tten, die eine Sch\u00fcrze mit Charakter und nahtloser Passform suchen.<\/p>\n<p data-start=\"685\" data-end=\"832\">Die in Griechenland handgen\u00e4hte Artemis-Sch\u00fcrze zeichnet sich durch ihre hochwertigen N\u00e4hte, ihre durchdachte \u00c4sthetik und ihren lang anhaltenden Tragekomfort aus.<\/p>\n<p><\/p>","protected":false},"excerpt":{"rendered":"<ul>\n<li data-start=\"856\" data-end=\"904\">\n<p data-start=\"858\" data-end=\"904\">Hochwertiger Stoff mit geometrischem Muster<\/p>\n<\/li>\n<li data-start=\"905\" data-end=\"940\">\n<p data-start=\"907\" data-end=\"940\">Weiche Textur und einfache Pflege<\/p>\n<\/li>\n<li data-start=\"941\" data-end=\"970\">\n<p data-start=\"943\" data-end=\"970\">Verstellbare Schultergurte<\/p>\n<\/li>\n<li data-start=\"971\" data-end=\"1013\">\n<p data-start=\"973\" data-end=\"1013\">Doppelte Taschen f\u00fcr maximale Praktikabilit\u00e4t<\/p>\n<\/li>\n<li data-start=\"1014\" data-end=\"1048\">\n<p data-start=\"1016\" data-end=\"1048\">Handgefertigte griechische Konstruktion<\/p>\n<p data-start=\"290\" data-end=\"683\">Die <strong data-start=\"309\" data-end=\"326\">Artemis-Sch\u00fcrze<\/strong> verbindet zeitlose Eleganz mit h\u00f6chster Professionalit\u00e4t.<br data-start=\"391\" data-end=\"394\" \/>Das schwarz-wei\u00dfe geometrische Muster auf dem hochverdichteten Stoff verleiht ihr einen unverwechselbaren Charakter, w\u00e4hrend die schwarzen Details an den R\u00e4ndern und Taschen ihr eine klare, moderne Note verleihen.<br data-start=\"570\" data-end=\"573\" \/>Sie ist ideal f\u00fcr Restaurants, Bars oder Werkst\u00e4tten, die eine Sch\u00fcrze mit Charakter und nahtloser Passform suchen.<\/p>\n<p data-start=\"685\" data-end=\"832\">Die in Griechenland handgen\u00e4hte Artemis-Sch\u00fcrze zeichnet sich durch ihre hochwertigen N\u00e4hte, ihre durchdachte \u00c4sthetik und ihren lang anhaltenden Tragekomfort aus.<\/p>\n<p data-start=\"834\" data-end=\"855\">\n<p data-start=\"1016\" data-end=\"1048\">\n<\/li>\n<\/ul>\n","protected":false},"featured_media":14554,"comment_status":"closed","ping_status":"closed","template":"","meta":[],"product_cat":[57,11,12,73,7,13,24],"product_tag":[],"class_list":{"0":"post-14566","1":"product","2":"type-product","3":"status-publish","4":"has-post-thumbnail","6":"product_cat-2024-2025","7":"product_cat-barista","8":"product_cat-bartender","9":"product_cat-stock-aprons-one-of-a-kind","10":"product_cat-hospitality","11":"product_cat-service","12":"product_cat-aprons","14":"first","15":"instock","16":"taxable","17":"shipping-taxable","18":"purchasable","19":"product-type-simple"},"_links":{"self":[{"href":"https:\/\/www.2ha.gr\/de\/wp-json\/wp\/v2\/product\/14566","targetHints":{"allow":["GET"]}}],"collection":[{"href":"https:\/\/www.2ha.gr\/de\/wp-json\/wp\/v2\/product"}],"about":[{"href":"https:\/\/www.2ha.gr\/de\/wp-json\/wp\/v2\/types\/product"}],"replies":[{"embeddable":true,"href":"https:\/\/www.2ha.gr\/de\/wp-json\/wp\/v2\/comments?post=14566"}],"wp:featuredmedia":[{"embeddable":true,"href":"https:\/\/www.2ha.gr\/de\/wp-json\/wp\/v2\/media\/14554"}],"wp:attachment":[{"href":"https:\/\/www.2ha.gr\/de\/wp-json\/wp\/v2\/media?parent=14566"}],"wp:term":[{"taxonomy":"product_cat","embeddable":true,"href":"https:\/\/www.2ha.gr\/de\/wp-json\/wp\/v2\/product_cat?post=14566"},{"taxonomy":"product_tag","embeddable":true,"href":"https:\/\/www.2ha.gr\/de\/wp-json\/wp\/v2\/product_tag?post=14566"}],"curies":[{"name":"wp","href":"https:\/\/api.w.org\/{rel}","templated":true}]}}