{"id":14584,"date":"2025-10-22T11:52:11","date_gmt":"2025-10-22T08:52:11","guid":{"rendered":"https:\/\/www.2ha.gr\/?post_type=product&#038;p=14584"},"modified":"2025-10-22T11:52:31","modified_gmt":"2025-10-22T08:52:31","slug":"skull-roses-shirt","status":"publish","type":"product","link":"https:\/\/www.2ha.gr\/de\/product\/skull-roses-shirt\/","title":{"rendered":"Skull &amp; Roses Shirt"},"content":{"rendered":"<p><\/p>\n<p data-start=\"270\" data-end=\"711\"><strong><em>Das Skull &amp; Roses Shirt ist ein Statement-St\u00fcck, das Kunst und Mode vereint.<\/em><\/strong><br data-start=\"377\" data-end=\"380\" \/><strong><em>Es vereint das monochrome Khaki mit dem auff\u00e4lligen, ma\u00dfgeschneiderten Stoff, auf dem Totenk\u00f6pfe und Rosen im Barockstil abgebildet sind.<\/em><\/strong><br data-start=\"536\" data-end=\"539\" \/><strong><em>Der asymmetrische Schnitt schafft einen dynamischen Kontrast und bietet einen professionellen Look mit starker Pers\u00f6nlichkeit &#8211; perfekt f\u00fcr die Bar, das Restaurant oder kreative Workshops.<\/em><\/strong><\/p>\n<p data-start=\"713\" data-end=\"849\"><strong><em>Das Hemd wird in unserer Werkstatt in Trikala gen\u00e4ht, mit der Liebe zum Detail, die jedes Kleidungsst\u00fcck von 2 Handmade Aprons auszeichnet.<\/em><\/strong><\/p>\n<p data-start=\"851\" data-end=\"872\"><strong><em>Merkmale:<\/em><\/strong><\/p>\n<ul data-start=\"873\" data-end=\"1105\">\n<li data-start=\"922\" data-end=\"975\">\n<p data-start=\"924\" data-end=\"975\"><strong><em>Individueller Stoff mit Totenkopf- und Rosendesign<\/em><\/strong><\/p>\n<\/li>\n<li data-start=\"976\" data-end=\"1024\">\n<p data-start=\"978\" data-end=\"1024\"><strong><em>Asymmetrisches Design f\u00fcr eine einzigartige \u00c4sthetik<\/em><\/strong><\/p>\n<\/li>\n<li data-start=\"1025\" data-end=\"1070\">\n<p data-start=\"1027\" data-end=\"1070\"><strong><em>Bequeme Passform, ideal f\u00fcr stundenlanges Tragen<\/em><\/strong><\/p>\n<\/li>\n<li data-start=\"1071\" data-end=\"1105\">\n<p data-start=\"1073\" data-end=\"1105\"><strong><em>Handgefertigte griechische Konstruktion<\/em><\/strong><\/p>\n<\/li>\n<\/ul>\n<p><\/p>","protected":false},"excerpt":{"rendered":"<p data-start=\"270\" data-end=\"711\"><strong><em>Das Skull &amp; Roses Shirt ist ein Statement-St\u00fcck, das Kunst und Mode vereint.<\/em><\/strong><br data-start=\"377\" data-end=\"380\" \/><strong><em>Es vereint das monochrome Khaki mit dem auff\u00e4lligen, ma\u00dfgeschneiderten Stoff, auf dem Totenk\u00f6pfe und Rosen im Barockstil abgebildet sind.<\/em><\/strong><br data-start=\"536\" data-end=\"539\" \/><strong><em>Der asymmetrische Schnitt schafft einen dynamischen Kontrast und bietet einen professionellen Look mit einer starken Pers\u00f6nlichkeit &#8211; perfekt f\u00fcr die Bar, das Restaurant oder kreative Workshops.<\/em><\/strong><\/p>\n<p data-start=\"713\" data-end=\"849\"><strong><em>Das Hemd wird in unserer Werkstatt in Trikala gen\u00e4ht, mit der Liebe zum Detail, die jedes Kleidungsst\u00fcck von 2 Handmade Aprons auszeichnet.<\/em><\/strong><\/p>\n<p data-start=\"851\" data-end=\"872\"><strong><em>Merkmale:<\/em><\/strong><\/p>\n<ul data-start=\"873\" data-end=\"1105\">\n<li data-start=\"922\" data-end=\"975\">\n<p data-start=\"924\" data-end=\"975\"><strong><em>Individueller Stoff mit Totenkopf- und Rosendesign<\/em><\/strong><\/p>\n<\/li>\n<li data-start=\"976\" data-end=\"1024\">\n<p data-start=\"978\" data-end=\"1024\"><strong><em>Asymmetrisches Design f\u00fcr eine einzigartige \u00c4sthetik<\/em><\/strong><\/p>\n<\/li>\n<li data-start=\"1025\" data-end=\"1070\">\n<p data-start=\"1027\" data-end=\"1070\"><strong><em>Bequeme Passform, ideal f\u00fcr stundenlanges Tragen<\/em><\/strong><\/p>\n<\/li>\n<li data-start=\"1071\" data-end=\"1105\">\n<p data-start=\"1073\" data-end=\"1105\"><strong><em>Handgefertigte griechische Konstruktion<\/em><\/strong><\/p>\n<\/li>\n<\/ul>\n","protected":false},"featured_media":14585,"comment_status":"closed","ping_status":"closed","template":"","meta":[],"product_cat":[25],"product_tag":[],"class_list":{"0":"post-14584","1":"product","2":"type-product","3":"status-publish","4":"has-post-thumbnail","6":"product_cat-little-2ha","8":"first","9":"instock","10":"taxable","11":"shipping-taxable","12":"purchasable","13":"product-type-variable"},"_links":{"self":[{"href":"https:\/\/www.2ha.gr\/de\/wp-json\/wp\/v2\/product\/14584","targetHints":{"allow":["GET"]}}],"collection":[{"href":"https:\/\/www.2ha.gr\/de\/wp-json\/wp\/v2\/product"}],"about":[{"href":"https:\/\/www.2ha.gr\/de\/wp-json\/wp\/v2\/types\/product"}],"replies":[{"embeddable":true,"href":"https:\/\/www.2ha.gr\/de\/wp-json\/wp\/v2\/comments?post=14584"}],"wp:featuredmedia":[{"embeddable":true,"href":"https:\/\/www.2ha.gr\/de\/wp-json\/wp\/v2\/media\/14585"}],"wp:attachment":[{"href":"https:\/\/www.2ha.gr\/de\/wp-json\/wp\/v2\/media?parent=14584"}],"wp:term":[{"taxonomy":"product_cat","embeddable":true,"href":"https:\/\/www.2ha.gr\/de\/wp-json\/wp\/v2\/product_cat?post=14584"},{"taxonomy":"product_tag","embeddable":true,"href":"https:\/\/www.2ha.gr\/de\/wp-json\/wp\/v2\/product_tag?post=14584"}],"curies":[{"name":"wp","href":"https:\/\/api.w.org\/{rel}","templated":true}]}}