{"id":14620,"date":"2025-10-22T16:57:11","date_gmt":"2025-10-22T13:57:11","guid":{"rendered":"https:\/\/www.2ha.gr\/?post_type=product&#038;p=14620"},"modified":"2025-10-22T16:57:15","modified_gmt":"2025-10-22T13:57:15","slug":"%e2%9a%ab-midnight-splash-apron","status":"publish","type":"product","link":"https:\/\/www.2ha.gr\/de\/product\/%e2%9a%ab-midnight-splash-apron\/","title":{"rendered":"\u26ab Midnight Splash Apron"},"content":{"rendered":"<p><\/p>\n<p data-start=\"410\" data-end=\"975\"><strong><em>Die Midnight Splash Sch\u00fcrze ist eine moderne, leicht zu tragende Sch\u00fcrze mit k\u00fcnstlerischem Charakter.<\/em><\/strong><br data-start=\"520\" data-end=\"523\" \/><strong><em>Der tiefschwarze Stoff mit einem Spritzmuster in Kupfert\u00f6nen sorgt f\u00fcr einen einzigartigen visuellen Effekt, w\u00e4hrend das Fehlen von Metallelementen die Sch\u00fcrze ideal f\u00fcr die t\u00e4gliche Maschinenw\u00e4sche macht.<\/em><\/strong><br data-start=\"741\" data-end=\"744\" \/><strong><em>Der Stoff ist strapazierf\u00e4hig und bietet Komfort und Langlebigkeit im professionellen Einsatz.<\/em><\/strong><br data-start=\"855\" data-end=\"858\" \/><strong><em>Das k\u00fchle Innenfutter aus Baumwolle h\u00e4lt die Sch\u00fcrze auch nach langen Arbeitsstunden leicht und k\u00fchl.<\/em><\/strong><\/p>\n<p data-start=\"977\" data-end=\"1082\"><strong><em>Ideal f\u00fcr Barista, K\u00f6che, Barkeeper oder kreative Berufe mit Anspr\u00fcchen an Stil und Komfort.<\/em><\/strong><\/p>\n<p data-start=\"1084\" data-end=\"1105\"><strong><em>Merkmale:<\/em><\/strong><\/p>\n<ul data-start=\"1106\" data-end=\"1355\">\n<li data-start=\"1106\" data-end=\"1163\">\n<p data-start=\"1108\" data-end=\"1163\"><strong><em>Schwarzer Stoff mit Spritzmuster in Kupfert\u00f6nen<\/em><\/strong><\/p>\n<\/li>\n<li data-start=\"1199\" data-end=\"1226\">\n<p data-start=\"1201\" data-end=\"1226\"><strong><em>Zwei funktionelle Taschen<\/em><\/strong><\/p>\n<\/li>\n<li data-start=\"1227\" data-end=\"1281\">\n<p data-start=\"1229\" data-end=\"1281\"><strong><em>Zwei Metallelemente &#8211; maschinenwaschbar<\/em><\/strong><\/p>\n<\/li>\n<li data-start=\"1282\" data-end=\"1320\">\n<p data-start=\"1284\" data-end=\"1320\"><strong><em>Keine metallischen Elemente<\/em><\/strong><\/p>\n<\/li>\n<li data-start=\"1321\" data-end=\"1355\">\n<p data-start=\"1323\" data-end=\"1355\"><strong><em>Handgefertigte griechische Konstruktion<\/em><\/strong><\/p>\n<\/li>\n<\/ul>\n<p><\/p>","protected":false},"excerpt":{"rendered":"<p data-start=\"410\" data-end=\"975\"><strong><em>Die Midnight Splash Sch\u00fcrze ist eine moderne, leicht zu tragende Sch\u00fcrze mit k\u00fcnstlerischem Charakter.<\/em><\/strong><br data-start=\"520\" data-end=\"523\" \/><strong><em>Der tiefschwarze Stoff mit einem Spritzmuster in Kupfert\u00f6nen sorgt f\u00fcr einen einzigartigen visuellen Effekt, w\u00e4hrend das Fehlen von Metallelementen die Sch\u00fcrze ideal f\u00fcr die t\u00e4gliche Maschinenw\u00e4sche macht.<\/em><\/strong><br data-start=\"741\" data-end=\"744\" \/><strong><em>Der Stoff ist strapazierf\u00e4hig und bietet Komfort und Langlebigkeit im professionellen Einsatz.<\/em><\/strong><br data-start=\"855\" data-end=\"858\" \/><strong><em>Das k\u00fchle Innenfutter aus Baumwolle h\u00e4lt die Sch\u00fcrze auch nach langen Arbeitsstunden leicht und k\u00fchl.<\/em><\/strong><\/p>\n<p data-start=\"977\" data-end=\"1082\"><strong><em>Ideal f\u00fcr Barista, K\u00f6che, Barkeeper oder kreative Berufe mit Anspr\u00fcchen an Stil und Komfort.<\/em><\/strong><\/p>\n<p data-start=\"1084\" data-end=\"1105\"><strong><em>Merkmale:<\/em><\/strong><\/p>\n<ul data-start=\"1106\" data-end=\"1355\">\n<li data-start=\"1106\" data-end=\"1163\">\n<p data-start=\"1108\" data-end=\"1163\"><strong><em>Schwarzer Stoff mit Spritzmuster in Kupfert\u00f6nen<\/em><\/strong><\/p>\n<\/li>\n<li data-start=\"1199\" data-end=\"1226\">\n<p data-start=\"1201\" data-end=\"1226\"><strong><em>Zwei funktionelle Taschen<\/em><\/strong><\/p>\n<\/li>\n<li data-start=\"1227\" data-end=\"1281\">\n<p data-start=\"1229\" data-end=\"1281\"><strong><em>Zwei Metallelemente &#8211; maschinenwaschbar<\/em><\/strong><\/p>\n<\/li>\n<li data-start=\"1282\" data-end=\"1320\">\n<p data-start=\"1284\" data-end=\"1320\"><strong><em>Keine metallischen Elemente<\/em><\/strong><\/p>\n<\/li>\n<li data-start=\"1321\" data-end=\"1355\">\n<p data-start=\"1323\" data-end=\"1355\"><strong><em>Handgefertigte griechische Konstruktion<\/em><\/strong><\/p>\n<\/li>\n<\/ul>\n","protected":false},"featured_media":14622,"comment_status":"closed","ping_status":"closed","template":"","meta":[],"product_cat":[57,8,11,12,73,40,7,15,17,13,21,24],"product_tag":[],"class_list":{"0":"post-14620","1":"product","2":"type-product","3":"status-publish","4":"has-post-thumbnail","6":"product_cat-2024-2025","7":"product_cat-artists","8":"product_cat-barista","9":"product_cat-bartender","10":"product_cat-stock-aprons-one-of-a-kind","11":"product_cat-40","12":"product_cat-hospitality","13":"product_cat-barber-hairdresser","14":"product_cat-nail-artist","15":"product_cat-service","16":"product_cat-chef","17":"product_cat-aprons","19":"first","20":"instock","21":"sale","22":"taxable","23":"shipping-taxable","24":"purchasable","25":"product-type-simple"},"_links":{"self":[{"href":"https:\/\/www.2ha.gr\/de\/wp-json\/wp\/v2\/product\/14620","targetHints":{"allow":["GET"]}}],"collection":[{"href":"https:\/\/www.2ha.gr\/de\/wp-json\/wp\/v2\/product"}],"about":[{"href":"https:\/\/www.2ha.gr\/de\/wp-json\/wp\/v2\/types\/product"}],"replies":[{"embeddable":true,"href":"https:\/\/www.2ha.gr\/de\/wp-json\/wp\/v2\/comments?post=14620"}],"wp:featuredmedia":[{"embeddable":true,"href":"https:\/\/www.2ha.gr\/de\/wp-json\/wp\/v2\/media\/14622"}],"wp:attachment":[{"href":"https:\/\/www.2ha.gr\/de\/wp-json\/wp\/v2\/media?parent=14620"}],"wp:term":[{"taxonomy":"product_cat","embeddable":true,"href":"https:\/\/www.2ha.gr\/de\/wp-json\/wp\/v2\/product_cat?post=14620"},{"taxonomy":"product_tag","embeddable":true,"href":"https:\/\/www.2ha.gr\/de\/wp-json\/wp\/v2\/product_tag?post=14620"}],"curies":[{"name":"wp","href":"https:\/\/api.w.org\/{rel}","templated":true}]}}