{"id":14623,"date":"2025-10-22T17:32:48","date_gmt":"2025-10-22T14:32:48","guid":{"rendered":"https:\/\/www.2ha.gr\/?post_type=product&#038;p=14623"},"modified":"2025-10-22T17:32:52","modified_gmt":"2025-10-22T14:32:52","slug":"sandstone-leather-apron","status":"publish","type":"product","link":"https:\/\/www.2ha.gr\/de\/product\/sandstone-leather-apron\/","title":{"rendered":"Sandstone Leather Apron"},"content":{"rendered":"<p><\/p>\n<p data-start=\"303\" data-end=\"729\"><em><strong>Die Ledersch\u00fcrze Sandstone verbindet die Eleganz der nat\u00fcrlichen Farbe Sand mit dem zeitlosen Braun von Kunstleder und bietet ein Ergebnis, das sich durch seine schlichte St\u00e4rke auszeichnet.<\/strong><\/em><br data-start=\"508\" data-end=\"511\" \/><em><strong>Die Sch\u00fcrze aus wasserabweisendem und schleifbarem Canvas bietet Komfort und Haltbarkeit f\u00fcr den t\u00e4glichen Gebrauch, w\u00e4hrend das k\u00fchle Baumwollfutter den ganzen Tag \u00fcber f\u00fcr ein angenehmes Tragegef\u00fchl sorgt.<\/strong><\/em><\/p>\n<p data-start=\"731\" data-end=\"992\"><em><strong>Die Sch\u00fcrze verf\u00fcgt \u00fcber eine ger\u00e4umige Vordertasche und einen festen Schulterriemen, der f\u00fcr einen perfekten Sitz und einen professionellen Look sorgt.<\/strong><\/em><br data-start=\"860\" data-end=\"863\" \/><em><strong>Die perfekte Wahl f\u00fcr Barista, Barkeeper, K\u00f6che oder Empfangsmitarbeiter, die Funktionalit\u00e4t und hochwertige \u00c4sthetik kombinieren m\u00f6chten.<\/strong><\/em><\/p>\n<p data-start=\"994\" data-end=\"1015\"><em><strong data-start=\"994\" data-end=\"1013\">Eigenschaften:<\/strong><\/em><\/p>\n<ul data-start=\"1016\" data-end=\"1238\">\n<li data-start=\"1016\" data-end=\"1077\">\n<p data-start=\"1018\" data-end=\"1077\"><em><strong>Kombination aus Leder und Canvas in Sandfarbe<\/strong><\/em><\/p>\n<\/li>\n<li data-start=\"1078\" data-end=\"1112\">\n<p data-start=\"1080\" data-end=\"1112\"><em><strong>Wasserdichtes und abriebfestes Material<\/strong><\/em><\/p>\n<\/li>\n<li data-start=\"1113\" data-end=\"1139\">\n<p data-start=\"1115\" data-end=\"1139\"><em><strong>Gro\u00dfe Fronttasche<\/strong><\/em><\/p>\n<\/li>\n<li data-start=\"1140\" data-end=\"1164\">\n<p data-start=\"1142\" data-end=\"1164\"><em><strong>Kein Handtuchring<\/strong><\/em><\/p>\n<\/li>\n<li data-start=\"1165\" data-end=\"1203\">\n<p data-start=\"1167\" data-end=\"1203\"><em><strong>Gro\u00dfe offene Fronttasche Gro\u00dfe Fronttasche mit einer Frontklappe<\/strong><\/em><\/p>\n<\/li>\n<li data-start=\"1204\" data-end=\"1238\">\n<p data-start=\"1206\" data-end=\"1238\"><em><strong>Handgefertigte griechische Konstruktion<\/strong><\/em><\/p>\n<\/li>\n<\/ul>\n<p><\/p>","protected":false},"excerpt":{"rendered":"<p data-start=\"303\" data-end=\"729\"><em><strong>Die Ledersch\u00fcrze Sandstone verbindet die Eleganz der nat\u00fcrlichen Farbe Sand mit dem zeitlosen Braun von Kunstleder und bietet ein Ergebnis, das sich durch seine schlichte St\u00e4rke auszeichnet.<\/strong><\/em><br data-start=\"508\" data-end=\"511\" \/><em><strong>Die Sch\u00fcrze aus wasserabweisendem und schleifbarem Canvas bietet Komfort und Haltbarkeit f\u00fcr den t\u00e4glichen Gebrauch, w\u00e4hrend das k\u00fchle Baumwollfutter den ganzen Tag \u00fcber f\u00fcr ein angenehmes Tragegef\u00fchl sorgt.<\/strong><\/em><\/p>\n<p data-start=\"731\" data-end=\"992\"><em><strong>Die Sch\u00fcrze verf\u00fcgt \u00fcber eine ger\u00e4umige Vordertasche und einen festen Schulterriemen, der f\u00fcr einen perfekten Sitz und einen professionellen Look sorgt.<\/strong><\/em><br data-start=\"860\" data-end=\"863\" \/><em><strong>Die perfekte Wahl f\u00fcr Barista, Barkeeper, K\u00f6che oder Empfangsmitarbeiter, die Funktionalit\u00e4t und hochwertige \u00c4sthetik kombinieren m\u00f6chten.<\/strong><\/em><\/p>\n<p data-start=\"994\" data-end=\"1015\"><em><strong data-start=\"994\" data-end=\"1013\">Eigenschaften:<\/strong><\/em><\/p>\n<ul data-start=\"1016\" data-end=\"1238\">\n<li data-start=\"1016\" data-end=\"1077\">\n<p data-start=\"1018\" data-end=\"1077\"><em><strong>Kombination aus Leder und Canvas in Sandfarbe<\/strong><\/em><\/p>\n<\/li>\n<li data-start=\"1078\" data-end=\"1112\">\n<p data-start=\"1080\" data-end=\"1112\"><em><strong>Wasserdichtes und abriebfestes Material<\/strong><\/em><\/p>\n<\/li>\n<li data-start=\"1113\" data-end=\"1139\">\n<p data-start=\"1115\" data-end=\"1139\"><em><strong>Gro\u00dfe Fronttasche<\/strong><\/em><\/p>\n<\/li>\n<li data-start=\"1140\" data-end=\"1164\">\n<p data-start=\"1142\" data-end=\"1164\"><em><strong>Kein Handtuchring<\/strong><\/em><\/p>\n<\/li>\n<li data-start=\"1165\" data-end=\"1203\">\n<p data-start=\"1167\" data-end=\"1203\"><em><strong>Gro\u00dfe offene Fronttasche Gro\u00dfe Fronttasche mit einer Frontklappe<\/strong><\/em><\/p>\n<\/li>\n<li data-start=\"1204\" data-end=\"1238\">\n<p data-start=\"1206\" data-end=\"1238\"><em><strong>Handgefertigte griechische Konstruktion<\/strong><\/em><\/p>\n<\/li>\n<\/ul>\n","protected":false},"featured_media":14624,"comment_status":"closed","ping_status":"closed","template":"","meta":[],"product_cat":[57,8,11,12,42,73,7,58,13,21,14,24],"product_tag":[],"class_list":{"0":"post-14623","1":"product","2":"type-product","3":"status-publish","4":"has-post-thumbnail","6":"product_cat-2024-2025","7":"product_cat-artists","8":"product_cat-barista","9":"product_cat-bartender","10":"product_cat-coffee-lovers","11":"product_cat-stock-aprons-one-of-a-kind","12":"product_cat-hospitality","13":"product_cat-58","14":"product_cat-service","15":"product_cat-chef","16":"product_cat-somelie","17":"product_cat-aprons","19":"first","20":"instock","21":"taxable","22":"shipping-taxable","23":"purchasable","24":"product-type-simple"},"_links":{"self":[{"href":"https:\/\/www.2ha.gr\/de\/wp-json\/wp\/v2\/product\/14623","targetHints":{"allow":["GET"]}}],"collection":[{"href":"https:\/\/www.2ha.gr\/de\/wp-json\/wp\/v2\/product"}],"about":[{"href":"https:\/\/www.2ha.gr\/de\/wp-json\/wp\/v2\/types\/product"}],"replies":[{"embeddable":true,"href":"https:\/\/www.2ha.gr\/de\/wp-json\/wp\/v2\/comments?post=14623"}],"wp:featuredmedia":[{"embeddable":true,"href":"https:\/\/www.2ha.gr\/de\/wp-json\/wp\/v2\/media\/14624"}],"wp:attachment":[{"href":"https:\/\/www.2ha.gr\/de\/wp-json\/wp\/v2\/media?parent=14623"}],"wp:term":[{"taxonomy":"product_cat","embeddable":true,"href":"https:\/\/www.2ha.gr\/de\/wp-json\/wp\/v2\/product_cat?post=14623"},{"taxonomy":"product_tag","embeddable":true,"href":"https:\/\/www.2ha.gr\/de\/wp-json\/wp\/v2\/product_tag?post=14623"}],"curies":[{"name":"wp","href":"https:\/\/api.w.org\/{rel}","templated":true}]}}