{"id":14642,"date":"2025-10-29T10:29:10","date_gmt":"2025-10-29T08:29:10","guid":{"rendered":"https:\/\/www.2ha.gr\/?post_type=product&#038;p=14642"},"modified":"2025-10-30T12:28:48","modified_gmt":"2025-10-30T10:28:48","slug":"flamingo-bloom-family-set","status":"publish","type":"product","link":"https:\/\/www.2ha.gr\/de\/product\/flamingo-bloom-family-set\/","title":{"rendered":"Flamingo Bloom Family Set"},"content":{"rendered":"<p><\/p>\n<p data-start=\"115\" data-end=\"563\">Bringen Sie Farbe und gute Laune in die K\u00fcche mit dem Familienset &#8222;Flamingo Bloom&#8220;: eine Sch\u00fcrze f\u00fcr Erwachsene und eine Sch\u00fcrze f\u00fcr Kinder mit demselben verspielten, tropischen Print. In unserer Werkstatt aus weichem, atmungsaktivem Stoff gen\u00e4ht, ohne metallische Elemente, k\u00f6nnen sie bedenkenlos jeden Tag in der Waschmaschine gewaschen werden. Ger\u00e4umige Taschen auf der Vorderseite bieten Platz f\u00fcr Werkzeuge, Handt\u00fccher und kleine Gegenst\u00e4nde, w\u00e4hrend verstellbare Tr\u00e4ger f\u00fcr einen bequemen Sitz sorgen.<\/p>\n<ul data-start=\"565\" data-end=\"972\">\n<li data-start=\"565\" data-end=\"613\">\n<p data-start=\"567\" data-end=\"613\">Set: 1 Sch\u00fcrze f\u00fcr Erwachsene (Einheitsgr\u00f6\u00dfe) + 1 Sch\u00fcrze f\u00fcr Kinder<\/p>\n<\/li>\n<li data-start=\"614\" data-end=\"659\">\n<p data-start=\"616\" data-end=\"659\">Material: strapazierf\u00e4hig, weich und atmungsaktiv.<\/p>\n<\/li>\n<li data-start=\"660\" data-end=\"716\">\n<p data-start=\"662\" data-end=\"716\">Taschen: gro\u00dfe Fronttaschen in beiden Gr\u00f6\u00dfen<\/p>\n<\/li>\n<li data-start=\"717\" data-end=\"770\">\n<p data-start=\"719\" data-end=\"770\">Pflege: maschinenwaschbar, schnell trocknend<\/p>\n<\/li>\n<li data-start=\"771\" data-end=\"829\">\n<p data-start=\"773\" data-end=\"829\">Komfort: verstellbare Riemen &#8211; bequeme Passform f\u00fcr alle<\/p>\n<\/li>\n<li data-start=\"830\" data-end=\"894\">\n<p data-start=\"832\" data-end=\"894\">Besonderheit: <strong data-start=\"854\" data-end=\"892\">k\u00fchles Baumwollfutter innen<\/strong><\/p>\n<\/li>\n<li data-start=\"895\" data-end=\"972\">\n<p data-start=\"897\" data-end=\"972\">Ideal f\u00fcr: Familienkochen, Backen, Schulaktivit\u00e4ten, Geschenke<\/p>\n<\/li>\n<\/ul>\n<p><\/p>","protected":false},"excerpt":{"rendered":"<p data-start=\"115\" data-end=\"563\">Bringen Sie Farbe und gute Laune in die K\u00fcche mit dem Familienset &#8222;Flamingo Bloom&#8220;: eine Sch\u00fcrze f\u00fcr Erwachsene und eine Sch\u00fcrze f\u00fcr Kinder mit demselben verspielten, tropischen Print. In unserer Werkstatt aus weichem, atmungsaktivem Stoff gen\u00e4ht, ohne metallische Elemente, k\u00f6nnen sie bedenkenlos jeden Tag in der Waschmaschine gewaschen werden. Ger\u00e4umige Taschen auf der Vorderseite bieten Platz f\u00fcr Werkzeuge, Handt\u00fccher und kleine Gegenst\u00e4nde, w\u00e4hrend verstellbare Tr\u00e4ger f\u00fcr einen bequemen Sitz sorgen.<\/p>\n<ul data-start=\"565\" data-end=\"972\">\n<li data-start=\"565\" data-end=\"613\">\n<p data-start=\"567\" data-end=\"613\">Set: 1 Sch\u00fcrze f\u00fcr Erwachsene (Einheitsgr\u00f6\u00dfe) + 1 Sch\u00fcrze f\u00fcr Kinder<\/p>\n<\/li>\n<li data-start=\"614\" data-end=\"659\">\n<p data-start=\"616\" data-end=\"659\">Material: strapazierf\u00e4hig, weich und atmungsaktiv.<\/p>\n<\/li>\n<li data-start=\"660\" data-end=\"716\">\n<p data-start=\"662\" data-end=\"716\">Taschen: gro\u00dfe Fronttaschen in beiden Gr\u00f6\u00dfen<\/p>\n<\/li>\n<li data-start=\"717\" data-end=\"770\">\n<p data-start=\"719\" data-end=\"770\">Pflege: maschinenwaschbar, schnell trocknend<\/p>\n<\/li>\n<li data-start=\"771\" data-end=\"829\">\n<p data-start=\"773\" data-end=\"829\">Komfort: verstellbare Riemen &#8211; bequeme Passform f\u00fcr alle<\/p>\n<\/li>\n<li data-start=\"830\" data-end=\"894\">\n<p data-start=\"832\" data-end=\"894\">Besonderheit: <strong data-start=\"854\" data-end=\"892\">k\u00fchles Baumwollfutter innen<\/strong><\/p>\n<\/li>\n<li data-start=\"895\" data-end=\"972\">\n<p data-start=\"897\" data-end=\"972\">Ideal f\u00fcr: Familienkochen, Backen, Schulaktivit\u00e4ten, Geschenke<\/p>\n<\/li>\n<\/ul>\n","protected":false},"featured_media":14647,"comment_status":"closed","ping_status":"closed","template":"","meta":[],"product_cat":[35,10,24],"product_tag":[],"class_list":{"0":"post-14642","1":"product","2":"type-product","3":"status-publish","4":"has-post-thumbnail","6":"product_cat-35","7":"product_cat-housewife-gifts","8":"product_cat-aprons","10":"first","11":"instock","12":"sale","13":"taxable","14":"shipping-taxable","15":"purchasable","16":"product-type-simple"},"_links":{"self":[{"href":"https:\/\/www.2ha.gr\/de\/wp-json\/wp\/v2\/product\/14642","targetHints":{"allow":["GET"]}}],"collection":[{"href":"https:\/\/www.2ha.gr\/de\/wp-json\/wp\/v2\/product"}],"about":[{"href":"https:\/\/www.2ha.gr\/de\/wp-json\/wp\/v2\/types\/product"}],"replies":[{"embeddable":true,"href":"https:\/\/www.2ha.gr\/de\/wp-json\/wp\/v2\/comments?post=14642"}],"wp:featuredmedia":[{"embeddable":true,"href":"https:\/\/www.2ha.gr\/de\/wp-json\/wp\/v2\/media\/14647"}],"wp:attachment":[{"href":"https:\/\/www.2ha.gr\/de\/wp-json\/wp\/v2\/media?parent=14642"}],"wp:term":[{"taxonomy":"product_cat","embeddable":true,"href":"https:\/\/www.2ha.gr\/de\/wp-json\/wp\/v2\/product_cat?post=14642"},{"taxonomy":"product_tag","embeddable":true,"href":"https:\/\/www.2ha.gr\/de\/wp-json\/wp\/v2\/product_tag?post=14642"}],"curies":[{"name":"wp","href":"https:\/\/api.w.org\/{rel}","templated":true}]}}