{"id":14653,"date":"2025-10-30T12:27:27","date_gmt":"2025-10-30T10:27:27","guid":{"rendered":"https:\/\/www.2ha.gr\/?post_type=product&#038;p=14653"},"modified":"2025-10-30T12:29:18","modified_gmt":"2025-10-30T10:29:18","slug":"tropical-leaf-family-set","status":"publish","type":"product","link":"https:\/\/www.2ha.gr\/de\/product\/tropical-leaf-family-set\/","title":{"rendered":"Tropical Leaf Family Set @"},"content":{"rendered":"<p><\/p>\n<p data-start=\"1319\" data-end=\"1715\">&#8222;Tropical Leaf&#8220; bringt das ganze Jahr \u00fcber Sommerstimmung. Zwei Sch\u00fcrzen &#8211; eine f\u00fcr den Erwachsenen und eine f\u00fcr das Kind &#8211; im gleichen frischen Blattmuster. Langlebig f\u00fcr den t\u00e4glichen Gebrauch, ohne Metallteile, so dass sie direkt in die Waschmaschine gesteckt werden k\u00f6nnen. Mit tiefen Taschen auf der Vorderseite f\u00fcr Werkzeuge und Notizen und verstellbaren Tr\u00e4gern f\u00fcr eine optimale Passform.<\/p>\n<ul data-start=\"1717\" data-end=\"2104\">\n<li data-start=\"1717\" data-end=\"1765\">\n<p data-start=\"1719\" data-end=\"1765\">Set: 1 Sch\u00fcrze f\u00fcr Erwachsene (One Size) + 1 Sch\u00fcrze f\u00fcr Kinder<\/p>\n<\/li>\n<li data-start=\"1766\" data-end=\"1835\">\n<p data-start=\"1768\" data-end=\"1835\">Material: weich, atmungsaktiv, sehr strapazierf\u00e4hig f\u00fcr den t\u00e4glichen Gebrauch<\/p>\n<\/li>\n<li data-start=\"1836\" data-end=\"1875\">\n<p data-start=\"1838\" data-end=\"1875\">Taschen: ger\u00e4umige Fronttaschen<\/p>\n<\/li>\n<li data-start=\"1876\" data-end=\"1929\">\n<p data-start=\"1878\" data-end=\"1929\">Pflege: maschinenwaschbar &#8211; leicht zu b\u00fcgeln<\/p>\n<\/li>\n<li data-start=\"1930\" data-end=\"1972\">\n<p data-start=\"1932\" data-end=\"1972\">Verstellung: verstellbare Tr\u00e4ger\/Gurte<\/p>\n<\/li>\n<li data-start=\"1973\" data-end=\"2037\">\n<p data-start=\"1975\" data-end=\"2037\">Besonderheit: <strong data-start=\"1997\" data-end=\"2035\">k\u00fchles Baumwollfutter innen<\/strong><\/p>\n<\/li>\n<li data-start=\"2038\" data-end=\"2104\">\n<p data-start=\"2040\" data-end=\"2104\">Verwendung: Kochen, Workshops, Partys, kreative Aktivit\u00e4ten<\/p>\n<\/li>\n<\/ul>\n<p><\/p>","protected":false},"excerpt":{"rendered":"<p data-start=\"1319\" data-end=\"1715\">&#8222;Tropical Leaf&#8220; bringt das ganze Jahr \u00fcber Sommerstimmung. Zwei Sch\u00fcrzen &#8211; eine f\u00fcr den Erwachsenen und eine f\u00fcr das Kind &#8211; im gleichen frischen Blattmuster. Langlebig f\u00fcr den t\u00e4glichen Gebrauch, ohne Metallteile, so dass sie direkt in die Waschmaschine gesteckt werden k\u00f6nnen. Mit tiefen Taschen auf der Vorderseite f\u00fcr Werkzeuge und Notizen und verstellbaren Tr\u00e4gern f\u00fcr eine optimale Passform.<\/p>\n<ul data-start=\"1717\" data-end=\"2104\">\n<li data-start=\"1717\" data-end=\"1765\">\n<p data-start=\"1719\" data-end=\"1765\">Set: 1 Sch\u00fcrze f\u00fcr Erwachsene (One Size) + 1 Sch\u00fcrze f\u00fcr Kinder<\/p>\n<\/li>\n<li data-start=\"1766\" data-end=\"1835\">\n<p data-start=\"1768\" data-end=\"1835\">Material: weich, atmungsaktiv, sehr strapazierf\u00e4hig f\u00fcr den t\u00e4glichen Gebrauch<\/p>\n<\/li>\n<li data-start=\"1836\" data-end=\"1875\">\n<p data-start=\"1838\" data-end=\"1875\">Taschen: ger\u00e4umige Fronttaschen<\/p>\n<\/li>\n<li data-start=\"1876\" data-end=\"1929\">\n<p data-start=\"1878\" data-end=\"1929\">Pflege: maschinenwaschbar &#8211; leicht zu b\u00fcgeln<\/p>\n<\/li>\n<li data-start=\"1930\" data-end=\"1972\">\n<p data-start=\"1932\" data-end=\"1972\">Verstellung: verstellbare Tr\u00e4ger\/Gurte<\/p>\n<\/li>\n<li data-start=\"1973\" data-end=\"2037\">\n<p data-start=\"1975\" data-end=\"2037\">Besonderheit: <strong data-start=\"1997\" data-end=\"2035\">k\u00fchles Baumwollfutter innen<\/strong><\/p>\n<\/li>\n<li data-start=\"2038\" data-end=\"2104\">\n<p data-start=\"2040\" data-end=\"2104\">Verwendung: Kochen, Workshops, Partys, kreative Aktivit\u00e4ten<\/p>\n<\/li>\n<\/ul>\n","protected":false},"featured_media":14643,"comment_status":"closed","ping_status":"closed","template":"","meta":[],"product_cat":[35,10,24],"product_tag":[],"class_list":{"0":"post-14653","1":"product","2":"type-product","3":"status-publish","4":"has-post-thumbnail","6":"product_cat-35","7":"product_cat-housewife-gifts","8":"product_cat-aprons","10":"first","11":"instock","12":"sale","13":"taxable","14":"shipping-taxable","15":"purchasable","16":"product-type-simple"},"_links":{"self":[{"href":"https:\/\/www.2ha.gr\/de\/wp-json\/wp\/v2\/product\/14653","targetHints":{"allow":["GET"]}}],"collection":[{"href":"https:\/\/www.2ha.gr\/de\/wp-json\/wp\/v2\/product"}],"about":[{"href":"https:\/\/www.2ha.gr\/de\/wp-json\/wp\/v2\/types\/product"}],"replies":[{"embeddable":true,"href":"https:\/\/www.2ha.gr\/de\/wp-json\/wp\/v2\/comments?post=14653"}],"wp:featuredmedia":[{"embeddable":true,"href":"https:\/\/www.2ha.gr\/de\/wp-json\/wp\/v2\/media\/14643"}],"wp:attachment":[{"href":"https:\/\/www.2ha.gr\/de\/wp-json\/wp\/v2\/media?parent=14653"}],"wp:term":[{"taxonomy":"product_cat","embeddable":true,"href":"https:\/\/www.2ha.gr\/de\/wp-json\/wp\/v2\/product_cat?post=14653"},{"taxonomy":"product_tag","embeddable":true,"href":"https:\/\/www.2ha.gr\/de\/wp-json\/wp\/v2\/product_tag?post=14653"}],"curies":[{"name":"wp","href":"https:\/\/api.w.org\/{rel}","templated":true}]}}