{"id":14674,"date":"2025-10-30T14:12:19","date_gmt":"2025-10-30T12:12:19","guid":{"rendered":"https:\/\/www.2ha.gr\/?post_type=product&#038;p=14674"},"modified":"2025-10-30T14:12:22","modified_gmt":"2025-10-30T12:12:22","slug":"%cf%83%ce%b5%cf%84-%ce%ba%ce%b5%cf%81%ce%b1%ce%bc%ce%b9%ce%b4%ce%af-ikat-%ce%bc%cf%80%ce%bb%ce%bf%cf%8d%ce%b6%ce%b1-%cf%80%ce%b1%ce%bd%cf%84%ce%b5%ce%bb%cf%8c%ce%bd%ce%b9","status":"publish","type":"product","link":"https:\/\/www.2ha.gr\/de\/product\/%cf%83%ce%b5%cf%84-%ce%ba%ce%b5%cf%81%ce%b1%ce%bc%ce%b9%ce%b4%ce%af-ikat-%ce%bc%cf%80%ce%bb%ce%bf%cf%8d%ce%b6%ce%b1-%cf%80%ce%b1%ce%bd%cf%84%ce%b5%ce%bb%cf%8c%ce%bd%ce%b9\/","title":{"rendered":"\u03a3\u03b5\u03c4 \u201c\u039a\u03b5\u03c1\u03b1\u03bc\u03b9\u03b4\u03af Ikat\u201d (\u03bc\u03c0\u03bb\u03bf\u03cd\u03b6\u03b1 &amp; \u03c0\u03b1\u03bd\u03c4\u03b5\u03bb\u03cc\u03bd\u03b9)"},"content":{"rendered":"<p><\/p>\n<p data-start=\"788\" data-end=\"947\">Reichhaltiges Set in Ziegel-\/Burgunderrot mit Intarsien und <strong data-start=\"910\" data-end=\"918\">Ikat-Details<\/strong> in eleganten Erdt\u00f6nen.<\/p>\n<ul data-start=\"948\" data-end=\"1522\">\n<li data-start=\"948\" data-end=\"1017\">\n<p data-start=\"950\" data-end=\"1017\"><strong data-start=\"950\" data-end=\"966\">Stil\/Linie:<\/strong> entspannte, moderne Silhouette mit sauberen Abschl\u00fcssen.<\/p>\n<\/li>\n<li data-start=\"1018\" data-end=\"1130\">\n<p data-start=\"1020\" data-end=\"1130\"><strong data-start=\"1020\" data-end=\"1032\">Bluse:<\/strong> Rundhalsausschnitt mit gleichem Muster, gerade \u00c4rmel, auff\u00e4llige Einlage auf der Brust.<\/p>\n<\/li>\n<li data-start=\"1131\" data-end=\"1186\">\n<p data-start=\"1133\" data-end=\"1186\"><strong data-start=\"1133\" data-end=\"1147\">Hose:<\/strong> elastischer Bund, Taschen, komfortable Bewegungsfreiheit.<\/p>\n<\/li>\n<li data-start=\"1187\" data-end=\"1288\">\n<p data-start=\"1189\" data-end=\"1288\"><strong data-start=\"1189\" data-end=\"1200\">Stoff:<\/strong> weich mit einem sch\u00f6nen Fall&#8220;, ideal f\u00fcr Uniformen, die den ganzen Tag \u00fcber tadellos aussehen sollen.<\/p>\n<\/li>\n<li data-start=\"1289\" data-end=\"1360\">\n<p data-start=\"1291\" data-end=\"1360\"><strong data-start=\"1291\" data-end=\"1304\">Pflege:<\/strong> 30\u00b0C, auf dem Kopf stehend b\u00fcgeln, nicht im Trockner trocknen.<\/p>\n<\/li>\n<li data-start=\"1361\" data-end=\"1438\">\n<p data-start=\"1363\" data-end=\"1438\"><strong data-start=\"1363\" data-end=\"1379\">Ideal f\u00fcr:<\/strong> gehobene Gastronomie, Rezeption, Boutiquen, Bar.<\/p>\n<\/li>\n<li data-start=\"1439\" data-end=\"1522\">\n<p data-start=\"1441\" data-end=\"1522\"><strong data-start=\"1441\" data-end=\"1452\">Sonderanfertigung:<\/strong> alternative Stoffe\/Muster f\u00fcr das Paneel auf Anfrage erh\u00e4ltlich.<\/p>\n<\/li>\n<\/ul>\n<p><\/p>","protected":false},"excerpt":{"rendered":"<p data-start=\"788\" data-end=\"947\">Reichhaltiges Set in Ziegel-\/Burgunderrot mit Intarsien und <strong data-start=\"910\" data-end=\"918\">Ikat-Details<\/strong> in eleganten Erdt\u00f6nen.<\/p>\n<ul data-start=\"948\" data-end=\"1522\">\n<li data-start=\"948\" data-end=\"1017\">\n<p data-start=\"950\" data-end=\"1017\"><strong data-start=\"950\" data-end=\"966\">Stil\/Linie:<\/strong> entspannte, moderne Silhouette mit sauberen Abschl\u00fcssen.<\/p>\n<\/li>\n<li data-start=\"1018\" data-end=\"1130\">\n<p data-start=\"1020\" data-end=\"1130\"><strong data-start=\"1020\" data-end=\"1032\">Bluse:<\/strong> Rundhalsausschnitt mit gleichem Muster, gerade \u00c4rmel, auff\u00e4llige Einlage auf der Brust.<\/p>\n<\/li>\n<li data-start=\"1131\" data-end=\"1186\">\n<p data-start=\"1133\" data-end=\"1186\"><strong data-start=\"1133\" data-end=\"1147\">Hose:<\/strong> elastischer Bund, Taschen, komfortable Bewegungsfreiheit.<\/p>\n<\/li>\n<li data-start=\"1187\" data-end=\"1288\">\n<p data-start=\"1189\" data-end=\"1288\"><strong data-start=\"1189\" data-end=\"1200\">Stoff:<\/strong> weich mit einem sch\u00f6nen Fall&#8220;, ideal f\u00fcr Uniformen, die den ganzen Tag \u00fcber tadellos aussehen sollen.<\/p>\n<\/li>\n<li data-start=\"1289\" data-end=\"1360\">\n<p data-start=\"1291\" data-end=\"1360\"><strong data-start=\"1291\" data-end=\"1304\">Pflege:<\/strong> 30\u00b0C, auf dem Kopf stehend b\u00fcgeln, nicht im Trockner trocknen.<\/p>\n<\/li>\n<li data-start=\"1361\" data-end=\"1438\">\n<p data-start=\"1363\" data-end=\"1438\"><strong data-start=\"1363\" data-end=\"1379\">Ideal f\u00fcr:<\/strong> gehobene Gastronomie, Rezeption, Boutiquen, Bar.<\/p>\n<\/li>\n<li data-start=\"1439\" data-end=\"1522\">\n<p data-start=\"1441\" data-end=\"1522\"><strong data-start=\"1441\" data-end=\"1452\">Sonderanfertigung:<\/strong> alternative Stoffe\/Muster f\u00fcr das Paneel auf Anfrage erh\u00e4ltlich.<\/p>\n<\/li>\n<\/ul>\n","protected":false},"featured_media":14664,"comment_status":"closed","ping_status":"closed","template":"","meta":[],"product_cat":[25],"product_tag":[],"class_list":{"0":"post-14674","1":"product","2":"type-product","3":"status-publish","4":"has-post-thumbnail","6":"product_cat-little-2ha","8":"first","9":"instock","10":"sale","11":"taxable","12":"shipping-taxable","13":"purchasable","14":"product-type-variable"},"_links":{"self":[{"href":"https:\/\/www.2ha.gr\/de\/wp-json\/wp\/v2\/product\/14674","targetHints":{"allow":["GET"]}}],"collection":[{"href":"https:\/\/www.2ha.gr\/de\/wp-json\/wp\/v2\/product"}],"about":[{"href":"https:\/\/www.2ha.gr\/de\/wp-json\/wp\/v2\/types\/product"}],"replies":[{"embeddable":true,"href":"https:\/\/www.2ha.gr\/de\/wp-json\/wp\/v2\/comments?post=14674"}],"wp:featuredmedia":[{"embeddable":true,"href":"https:\/\/www.2ha.gr\/de\/wp-json\/wp\/v2\/media\/14664"}],"wp:attachment":[{"href":"https:\/\/www.2ha.gr\/de\/wp-json\/wp\/v2\/media?parent=14674"}],"wp:term":[{"taxonomy":"product_cat","embeddable":true,"href":"https:\/\/www.2ha.gr\/de\/wp-json\/wp\/v2\/product_cat?post=14674"},{"taxonomy":"product_tag","embeddable":true,"href":"https:\/\/www.2ha.gr\/de\/wp-json\/wp\/v2\/product_tag?post=14674"}],"curies":[{"name":"wp","href":"https:\/\/api.w.org\/{rel}","templated":true}]}}