{"id":14709,"date":"2025-11-03T13:49:03","date_gmt":"2025-11-03T11:49:03","guid":{"rendered":"https:\/\/www.2ha.gr\/?post_type=product&#038;p=14709"},"modified":"2025-11-03T13:53:54","modified_gmt":"2025-11-03T11:53:54","slug":"cross-verde-%ce%b4%ce%b5%cf%81%ce%bc%ce%b1%cf%84%ce%af%ce%bd%ce%b7-premium-unisex","status":"publish","type":"product","link":"https:\/\/www.2ha.gr\/de\/product\/cross-verde-%ce%b4%ce%b5%cf%81%ce%bc%ce%b1%cf%84%ce%af%ce%bd%ce%b7-premium-unisex\/","title":{"rendered":"\u201cCross Verde\u201d \u2013 \u0394\u03b5\u03c1\u03bc\u03b1\u03c4\u03af\u03bd\u03b7 premium, unisex"},"content":{"rendered":"<p><\/p>\n<p data-start=\"255\" data-end=\"408\">Professionelle Sch\u00fcrze mit hochwertiger Kunstlederbasis, diagonalem braunem Detail und gro\u00dfer Fronttasche. Verstellbare Riemen, strapazierf\u00e4hige N\u00e4hte.<\/p>\n<h1 data-start=\"410\" data-end=\"431\">Ausf\u00fchrliche Beschreibung<\/h1>\n<p data-start=\"432\" data-end=\"903\">Die <strong data-start=\"434\" data-end=\"449\">Cross Verde<\/strong> ist eine elegante, strapazierf\u00e4hige Sch\u00fcrze mit einer <strong data-start=\"486\" data-end=\"525\">hochwertigen Kunstlederbasis<\/strong> in Dunkelgr\u00fcn. Sie ist mit <strong data-start=\"552\" data-end=\"594\">diagonalen braunen Verzierungen<\/strong> auf der Brust und <strong data-start=\"610\" data-end=\"636\">einer gro\u00dfen Vordertasche<\/strong> in der gleichen braunen Farbe versehen, die f\u00fcr Ergonomie sorgt. Die <strong data-start=\"675\" data-end=\"704\">verstellbaren Schultergurte<\/strong> mit Metallringen sorgen f\u00fcr einen sicheren Sitz, w\u00e4hrend <strong data-start=\"764\" data-end=\"785\">die verst\u00e4rkten N\u00e4hte<\/strong> eine lange Haltbarkeit f\u00fcr den t\u00e4glichen Gebrauch gew\u00e4hrleisten. Ideal f\u00fcr <strong data-start=\"841\" data-end=\"891\">Barista, Barkeeper, Service, K\u00fcche, K\u00f6rperpflege<\/strong> und Einzelhandel.<\/p>\n<p data-start=\"905\" data-end=\"1018\"><strong data-start=\"905\" data-end=\"952\">Unisex &#8211; Einheitsgr\u00f6\u00dfe mit verstellbaren Tr\u00e4gern.<\/strong><br data-start=\"952\" data-end=\"955\" \/>Auf Anfrage in anderen Farben\/Kombinationen erh\u00e4ltlich.<\/p>\n<h2 data-start=\"1020\" data-end=\"1037\">Eigenschaften<\/h2>\n<ul data-start=\"1038\" data-end=\"1355\">\n<li data-start=\"1038\" data-end=\"1109\">\n<p data-start=\"1040\" data-end=\"1109\">Boden: Hochwertiges Kunstleder (Soft-Touch, leicht zu reinigen)<\/p>\n<\/li>\n<li data-start=\"1110\" data-end=\"1145\">\n<p data-start=\"1112\" data-end=\"1145\">Gro\u00dfe ergonomische Fronttasche<\/p>\n<\/li>\n<li data-start=\"1146\" data-end=\"1196\">\n<p data-start=\"1148\" data-end=\"1196\">Dekoratives diagonales Detail in Braunt\u00f6nen<\/p>\n<\/li>\n<li data-start=\"1197\" data-end=\"1249\">\n<p data-start=\"1199\" data-end=\"1249\">Verstellbare Schultergurte mit Metallringen<\/p>\n<\/li>\n<li data-start=\"1250\" data-end=\"1295\">\n<p data-start=\"1252\" data-end=\"1295\">Verst\u00e4rkte N\u00e4hte, industrielle Pr\u00e4zision<\/p>\n<\/li>\n<li data-start=\"1296\" data-end=\"1355\">\n<p data-start=\"1298\" data-end=\"1355\">Unisex, Einheitsgr\u00f6\u00dfe &#8211; geeignet f\u00fcr Gr\u00f6\u00dfen\/K\u00f6rpergr\u00f6\u00dfen von S bis XXL<\/p>\n<\/li>\n<\/ul>\n<h2 data-start=\"1357\" data-end=\"1368\">Pflege<\/h2>\n<p data-start=\"1369\" data-end=\"1510\">Mit einem feuchten Tuch und einem milden Reinigungsmittel abwischen. Keine Bleichmittel oder einen Trockner verwenden. L\u00e4ngerer Kontakt mit hohen Temperaturen ist zu vermeiden.<\/p>\n<h2 data-start=\"1512\" data-end=\"1552\">Individuelle Optionen (auf Anfrage)<\/h2>\n<p data-start=\"1553\" data-end=\"1634\">Grund- und Detailfarben, Taschentyp, Stickerei\/Logo hinzuf\u00fcgen, L\u00e4nge.<\/p>\n<h1 data-start=\"1636\" data-end=\"1641\"><\/h1>\n<p><\/p>","protected":false},"excerpt":{"rendered":"<p data-start=\"255\" data-end=\"408\">Professionelle Sch\u00fcrze mit hochwertiger Kunstlederbasis, diagonalem braunem Detail und gro\u00dfer Fronttasche. Verstellbare Riemen, strapazierf\u00e4hige N\u00e4hte.<\/p>\n<h1 data-start=\"410\" data-end=\"431\">Ausf\u00fchrliche Beschreibung<\/h1>\n<p data-start=\"432\" data-end=\"903\">Die <strong data-start=\"434\" data-end=\"449\">Cross Verde<\/strong> ist eine elegante, strapazierf\u00e4hige Sch\u00fcrze mit einer <strong data-start=\"486\" data-end=\"525\">hochwertigen Kunstlederbasis<\/strong> in Dunkelgr\u00fcn. Sie ist mit <strong data-start=\"552\" data-end=\"594\">diagonalen braunen Verzierungen<\/strong> auf der Brust und <strong data-start=\"610\" data-end=\"636\">einer gro\u00dfen Vordertasche<\/strong> in der gleichen braunen Farbe versehen, die f\u00fcr Ergonomie sorgt. Die <strong data-start=\"675\" data-end=\"704\">verstellbaren Schultergurte<\/strong> mit Metallringen sorgen f\u00fcr einen sicheren Sitz, w\u00e4hrend <strong data-start=\"764\" data-end=\"785\">die verst\u00e4rkten N\u00e4hte<\/strong> eine lange Haltbarkeit f\u00fcr den t\u00e4glichen Gebrauch gew\u00e4hrleisten. Ideal f\u00fcr <strong data-start=\"841\" data-end=\"891\">Barista, Barkeeper, Service, K\u00fcche, K\u00f6rperpflege<\/strong> und Einzelhandel.<\/p>\n<p data-start=\"905\" data-end=\"1018\"><strong data-start=\"905\" data-end=\"952\">Unisex &#8211; Einheitsgr\u00f6\u00dfe mit verstellbaren Tr\u00e4gern.<\/strong><br data-start=\"952\" data-end=\"955\" \/>Auf Anfrage in anderen Farben\/Kombinationen erh\u00e4ltlich.<\/p>\n<h2 data-start=\"1020\" data-end=\"1037\">Eigenschaften<\/h2>\n<ul data-start=\"1038\" data-end=\"1355\">\n<li data-start=\"1038\" data-end=\"1109\">\n<p data-start=\"1040\" data-end=\"1109\">Boden: Hochwertiges Kunstleder (Soft-Touch, leicht zu reinigen)<\/p>\n<\/li>\n<li data-start=\"1110\" data-end=\"1145\">\n<p data-start=\"1112\" data-end=\"1145\">Gro\u00dfe ergonomische Fronttasche<\/p>\n<\/li>\n<li data-start=\"1146\" data-end=\"1196\">\n<p data-start=\"1148\" data-end=\"1196\">Dekoratives diagonales Detail in Braunt\u00f6nen<\/p>\n<\/li>\n<li data-start=\"1197\" data-end=\"1249\">\n<p data-start=\"1199\" data-end=\"1249\">Verstellbare Schultergurte mit Metallringen<\/p>\n<\/li>\n<li data-start=\"1250\" data-end=\"1295\">\n<p data-start=\"1252\" data-end=\"1295\">Verst\u00e4rkte N\u00e4hte, industrielle Pr\u00e4zision<\/p>\n<\/li>\n<li data-start=\"1296\" data-end=\"1355\">\n<p data-start=\"1298\" data-end=\"1355\">Unisex, Einheitsgr\u00f6\u00dfe &#8211; geeignet f\u00fcr Gr\u00f6\u00dfen\/K\u00f6rpergr\u00f6\u00dfen von S bis XXL<\/p>\n<\/li>\n<\/ul>\n<h2 data-start=\"1357\" data-end=\"1368\">Pflege<\/h2>\n<p data-start=\"1369\" data-end=\"1510\">Mit einem feuchten Tuch und einem milden Reinigungsmittel abwischen. Keine Bleichmittel oder einen Trockner verwenden. L\u00e4ngerer Kontakt mit hohen Temperaturen ist zu vermeiden.<\/p>\n<h2 data-start=\"1512\" data-end=\"1552\">Individuelle Optionen (auf Anfrage)<\/h2>\n<p data-start=\"1553\" data-end=\"1634\">Grund- und Detailfarben, Taschentyp, Stickerei\/Logo hinzuf\u00fcgen, L\u00e4nge.<\/p>\n<h1 data-start=\"1636\" data-end=\"1641\"><\/h1>\n","protected":false},"featured_media":14713,"comment_status":"closed","ping_status":"closed","template":"","meta":[],"product_cat":[57,8,11,12,42,73,23,7,15,17,58,13,21,14,24],"product_tag":[],"class_list":{"0":"post-14709","1":"product","2":"type-product","3":"status-publish","4":"has-post-thumbnail","6":"product_cat-2024-2025","7":"product_cat-artists","8":"product_cat-barista","9":"product_cat-bartender","10":"product_cat-coffee-lovers","11":"product_cat-stock-aprons-one-of-a-kind","12":"product_cat-in-stock","13":"product_cat-hospitality","14":"product_cat-barber-hairdresser","15":"product_cat-nail-artist","16":"product_cat-58","17":"product_cat-service","18":"product_cat-chef","19":"product_cat-somelie","20":"product_cat-aprons","22":"first","23":"instock","24":"taxable","25":"shipping-taxable","26":"purchasable","27":"product-type-simple"},"_links":{"self":[{"href":"https:\/\/www.2ha.gr\/de\/wp-json\/wp\/v2\/product\/14709","targetHints":{"allow":["GET"]}}],"collection":[{"href":"https:\/\/www.2ha.gr\/de\/wp-json\/wp\/v2\/product"}],"about":[{"href":"https:\/\/www.2ha.gr\/de\/wp-json\/wp\/v2\/types\/product"}],"replies":[{"embeddable":true,"href":"https:\/\/www.2ha.gr\/de\/wp-json\/wp\/v2\/comments?post=14709"}],"wp:featuredmedia":[{"embeddable":true,"href":"https:\/\/www.2ha.gr\/de\/wp-json\/wp\/v2\/media\/14713"}],"wp:attachment":[{"href":"https:\/\/www.2ha.gr\/de\/wp-json\/wp\/v2\/media?parent=14709"}],"wp:term":[{"taxonomy":"product_cat","embeddable":true,"href":"https:\/\/www.2ha.gr\/de\/wp-json\/wp\/v2\/product_cat?post=14709"},{"taxonomy":"product_tag","embeddable":true,"href":"https:\/\/www.2ha.gr\/de\/wp-json\/wp\/v2\/product_tag?post=14709"}],"curies":[{"name":"wp","href":"https:\/\/api.w.org\/{rel}","templated":true}]}}