{"id":14779,"date":"2025-11-04T16:04:03","date_gmt":"2025-11-04T14:04:03","guid":{"rendered":"https:\/\/www.2ha.gr\/?post_type=product&#038;p=14779"},"modified":"2025-11-04T16:07:41","modified_gmt":"2025-11-04T14:07:41","slug":"overshirt-canvas-rugged-%ce%ba%ce%b1%cf%86%ce%ad","status":"publish","type":"product","link":"https:\/\/www.2ha.gr\/de\/product\/overshirt-canvas-rugged-%ce%ba%ce%b1%cf%86%ce%ad\/","title":{"rendered":"Overshirt Canvas \u201cRugged\u201d \u2013 \u039a\u03b1\u03c6\u03ad"},"content":{"rendered":"<p><\/p>\n<p data-start=\"624\" data-end=\"801\">Unisex-\u00dcberhemd aus Baumwoll-Canvas mit <strong data-start=\"664\" data-end=\"678\">Distressed-Struktur<\/strong>. Doppelte N\u00e4hte, Metallnieten, zwei Fronttaschen mit Klappe. Gen\u00e4ht in Griechenland von 2 Handmade Aprons.<\/p>\n<h2 data-start=\"803\" data-end=\"825\">Detaillierte Beschreibung<\/h2>\n<ul data-start=\"826\" data-end=\"1411\">\n<li data-start=\"826\" data-end=\"937\">\n<p data-start=\"828\" data-end=\"937\"><strong data-start=\"828\" data-end=\"847\">Stoffbasis:<\/strong> Baumwoll-Canvas mit speziellem <strong data-start=\"885\" data-end=\"899\">Distressed-Finish<\/strong> f\u00fcr &#8222;Workwear&#8220;-Charakter.<\/p>\n<\/li>\n<li data-start=\"938\" data-end=\"987\">\n<p data-start=\"940\" data-end=\"987\"><strong data-start=\"940\" data-end=\"953\">Verschluss:<\/strong> Druckkn\u00f6pfe aus Metall.<\/p>\n<\/li>\n<li data-start=\"988\" data-end=\"1051\">\n<p data-start=\"990\" data-end=\"1051\"><strong data-start=\"990\" data-end=\"1001\">Taschen:<\/strong> 2 Vordertaschen mit Patte und geschwungenen N\u00e4hten.<\/p>\n<\/li>\n<li data-start=\"1052\" data-end=\"1134\">\n<p data-start=\"1054\" data-end=\"1134\"><strong data-start=\"1054\" data-end=\"1064\">N\u00e4hte:<\/strong> doppelt\/verst\u00e4rkt, ideal f\u00fcr den t\u00e4glichen Gebrauch in Service und Bar.<\/p>\n<\/li>\n<li data-start=\"1135\" data-end=\"1208\">\n<p data-start=\"1137\" data-end=\"1208\"><strong data-start=\"1137\" data-end=\"1148\">Schnitt:<\/strong> normal, bequem zum \u00dcberziehen \u00fcber T-Shirt oder Hemd.<\/p>\n<\/li>\n<li data-start=\"1209\" data-end=\"1271\">\n<p data-start=\"1211\" data-end=\"1271\"><strong data-start=\"1211\" data-end=\"1224\">Verarbeitung:<\/strong> abgerundeter Boden f\u00fcr besseren Fall.<\/p>\n<\/li>\n<li data-start=\"1272\" data-end=\"1329\">\n<p data-start=\"1274\" data-end=\"1329\"><strong data-start=\"1274\" data-end=\"1288\">Herkunft:<\/strong> Design und N\u00e4hen in Griechenland durch 2HA.<\/p>\n<\/li>\n<li data-start=\"1330\" data-end=\"1411\">\n<p data-start=\"1332\" data-end=\"1411\"><strong data-start=\"1332\" data-end=\"1349\">Personalisierung:<\/strong> Stickerei\/Etikett kann auf Anfrage hinzugef\u00fcgt werden.<\/p>\n<\/li>\n<\/ul>\n<h2 data-start=\"1413\" data-end=\"1421\">Verwendung:<\/h2>\n<p data-start=\"1422\" data-end=\"1490\">Perfekt f\u00fcr Barista, Service, l\u00e4ssige Arbeitskleidung oder Streetwear-Look.<\/p>\n<h2 data-start=\"1492\" data-end=\"1503\">Pflege<\/h2>\n<p data-start=\"1504\" data-end=\"1641\">Auf den Kopf gestellt bei 30 \u00b0C waschen, Feinwaschmittel, nicht bleichen. Im Schatten auftragen. Nicht im Trockner trocknen, um das Finish zu erhalten.<\/p>\n<p><\/p>","protected":false},"excerpt":{"rendered":"<h2 data-start=\"578\" data-end=\"623\">Kurzbeschreibung (f\u00fcr \u00fcber den Korb)<\/h2>\n<p data-start=\"624\" data-end=\"801\">Unisex-\u00dcberhemd aus Baumwoll-Canvas mit <strong data-start=\"664\" data-end=\"678\">Distressed-Struktur<\/strong>. Doppelte N\u00e4hte, Metallnieten, zwei Vordertaschen mit Klappe. Gen\u00e4ht in Griechenland von 2 Handmade Aprons.<\/p>\n<h2 data-start=\"803\" data-end=\"825\">Detaillierte Beschreibung<\/h2>\n<ul data-start=\"826\" data-end=\"1411\">\n<li data-start=\"826\" data-end=\"937\">\n<p data-start=\"828\" data-end=\"937\"><strong data-start=\"828\" data-end=\"847\">Stoffbasis:<\/strong> Baumwoll-Canvas mit speziellem <strong data-start=\"885\" data-end=\"899\">Distressed-Finish<\/strong> f\u00fcr &#8222;Workwear&#8220;-Charakter.<\/p>\n<\/li>\n<li data-start=\"938\" data-end=\"987\">\n<p data-start=\"940\" data-end=\"987\"><strong data-start=\"940\" data-end=\"953\">Verschluss:<\/strong> Druckkn\u00f6pfe aus Metall.<\/p>\n<\/li>\n<li data-start=\"988\" data-end=\"1051\">\n<p data-start=\"990\" data-end=\"1051\"><strong data-start=\"990\" data-end=\"1001\">Taschen:<\/strong> 2 Vordertaschen mit Patte und geschwungenen N\u00e4hten.<\/p>\n<\/li>\n<li data-start=\"1052\" data-end=\"1134\">\n<p data-start=\"1054\" data-end=\"1134\"><strong data-start=\"1054\" data-end=\"1064\">N\u00e4hte:<\/strong> doppelt\/verst\u00e4rkt, ideal f\u00fcr den t\u00e4glichen Gebrauch in Service und Bar.<\/p>\n<\/li>\n<li data-start=\"1135\" data-end=\"1208\">\n<p data-start=\"1137\" data-end=\"1208\"><strong data-start=\"1137\" data-end=\"1148\">Schnitt:<\/strong> normal, bequem zum \u00dcberziehen \u00fcber T-Shirt oder Hemd.<\/p>\n<\/li>\n<li data-start=\"1209\" data-end=\"1271\">\n<p data-start=\"1211\" data-end=\"1271\"><strong data-start=\"1211\" data-end=\"1224\">Verarbeitung:<\/strong> abgerundeter Boden f\u00fcr besseren Fall.<\/p>\n<\/li>\n<li data-start=\"1272\" data-end=\"1329\">\n<p data-start=\"1274\" data-end=\"1329\"><strong data-start=\"1274\" data-end=\"1288\">Herkunft:<\/strong> Design und N\u00e4hen in Griechenland durch 2HA.<\/p>\n<\/li>\n<li data-start=\"1330\" data-end=\"1411\">\n<p data-start=\"1332\" data-end=\"1411\"><strong data-start=\"1332\" data-end=\"1349\">Personalisierung:<\/strong> Stickerei\/Etikett kann auf Anfrage hinzugef\u00fcgt werden.<\/p>\n<\/li>\n<\/ul>\n","protected":false},"featured_media":14750,"comment_status":"closed","ping_status":"closed","template":"","meta":[],"product_cat":[25],"product_tag":[],"class_list":{"0":"post-14779","1":"product","2":"type-product","3":"status-publish","4":"has-post-thumbnail","6":"product_cat-little-2ha","8":"first","9":"instock","10":"taxable","11":"shipping-taxable","12":"purchasable","13":"product-type-variable"},"_links":{"self":[{"href":"https:\/\/www.2ha.gr\/de\/wp-json\/wp\/v2\/product\/14779","targetHints":{"allow":["GET"]}}],"collection":[{"href":"https:\/\/www.2ha.gr\/de\/wp-json\/wp\/v2\/product"}],"about":[{"href":"https:\/\/www.2ha.gr\/de\/wp-json\/wp\/v2\/types\/product"}],"replies":[{"embeddable":true,"href":"https:\/\/www.2ha.gr\/de\/wp-json\/wp\/v2\/comments?post=14779"}],"wp:featuredmedia":[{"embeddable":true,"href":"https:\/\/www.2ha.gr\/de\/wp-json\/wp\/v2\/media\/14750"}],"wp:attachment":[{"href":"https:\/\/www.2ha.gr\/de\/wp-json\/wp\/v2\/media?parent=14779"}],"wp:term":[{"taxonomy":"product_cat","embeddable":true,"href":"https:\/\/www.2ha.gr\/de\/wp-json\/wp\/v2\/product_cat?post=14779"},{"taxonomy":"product_tag","embeddable":true,"href":"https:\/\/www.2ha.gr\/de\/wp-json\/wp\/v2\/product_tag?post=14779"}],"curies":[{"name":"wp","href":"https:\/\/api.w.org\/{rel}","templated":true}]}}