{"id":14812,"date":"2025-11-05T09:56:45","date_gmt":"2025-11-05T07:56:45","guid":{"rendered":"https:\/\/www.2ha.gr\/?post_type=product&#038;p=14812"},"modified":"2025-11-05T09:56:48","modified_gmt":"2025-11-05T07:56:48","slug":"frida-green-shirt","status":"publish","type":"product","link":"https:\/\/www.2ha.gr\/de\/product\/frida-green-shirt\/","title":{"rendered":"Frida Green shirt"},"content":{"rendered":"<p><\/p>\n<ul data-start=\"400\" data-end=\"889\">\n<li data-start=\"400\" data-end=\"478\">\n<p data-start=\"402\" data-end=\"478\"><strong data-start=\"402\" data-end=\"421\">Stoffbasis:<\/strong> leichter Hemden-\/Popeline-Stoff f\u00fcr K\u00fchle und Komfort.<\/p>\n<\/li>\n<li data-start=\"479\" data-end=\"609\">\n<p data-start=\"481\" data-end=\"609\"><strong data-start=\"481\" data-end=\"520\">Dekoratives Detail auf der Vorderseite:<\/strong> <strong data-start=\"531\" data-end=\"541\">Baumwoll-Lonette<\/strong> mit Digitaldruck (Frida-Muster), um den Umfang herum gen\u00e4ht, um die Haltbarkeit zu gew\u00e4hrleisten.<\/p>\n<\/li>\n<li data-start=\"610\" data-end=\"680\">\n<p data-start=\"612\" data-end=\"680\"><strong data-start=\"612\" data-end=\"632\">Halsausschnitt\/Verschluss:<\/strong> praktischer Halsausschnitt mit seitlicher \u00d6ffnung und Druckkn\u00f6pfen.<\/p>\n<\/li>\n<li data-start=\"681\" data-end=\"749\">\n<p data-start=\"683\" data-end=\"749\"><strong data-start=\"683\" data-end=\"694\">Schnitt:<\/strong> <strong data-start=\"695\" data-end=\"705\">unisex<\/strong>, bequem &#8211; bequem \u00fcber dem T-Shirt zu tragen.<\/p>\n<\/li>\n<li data-start=\"750\" data-end=\"821\">\n<p data-start=\"752\" data-end=\"821\"><strong data-start=\"752\" data-end=\"761\">Naht:<\/strong> Design und Herstellung in Griechenland durch 2 Handmade Aprons.<\/p>\n<\/li>\n<li data-start=\"822\" data-end=\"889\">\n<p data-start=\"824\" data-end=\"889\"><strong data-start=\"824\" data-end=\"841\">Personalisierung:<\/strong> Namens-\/Logostickerei auf Anfrage.<\/p>\n<\/li>\n<\/ul>\n<h2 data-start=\"891\" data-end=\"907\">Ideal f\u00fcr<\/h2>\n<p data-start=\"908\" data-end=\"1006\">Sch\u00f6nheitszentren, Arztpraxen, Apotheken, Spa\/Wellness, Rezeption, Barista, die einen einzigartigen Stil w\u00fcnschen.<\/p>\n<h2 data-start=\"1008\" data-end=\"1021\">Pflege<\/h2>\n<p data-start=\"1022\" data-end=\"1117\">Waschen bei 30 \u00b0C, mildes Programm. Nicht bleichen. Bei mittlerer Temperatur mit der Oberseite nach unten b\u00fcgeln.<\/p>\n<p><\/p>","protected":false},"excerpt":{"rendered":"<p>Bequemes <strong data-start=\"165\" data-end=\"195\">Arbeitshemd<\/strong> in Oliv\/Gr\u00fcn, mit <strong data-start=\"216\" data-end=\"251\">einem gro\u00dfen dekorativen Detail<\/strong> auf der Vorderseite mit <em data-start=\"278\" data-end=\"285\">Frida-Motiv<\/em>. Leicht, strapazierf\u00e4hig und praktisch f\u00fcr den stundenlangen Einsatz in \u00c4sthetik, Arztpraxen, Apotheken &amp; Wellness.<\/p>\n","protected":false},"featured_media":14770,"comment_status":"closed","ping_status":"closed","template":"","meta":[],"product_cat":[25],"product_tag":[],"class_list":{"0":"post-14812","1":"product","2":"type-product","3":"status-publish","4":"has-post-thumbnail","6":"product_cat-little-2ha","8":"first","9":"instock","10":"taxable","11":"shipping-taxable","12":"purchasable","13":"product-type-variable"},"_links":{"self":[{"href":"https:\/\/www.2ha.gr\/de\/wp-json\/wp\/v2\/product\/14812","targetHints":{"allow":["GET"]}}],"collection":[{"href":"https:\/\/www.2ha.gr\/de\/wp-json\/wp\/v2\/product"}],"about":[{"href":"https:\/\/www.2ha.gr\/de\/wp-json\/wp\/v2\/types\/product"}],"replies":[{"embeddable":true,"href":"https:\/\/www.2ha.gr\/de\/wp-json\/wp\/v2\/comments?post=14812"}],"wp:featuredmedia":[{"embeddable":true,"href":"https:\/\/www.2ha.gr\/de\/wp-json\/wp\/v2\/media\/14770"}],"wp:attachment":[{"href":"https:\/\/www.2ha.gr\/de\/wp-json\/wp\/v2\/media?parent=14812"}],"wp:term":[{"taxonomy":"product_cat","embeddable":true,"href":"https:\/\/www.2ha.gr\/de\/wp-json\/wp\/v2\/product_cat?post=14812"},{"taxonomy":"product_tag","embeddable":true,"href":"https:\/\/www.2ha.gr\/de\/wp-json\/wp\/v2\/product_tag?post=14812"}],"curies":[{"name":"wp","href":"https:\/\/api.w.org\/{rel}","templated":true}]}}