{"id":1482,"date":"2018-08-30T11:31:30","date_gmt":"2018-08-30T09:31:30","guid":{"rendered":"https:\/\/www.2ha.gr\/?post_type=product&#038;p=1482"},"modified":"2019-07-05T09:57:04","modified_gmt":"2019-07-05T07:57:04","slug":"the-lahour-apron","status":"publish","type":"product","link":"https:\/\/www.2ha.gr\/de\/product\/the-lahour-apron\/","title":{"rendered":"The Lahour Apron"},"content":{"rendered":"<p>Hohe \u00c4sthetik und Qualit\u00e4t Stoff mit Lachouri , kombiniert mit hellblauen Jeans.<\/p>\n<p>Insgesamt vier Taschen, k\u00fchles Futter und Kreuzgurte<\/p>","protected":false},"excerpt":{"rendered":"<p>Hohe \u00c4sthetik und Qualit\u00e4t Stoff mit Lachouri , kombiniert mit hellblauen Jeans. Insgesamt vier Taschen, k\u00fchles Futter und Kreuzgurte<\/p>\n","protected":false},"featured_media":1468,"comment_status":"open","ping_status":"closed","template":"","meta":[],"product_cat":[11,12,23,7,15,17,13,21,14,24],"product_tag":[],"class_list":{"0":"post-1482","1":"product","2":"type-product","3":"status-publish","4":"has-post-thumbnail","6":"product_cat-barista","7":"product_cat-bartender","8":"product_cat-in-stock","9":"product_cat-hospitality","10":"product_cat-barber-hairdresser","11":"product_cat-nail-artist","12":"product_cat-service","13":"product_cat-chef","14":"product_cat-somelie","15":"product_cat-aprons","17":"first","18":"instock","19":"sale","20":"taxable","21":"shipping-taxable","22":"purchasable","23":"product-type-simple"},"_links":{"self":[{"href":"https:\/\/www.2ha.gr\/de\/wp-json\/wp\/v2\/product\/1482","targetHints":{"allow":["GET"]}}],"collection":[{"href":"https:\/\/www.2ha.gr\/de\/wp-json\/wp\/v2\/product"}],"about":[{"href":"https:\/\/www.2ha.gr\/de\/wp-json\/wp\/v2\/types\/product"}],"replies":[{"embeddable":true,"href":"https:\/\/www.2ha.gr\/de\/wp-json\/wp\/v2\/comments?post=1482"}],"wp:featuredmedia":[{"embeddable":true,"href":"https:\/\/www.2ha.gr\/de\/wp-json\/wp\/v2\/media\/1468"}],"wp:attachment":[{"href":"https:\/\/www.2ha.gr\/de\/wp-json\/wp\/v2\/media?parent=1482"}],"wp:term":[{"taxonomy":"product_cat","embeddable":true,"href":"https:\/\/www.2ha.gr\/de\/wp-json\/wp\/v2\/product_cat?post=1482"},{"taxonomy":"product_tag","embeddable":true,"href":"https:\/\/www.2ha.gr\/de\/wp-json\/wp\/v2\/product_tag?post=1482"}],"curies":[{"name":"wp","href":"https:\/\/api.w.org\/{rel}","templated":true}]}}