{"id":14919,"date":"2025-12-12T11:10:18","date_gmt":"2025-12-12T09:10:18","guid":{"rendered":"https:\/\/www.2ha.gr\/?post_type=product&#038;p=14919"},"modified":"2025-12-12T12:07:18","modified_gmt":"2025-12-12T10:07:18","slug":"%cf%83%ce%b5%cf%84-%ce%b9%ce%b1%cf%84%cf%81%ce%b9%ce%ba%ce%b7%cf%83-%ce%b1%ce%b9%cf%83%ce%b8%ce%b7%cf%84%ce%b9%ce%ba%ce%b7%cf%83-coral-frida-edition","status":"publish","type":"product","link":"https:\/\/www.2ha.gr\/de\/product\/%cf%83%ce%b5%cf%84-%ce%b9%ce%b1%cf%84%cf%81%ce%b9%ce%ba%ce%b7%cf%83-%ce%b1%ce%b9%cf%83%ce%b8%ce%b7%cf%84%ce%b9%ce%ba%ce%b7%cf%83-coral-frida-edition\/","title":{"rendered":"\u03a3\u0395\u03a4 \u0399\u0391\u03a4\u03a1\u0399\u039a\u0397\u03a3 \/ \u0391\u0399\u03a3\u0398\u0397\u03a4\u0399\u039a\u0397\u03a3 \u2013 CORAL FRIDA EDITION"},"content":{"rendered":"<p><\/p>\n<p data-start=\"1912\" data-end=\"2101\"><em><strong>Premium-Set f\u00fcr Medizin\/\u00c4sthetik mit Hemd (Shirt) mit gr\u00fcner Vorderseite und dekorativem Frida-Detail im Digitaldruck.<\/strong><\/em><\/p>\n<p data-start=\"1912\" data-end=\"2101\"><em><strong> Bequeme Hose, professionelle 2HA-Naht. Produktkonzept \u2013 Farben und Stoffe nach Absprache anpassbar.<\/strong><\/em><\/p>\n<p><em><strong>Kontaktieren Sie uns f\u00fcr Farboptionen und Materialkombinationen.<\/p>\n<p>2431302841 &amp;   info@2ha.gr<\/strong><\/em><\/p>","protected":false},"excerpt":{"rendered":"<ul data-start=\"2125\" data-end=\"2322\">\n<li data-start=\"2293\" data-end=\"2322\">\n<ul data-start=\"456\" data-end=\"782\">\n<li data-start=\"456\" data-end=\"538\">\n<p data-start=\"458\" data-end=\"538\">Bequemes <strong data-start=\"458\" data-end=\"479\">Hemd<\/strong> mit seitlichen \u00d6ffnungen f\u00fcr mehr Bewegungsfreiheit<\/p>\n<\/li>\n<li data-start=\"539\" data-end=\"599\">\n<p data-start=\"541\" data-end=\"599\"><strong data-start=\"551\" data-end=\"579\">Dekoratives Detail<\/strong> mit <em data-start=\"590\" data-end=\"597\">Frida<\/em>-Motiv auf der Vorderseite<\/p>\n<\/li>\n<li data-start=\"600\" data-end=\"638\">\n<p data-start=\"602\" data-end=\"638\"><strong data-start=\"602\" data-end=\"629\">Zwei praktische Taschen<\/strong> vorne<\/p>\n<\/li>\n<li data-start=\"639\" data-end=\"705\">\n<p data-start=\"641\" data-end=\"705\">Hose mit Gummizug in der Taille und bequemer Passform f\u00fcr langen Tragekomfort<\/p>\n<\/li>\n<li data-start=\"706\" data-end=\"744\">\n<p data-start=\"708\" data-end=\"744\">Unisex-Design, verschiedene Gr\u00f6\u00dfen<\/p>\n<\/li>\n<li data-start=\"745\" data-end=\"782\">\n<p data-start=\"747\" data-end=\"782\">Griechisches Design &amp; 2HA-N\u00e4hte<\/p>\n<\/li>\n<\/ul>\n<h2 data-start=\"784\" data-end=\"792\">Material<\/h2>\n<ul data-start=\"793\" data-end=\"969\">\n<li data-start=\"793\" data-end=\"881\">\n<p data-start=\"795\" data-end=\"881\"><strong data-start=\"795\" data-end=\"804\">Grundmaterial:<\/strong> weiches, strapazierf\u00e4higes, pflegeleichtes Gewebe (ideal f\u00fcr den t\u00e4glichen Gebrauch).<\/p>\n<\/li>\n<li data-start=\"882\" data-end=\"969\">\n<p data-start=\"884\" data-end=\"969\"><strong data-start=\"884\" data-end=\"915\">Dekorative Details:<\/strong> hochaufl\u00f6sender Digitaldruck (farbbest\u00e4ndig).<\/p>\n<\/li>\n<\/ul>\n<h2 data-start=\"971\" data-end=\"982\">Pflege<\/h2>\n<p data-start=\"983\" data-end=\"1081\">Waschen bei <strong data-start=\"997\" data-end=\"1006\">30 \u00b0C<\/strong> (Schonwaschgang). B\u00fcgeln bei niedriger\/mittlerer Temperatur. <strong data-start=\"1062\" data-end=\"1069\">Kein<\/strong> Bleichmittel.<\/p>\n<p>Kontaktieren Sie uns f\u00fcr Farboptionen und Materialkombinationen.<\/li>\n<\/ul>\n<p><em><strong>\u00a0 \u00a0 \u00a0 \u00a0 \u00a0 \u00a02431302841 &amp;   info@2ha.gr<\/strong><\/em><\/p>\n","protected":false},"featured_media":14883,"comment_status":"closed","ping_status":"closed","template":"","meta":[],"product_cat":[25],"product_tag":[],"class_list":{"0":"post-14919","1":"product","2":"type-product","3":"status-publish","4":"has-post-thumbnail","6":"product_cat-little-2ha","8":"first","9":"instock","10":"sale","11":"taxable","12":"shipping-taxable","13":"purchasable","14":"product-type-variable"},"_links":{"self":[{"href":"https:\/\/www.2ha.gr\/de\/wp-json\/wp\/v2\/product\/14919","targetHints":{"allow":["GET"]}}],"collection":[{"href":"https:\/\/www.2ha.gr\/de\/wp-json\/wp\/v2\/product"}],"about":[{"href":"https:\/\/www.2ha.gr\/de\/wp-json\/wp\/v2\/types\/product"}],"replies":[{"embeddable":true,"href":"https:\/\/www.2ha.gr\/de\/wp-json\/wp\/v2\/comments?post=14919"}],"wp:featuredmedia":[{"embeddable":true,"href":"https:\/\/www.2ha.gr\/de\/wp-json\/wp\/v2\/media\/14883"}],"wp:attachment":[{"href":"https:\/\/www.2ha.gr\/de\/wp-json\/wp\/v2\/media?parent=14919"}],"wp:term":[{"taxonomy":"product_cat","embeddable":true,"href":"https:\/\/www.2ha.gr\/de\/wp-json\/wp\/v2\/product_cat?post=14919"},{"taxonomy":"product_tag","embeddable":true,"href":"https:\/\/www.2ha.gr\/de\/wp-json\/wp\/v2\/product_tag?post=14919"}],"curies":[{"name":"wp","href":"https:\/\/api.w.org\/{rel}","templated":true}]}}