{"id":14939,"date":"2025-12-12T11:43:02","date_gmt":"2025-12-12T09:43:02","guid":{"rendered":"https:\/\/www.2ha.gr\/?post_type=product&#038;p=14939"},"modified":"2026-04-15T09:50:55","modified_gmt":"2026-04-15T06:50:55","slug":"quilted-forest-2","status":"publish","type":"product","link":"https:\/\/www.2ha.gr\/de\/product\/quilted-forest-2\/","title":{"rendered":"Quilted Forest 2"},"content":{"rendered":"<p><\/p>\n<p data-start=\"2071\" data-end=\"2290\"><strong><em>Premium-Logik mit \u201eergonomischem\u201c Setup: Basis aus gr\u00fcnem Kunstleder und Steppstoff. Mit dekorativen Details in Braun und zwei gro\u00dfen Fronttaschen f\u00fcr Schichten mit hohem Arbeitsaufkommen.<\/em><\/strong><\/p>\n<p data-start=\"2292\" data-end=\"2310\"><strong><em>Eigenschaften<\/em><\/strong><\/p>\n<ul data-start=\"2311\" data-end=\"2516\">\n<li data-start=\"2311\" data-end=\"2352\">\n<p data-start=\"2313\" data-end=\"2352\"><strong><em>Basis: hochwertiges Kunstleder.<\/em><\/strong><\/p>\n<\/li>\n<li data-start=\"2353\" data-end=\"2399\">\n<p data-start=\"2355\" data-end=\"2399\"><strong><em>Diagonaler dekorativer Steppstreifen.<\/em><\/strong><\/p>\n<\/li>\n<li data-start=\"2400\" data-end=\"2454\">\n<p data-start=\"2402\" data-end=\"2454\"><strong><em>Zwei gro\u00dfe Taschen mit Verst\u00e4rkungen am Rand.<\/em><\/strong><\/p>\n<\/li>\n<li data-start=\"2455\" data-end=\"2499\">\n<p data-start=\"2457\" data-end=\"2499\"><strong><em>Verstellbare Tr\u00e4ger, gekreuzter R\u00fccken.<\/em><\/strong><\/p>\n<\/li>\n<li data-start=\"2500\" data-end=\"2516\">\n<p data-start=\"2502\" data-end=\"2516\"><strong><em>Unisex-Linie.<\/em><\/strong><\/p>\n<\/li>\n<\/ul>\n<p data-start=\"2518\" data-end=\"2581\"><strong><em>Pflege Mit einem<\/em><\/strong><br data-start=\"2530\" data-end=\"2533\" \/><strong><em>feuchten Tuch abwischen. Kein Bleichmittel\/Trockner.<\/em><\/strong><\/p>\n<p><\/p>","protected":false},"excerpt":{"rendered":"<p data-start=\"2071\" data-end=\"2290\"><strong><em>Premium-Logik mit \u201eergonomischem\u201c Setup: Basis aus gr\u00fcnem Kunstleder und Steppstoff. Mit dekorativen Details in Braun und zwei gro\u00dfen Fronttaschen f\u00fcr Schichten mit hohem Arbeitsaufkommen.<\/em><\/strong><\/p>\n<p data-start=\"2292\" data-end=\"2310\"><strong><em>Eigenschaften<\/em><\/strong><\/p>\n<ul data-start=\"2311\" data-end=\"2516\">\n<li data-start=\"2311\" data-end=\"2352\">\n<p data-start=\"2313\" data-end=\"2352\"><strong><em>Basis: hochwertiges Kunstleder.<\/em><\/strong><\/p>\n<\/li>\n<li data-start=\"2353\" data-end=\"2399\">\n<p data-start=\"2355\" data-end=\"2399\"><strong><em>Diagonaler dekorativer Steppstreifen.<\/em><\/strong><\/p>\n<\/li>\n<li data-start=\"2400\" data-end=\"2454\">\n<p data-start=\"2402\" data-end=\"2454\"><strong><em>Zwei gro\u00dfe Taschen mit Verst\u00e4rkungen am Rand.<\/em><\/strong><\/p>\n<\/li>\n<li data-start=\"2455\" data-end=\"2499\">\n<p data-start=\"2457\" data-end=\"2499\"><strong><em>Verstellbare Tr\u00e4ger, gekreuzter R\u00fccken.<\/em><\/strong><\/p>\n<\/li>\n<li data-start=\"2500\" data-end=\"2516\">\n<p data-start=\"2502\" data-end=\"2516\"><strong><em>Unisex-Linie.<\/em><\/strong><\/p>\n<\/li>\n<\/ul>\n<p data-start=\"2518\" data-end=\"2581\"><strong><em>Pflege Mit einem<\/em><\/strong><br data-start=\"2530\" data-end=\"2533\" \/><strong><em>feuchten Tuch abwischen. Kein Bleichmittel\/Trockner.<\/em><\/strong><\/p>\n","protected":false},"featured_media":14892,"comment_status":"closed","ping_status":"closed","template":"","meta":[],"product_cat":[57,8,11,12,42,73,23,40,7,15,17,13,21,14,24],"product_tag":[],"class_list":{"0":"post-14939","1":"product","2":"type-product","3":"status-publish","4":"has-post-thumbnail","6":"product_cat-2024-2025","7":"product_cat-artists","8":"product_cat-barista","9":"product_cat-bartender","10":"product_cat-coffee-lovers","11":"product_cat-stock-aprons-one-of-a-kind","12":"product_cat-in-stock","13":"product_cat-40","14":"product_cat-hospitality","15":"product_cat-barber-hairdresser","16":"product_cat-nail-artist","17":"product_cat-service","18":"product_cat-chef","19":"product_cat-somelie","20":"product_cat-aprons","22":"first","23":"outofstock","24":"sale","25":"taxable","26":"shipping-taxable","27":"purchasable","28":"product-type-simple"},"_links":{"self":[{"href":"https:\/\/www.2ha.gr\/de\/wp-json\/wp\/v2\/product\/14939","targetHints":{"allow":["GET"]}}],"collection":[{"href":"https:\/\/www.2ha.gr\/de\/wp-json\/wp\/v2\/product"}],"about":[{"href":"https:\/\/www.2ha.gr\/de\/wp-json\/wp\/v2\/types\/product"}],"replies":[{"embeddable":true,"href":"https:\/\/www.2ha.gr\/de\/wp-json\/wp\/v2\/comments?post=14939"}],"wp:featuredmedia":[{"embeddable":true,"href":"https:\/\/www.2ha.gr\/de\/wp-json\/wp\/v2\/media\/14892"}],"wp:attachment":[{"href":"https:\/\/www.2ha.gr\/de\/wp-json\/wp\/v2\/media?parent=14939"}],"wp:term":[{"taxonomy":"product_cat","embeddable":true,"href":"https:\/\/www.2ha.gr\/de\/wp-json\/wp\/v2\/product_cat?post=14939"},{"taxonomy":"product_tag","embeddable":true,"href":"https:\/\/www.2ha.gr\/de\/wp-json\/wp\/v2\/product_tag?post=14939"}],"curies":[{"name":"wp","href":"https:\/\/api.w.org\/{rel}","templated":true}]}}