{"id":15026,"date":"2026-01-08T13:18:06","date_gmt":"2026-01-08T11:18:06","guid":{"rendered":"https:\/\/www.2ha.gr\/?post_type=product&#038;p=15026"},"modified":"2026-01-08T13:19:58","modified_gmt":"2026-01-08T11:19:58","slug":"%ce%b8%ce%ae%ce%ba%ce%b7-%ce%b3%ce%b9%ce%b1-pda-%ce%b1%cf%83%cf%8d%cf%81%ce%bc%ce%b1%cf%84%ce%bf-pos-custom-logo","status":"publish","type":"product","link":"https:\/\/www.2ha.gr\/de\/product\/%ce%b8%ce%ae%ce%ba%ce%b7-%ce%b3%ce%b9%ce%b1-pda-%ce%b1%cf%83%cf%8d%cf%81%ce%bc%ce%b1%cf%84%ce%bf-pos-custom-logo\/","title":{"rendered":"\u0398\u03ae\u03ba\u03b7 \u03b3\u03b9\u03b1 PDA \/ \u0391\u03c3\u03cd\u03c1\u03bc\u03b1\u03c4\u03bf POS \u2013 Custom Logo"},"content":{"rendered":"<p><\/p>\n<p data-start=\"1278\" data-end=\"1478\">Der Alltag im Servicebereich verzeiht keine Verz\u00f6gerungen. Die Oberschenkelhalterung 2HA wurde entwickelt<strong data-start=\"1392\" data-end=\"1432\">,<\/strong> um Ihr Ger\u00e4t <strong data-start=\"1392\" data-end=\"1432\">sicher und an der richtigen Stelle<\/strong> zu halten, damit Sie schneller und bequemer arbeiten k\u00f6nnen.<\/p>\n<p data-start=\"1480\" data-end=\"1632\">Sie wird <strong data-start=\"1495\" data-end=\"1529\">in unserer Werkstatt handgefertigt<\/strong>, wobei der Schwerpunkt auf Haltbarkeit und Funktionalit\u00e4t liegt, und l\u00e4sst sich leicht mit einem Wisch reinigen (<strong data-start=\"1617\" data-end=\"1630\">wipe &amp; go<\/strong>).<\/p>\n<p data-start=\"1634\" data-end=\"1798\">Die braune Frontplatte ist der Ort, an dem Ihr Unternehmen \u201einszeniert\u201d wird: Hier k\u00f6nnen Sie <strong data-start=\"1720\" data-end=\"1744\">Ihr Logo und Ihren Slogan<\/strong> anbringen, um ein professionelles Image und ein einheitliches Erscheinungsbild Ihres Teams zu erzielen.<\/p>\n<h3 data-start=\"1800\" data-end=\"1819\"><strong data-start=\"1804\" data-end=\"1819\">Ideal f\u00fcr<\/strong><\/h3>\n<ul data-start=\"1820\" data-end=\"1936\">\n<li data-start=\"1820\" data-end=\"1847\">\n<p data-start=\"1822\" data-end=\"1847\">Caf\u00e9s \/ Restaurants \/ Bars<\/p>\n<\/li>\n<li data-start=\"1848\" data-end=\"1884\">\n<p data-start=\"1850\" data-end=\"1884\">Serviceteams &amp; Bestellannahme<\/p>\n<\/li>\n<li data-start=\"1885\" data-end=\"1936\">\n<p data-start=\"1887\" data-end=\"1936\">Verwendung mit PDA, drahtlosem POS und \u00e4hnlichen Ger\u00e4ten<\/p>\n<\/li>\n<\/ul>\n<h3 data-start=\"1938\" data-end=\"1960\"><strong data-start=\"1942\" data-end=\"1960\">Eigenschaften<\/strong><\/h3>\n<ul data-start=\"1961\" data-end=\"2204\">\n<li data-start=\"1961\" data-end=\"2001\">\n<p data-start=\"1963\" data-end=\"2001\">Handgefertigte Konstruktion 2HA (inhouse)<\/p>\n<\/li>\n<li data-start=\"2002\" data-end=\"2053\">\n<p data-start=\"2004\" data-end=\"2053\">Stabile Befestigung am Fu\u00df\/Oberschenkel f\u00fcr bequeme Bewegung<\/p>\n<\/li>\n<li data-start=\"2054\" data-end=\"2101\">\n<p data-start=\"2056\" data-end=\"2101\">Schneller Zugriff auf das Ger\u00e4t w\u00e4hrend der Schicht<\/p>\n<\/li>\n<li data-start=\"2102\" data-end=\"2124\">\n<p data-start=\"2104\" data-end=\"2124\">Einfache Reinigung<\/p>\n<\/li>\n<li data-start=\"2125\" data-end=\"2204\">\n<p data-start=\"2127\" data-end=\"2204\"><strong data-start=\"2127\" data-end=\"2146\">Individuelles Branding<\/strong>: Logo + Slogan auf der Vorderseite (nach Absprache)<\/p>\n<\/li>\n<\/ul>\n<p><\/p>","protected":false},"excerpt":{"rendered":"<p>Handgefertigte Oberschenkeltasche f\u00fcr PDA, drahtloses POS und Bestellger\u00e4te. Stabiler Sitz, schneller Zugriff, Personalisierungsm\u00f6glichkeit mit Logo + Slogan.<\/p>\n","protected":false},"featured_media":15025,"comment_status":"closed","ping_status":"closed","template":"","meta":[],"product_cat":[35,25,40,13],"product_tag":[],"class_list":{"0":"post-15026","1":"product","2":"type-product","3":"status-publish","4":"has-post-thumbnail","6":"product_cat-35","7":"product_cat-little-2ha","8":"product_cat-40","9":"product_cat-service","11":"first","12":"instock","13":"sale","14":"taxable","15":"shipping-taxable","16":"purchasable","17":"product-type-simple"},"_links":{"self":[{"href":"https:\/\/www.2ha.gr\/de\/wp-json\/wp\/v2\/product\/15026","targetHints":{"allow":["GET"]}}],"collection":[{"href":"https:\/\/www.2ha.gr\/de\/wp-json\/wp\/v2\/product"}],"about":[{"href":"https:\/\/www.2ha.gr\/de\/wp-json\/wp\/v2\/types\/product"}],"replies":[{"embeddable":true,"href":"https:\/\/www.2ha.gr\/de\/wp-json\/wp\/v2\/comments?post=15026"}],"wp:featuredmedia":[{"embeddable":true,"href":"https:\/\/www.2ha.gr\/de\/wp-json\/wp\/v2\/media\/15025"}],"wp:attachment":[{"href":"https:\/\/www.2ha.gr\/de\/wp-json\/wp\/v2\/media?parent=15026"}],"wp:term":[{"taxonomy":"product_cat","embeddable":true,"href":"https:\/\/www.2ha.gr\/de\/wp-json\/wp\/v2\/product_cat?post=15026"},{"taxonomy":"product_tag","embeddable":true,"href":"https:\/\/www.2ha.gr\/de\/wp-json\/wp\/v2\/product_tag?post=15026"}],"curies":[{"name":"wp","href":"https:\/\/api.w.org\/{rel}","templated":true}]}}