{"id":15169,"date":"2026-04-19T13:39:21","date_gmt":"2026-04-19T10:39:21","guid":{"rendered":"https:\/\/www.2ha.gr\/?post_type=product&#038;p=15169"},"modified":"2026-04-19T13:40:57","modified_gmt":"2026-04-19T10:40:57","slug":"barista-life-one-of-one-%cf%87%ce%b5%ce%b9%cf%81%ce%bf%cf%80%ce%bf%ce%af%ce%b7%cf%84%ce%b7-%ce%b4%ce%b5%cf%81%ce%bc%ce%ac%cf%84%ce%b9%ce%bd%ce%b7-%cf%80%ce%bf%ce%b4%ce%b9%ce%ac-limited-editi","status":"publish","type":"product","link":"https:\/\/www.2ha.gr\/de\/product\/barista-life-one-of-one-%cf%87%ce%b5%ce%b9%cf%81%ce%bf%cf%80%ce%bf%ce%af%ce%b7%cf%84%ce%b7-%ce%b4%ce%b5%cf%81%ce%bc%ce%ac%cf%84%ce%b9%ce%bd%ce%b7-%cf%80%ce%bf%ce%b4%ce%b9%ce%ac-limited-editi\/","title":{"rendered":"Barista Life One of One \u2013 \u03a7\u03b5\u03b9\u03c1\u03bf\u03c0\u03bf\u03af\u03b7\u03c4\u03b7 \u0394\u03b5\u03c1\u03bc\u03ac\u03c4\u03b9\u03bd\u03b7 \u03a0\u03bf\u03b4\u03b9\u03ac Limited Edition"},"content":{"rendered":"<p>Barista Life ist nicht einfach nur eine Arbeitssch\u00fcrze. Es ist ein Sammlerst\u00fcck und ein Statement-St\u00fcck, entworfen f\u00fcr alle, die Kaffee als Teil ihrer Identit\u00e4t und nicht nur als Beruf betrachten.<br \/>\nDiese handgefertigte Sch\u00fcrze aus 100 % Naturleder entstand als eines der au\u00dfergew\u00f6hnlichsten Projekte von 2 Handmade Aprons. Das zentrale Motiv ist ein exklusives Original-Kunstwerk, das von uns von Grund auf speziell f\u00fcr dieses St\u00fcck entworfen wurde. Es handelt sich weder um eine vorgefertigte Grafik noch um ein auf dem Markt erh\u00e4ltliches Design.<br \/>\nDie Gravur wurde in 34 Stunden Laserarbeit ausgef\u00fchrt, was allein schon das Ma\u00df an Detailgenauigkeit, Geduld und technischem K\u00f6nnen verdeutlicht, das f\u00fcr die Fertigstellung erforderlich war. Das Ergebnis ist eine Sch\u00fcrze mit starkem Charakter, tiefgr\u00fcndiger \u00c4sthetik und authentischer Barista-Identit\u00e4t.<br \/>\nDiese Sch\u00fcrze wurde als Einzelst\u00fcck entworfen und wird nicht nachproduziert. Das bedeutet, dass der Besitzer ein wirklich einzigartiges Produkt erh\u00e4lt, das nicht f\u00fcr die Massenproduktion bestimmt ist und in keiner zweiten Auflage existiert.<br \/>\nEigenschaften<br \/>\n100 % Naturleder<br \/>\nHandgefertigt<br \/>\nExklusives \u201eBarista Life\u201c-Design<br \/>\n34 Stunden Lasergravur<br \/>\nOne of a kind \/ Sammlerst\u00fcck<br \/>\nHochwertige Metallteile und Tr\u00e4ger<br \/>\nInnenfutter aus k\u00fchlem Baumwollstoff<br \/>\nHergestellt in Griechenland von 2 Handmade Aprons<br \/>\nF\u00fcr wen ist es gedacht?<br \/>\nIdeal f\u00fcr:<br \/>\nprofessionelle Baristas<br \/>\nCoffee-Shop-Besitzer<br \/>\nSammler von besonderen professionellen Artikeln<br \/>\nConcept-Stores, die sich optisch von anderen abheben m\u00f6chten<br \/>\nalle, die Kaffee, Design und authentische handgefertigte Produkte lieben<br \/>\nWarum es sich abhebt:<br \/>\nWeil es nicht nur auf einem sch\u00f6nen Material oder einem auff\u00e4lligen Aufdruck basiert. Es ist die Kombination aus:<br \/>\nNaturleder,<br \/>\nauthentischem Design,<br \/>\nstundelanger Laserbearbeitung<br \/>\nund der Philosophie von 2 Handmade Aprons rund um hochwertige handgefertigte Arbeitskleidung.<\/p>","protected":false},"excerpt":{"rendered":"<p>Eine handgefertigte Barista-Sammler-Sch\u00fcrze aus 100 % Naturleder, exklusiv entworfen und graviert von 2 Handmade Aprons. Mit einer 34-st\u00fcndigen Lasergravur, einem einzigartigen Kunstwerk und einer hochwertigen Verarbeitung handelt es sich um ein Unikat, das nie wieder hergestellt wird.<\/p>\n","protected":false},"featured_media":15170,"comment_status":"closed","ping_status":"closed","template":"","meta":[],"product_cat":[57,11,42,23,24],"product_tag":[],"class_list":{"0":"post-15169","1":"product","2":"type-product","3":"status-publish","4":"has-post-thumbnail","6":"product_cat-2024-2025","7":"product_cat-barista","8":"product_cat-coffee-lovers","9":"product_cat-in-stock","10":"product_cat-aprons","12":"first","13":"instock","14":"sale","15":"taxable","16":"shipping-taxable","17":"purchasable","18":"product-type-simple"},"_links":{"self":[{"href":"https:\/\/www.2ha.gr\/de\/wp-json\/wp\/v2\/product\/15169","targetHints":{"allow":["GET"]}}],"collection":[{"href":"https:\/\/www.2ha.gr\/de\/wp-json\/wp\/v2\/product"}],"about":[{"href":"https:\/\/www.2ha.gr\/de\/wp-json\/wp\/v2\/types\/product"}],"replies":[{"embeddable":true,"href":"https:\/\/www.2ha.gr\/de\/wp-json\/wp\/v2\/comments?post=15169"}],"wp:featuredmedia":[{"embeddable":true,"href":"https:\/\/www.2ha.gr\/de\/wp-json\/wp\/v2\/media\/15170"}],"wp:attachment":[{"href":"https:\/\/www.2ha.gr\/de\/wp-json\/wp\/v2\/media?parent=15169"}],"wp:term":[{"taxonomy":"product_cat","embeddable":true,"href":"https:\/\/www.2ha.gr\/de\/wp-json\/wp\/v2\/product_cat?post=15169"},{"taxonomy":"product_tag","embeddable":true,"href":"https:\/\/www.2ha.gr\/de\/wp-json\/wp\/v2\/product_tag?post=15169"}],"curies":[{"name":"wp","href":"https:\/\/api.w.org\/{rel}","templated":true}]}}