{"id":15190,"date":"2026-04-27T22:59:34","date_gmt":"2026-04-27T19:59:34","guid":{"rendered":"https:\/\/www.2ha.gr\/?post_type=product&#038;p=15190"},"modified":"2026-04-27T23:00:23","modified_gmt":"2026-04-27T20:00:23","slug":"navy-ethnic-apron-set-%cf%83%ce%b5%cf%84-4-%cf%87%ce%b5%ce%b9%cf%81%ce%bf%cf%80%ce%bf%ce%af%ce%b7%cf%84%ce%b5%cf%82-%cf%80%ce%bf%ce%b4%ce%b9%ce%ad%cf%82","status":"publish","type":"product","link":"https:\/\/www.2ha.gr\/de\/product\/navy-ethnic-apron-set-%cf%83%ce%b5%cf%84-4-%cf%87%ce%b5%ce%b9%cf%81%ce%bf%cf%80%ce%bf%ce%af%ce%b7%cf%84%ce%b5%cf%82-%cf%80%ce%bf%ce%b4%ce%b9%ce%ad%cf%82\/","title":{"rendered":"Navy Ethnic Apron Set \u2014 \u03a3\u03b5\u03c4 4 \u03a7\u03b5\u03b9\u03c1\u03bf\u03c0\u03bf\u03af\u03b7\u03c4\u03b5\u03c2 \u03a0\u03bf\u03b4\u03b9\u03ad\u03c2"},"content":{"rendered":"<p>Die Navy Ethnic ist eine sofort lieferbare Arbeitssch\u00fcrze, die f\u00fcr Gastronomiebetriebe konzipiert wurde, die sich ohne \u00dcbertreibungen von der Masse abheben m\u00f6chten.<\/p>\n<p>Die Grundfarbe ist ein dunkles Marineblau \u2013 eine sichere und zeitlose Wahl f\u00fcr den t\u00e4glichen professionellen Einsatz. Der ethnische Einsatz im oberen Bereich und die Details an den Taschen verleihen der Sch\u00fcrze einen besonderen Charakter und machen sie ideal f\u00fcr Caf\u00e9s, Restaurants, Weinbars, Brunch-Lokale, Boutique-Hotels und Einrichtungen mit gepflegter \u00c4sthetik.<\/p>\n<p>Es verf\u00fcgt \u00fcber zwei praktische Vordertaschen, verstellbare Tr\u00e4ger und sorgf\u00e4ltig verarbeitete N\u00e4hte, um Komfort und Funktionalit\u00e4t bei der t\u00e4glichen Arbeit zu bieten.<\/p>\n<p>Dieses Produkt ist als 4er-Set erh\u00e4ltlich und eignet sich ideal f\u00fcr Fachleute, die sofort Mitarbeiter-Sch\u00fcrzen ben\u00f6tigen, ohne auf eine Sonderanfertigung warten zu m\u00fcssen.<\/p>\n<p>Innen ist es mit einem k\u00fchlen Baumwollfutter ausgestattet, das f\u00fcr ein angenehmes Tragegef\u00fchl sorgt.<\/p>","protected":false},"excerpt":{"rendered":"<p>Set mit 4 handgefertigten Profi-Sch\u00fcrzen in Dunkelblau, mit ethnischem Zierband auf der Brust und an den Taschen. Ideal f\u00fcr Caf\u00e9s, Restaurants, Bars, Brunch-Lokale und Gastronomiebetriebe, die eine schnelle L\u00f6sung mit einzigartigem Stil suchen.<br \/>\nEndpreis des Sets: 195 \u20ac inkl. MwSt.<br \/>\nVerf\u00fcgbarkeit: 4 St\u00fcck \u2013 werden alle zusammen verkauft<\/p>\n","protected":false},"featured_media":15188,"comment_status":"closed","ping_status":"closed","template":"","meta":[],"product_cat":[57,8,73,23,7,24],"product_tag":[],"class_list":{"0":"post-15190","1":"product","2":"type-product","3":"status-publish","4":"has-post-thumbnail","6":"product_cat-2024-2025","7":"product_cat-artists","8":"product_cat-stock-aprons-one-of-a-kind","9":"product_cat-in-stock","10":"product_cat-hospitality","11":"product_cat-aprons","13":"first","14":"instock","15":"sale","16":"taxable","17":"shipping-taxable","18":"purchasable","19":"product-type-simple"},"_links":{"self":[{"href":"https:\/\/www.2ha.gr\/de\/wp-json\/wp\/v2\/product\/15190","targetHints":{"allow":["GET"]}}],"collection":[{"href":"https:\/\/www.2ha.gr\/de\/wp-json\/wp\/v2\/product"}],"about":[{"href":"https:\/\/www.2ha.gr\/de\/wp-json\/wp\/v2\/types\/product"}],"replies":[{"embeddable":true,"href":"https:\/\/www.2ha.gr\/de\/wp-json\/wp\/v2\/comments?post=15190"}],"wp:featuredmedia":[{"embeddable":true,"href":"https:\/\/www.2ha.gr\/de\/wp-json\/wp\/v2\/media\/15188"}],"wp:attachment":[{"href":"https:\/\/www.2ha.gr\/de\/wp-json\/wp\/v2\/media?parent=15190"}],"wp:term":[{"taxonomy":"product_cat","embeddable":true,"href":"https:\/\/www.2ha.gr\/de\/wp-json\/wp\/v2\/product_cat?post=15190"},{"taxonomy":"product_tag","embeddable":true,"href":"https:\/\/www.2ha.gr\/de\/wp-json\/wp\/v2\/product_tag?post=15190"}],"curies":[{"name":"wp","href":"https:\/\/api.w.org\/{rel}","templated":true}]}}