{"id":15196,"date":"2026-04-27T23:29:16","date_gmt":"2026-04-27T20:29:16","guid":{"rendered":"https:\/\/www.2ha.gr\/?post_type=product&#038;p=15196"},"modified":"2026-04-27T23:30:23","modified_gmt":"2026-04-27T20:30:23","slug":"anthracite-workwear-apron-set-%cf%83%ce%b5%cf%84-4-%cf%80%ce%bf%ce%b4%ce%b9%ce%ad%cf%82","status":"publish","type":"product","link":"https:\/\/www.2ha.gr\/de\/product\/anthracite-workwear-apron-set-%cf%83%ce%b5%cf%84-4-%cf%80%ce%bf%ce%b4%ce%b9%ce%ad%cf%82\/","title":{"rendered":"Anthracite Workwear Apron Set \u2014 \u03a3\u03b5\u03c4 4 \u03a0\u03bf\u03b4\u03b9\u03ad\u03c2"},"content":{"rendered":"<p><\/p>\n<blockquote><p>\u201eAnthracite Canvas &amp; Chocolate Leatherette\u201c ist eine handgefertigte Arbeitssch\u00fcrze mit ausgepr\u00e4gter Workwear-\u00c4sthetik, die f\u00fcr Umgebungen konzipiert ist, in denen im Arbeitsalltag Strapazierf\u00e4higkeit, Funktionalit\u00e4t und ein gepflegtes Erscheinungsbild gefragt sind.<\/p>\n<p>Die Basis bildet anthrazitfarbenes Canvas, ein Stoff mit robuster Haptik und professionellem Charakter, der sich f\u00fcr den intensiven Einsatz in der Gastronomie eignet. Die Details aus braunem\/schokoladenfarbenem Kunstleder an den Taschen und den Tr\u00e4gern verleihen dem Modell einen edleren Look und schaffen eine warme und ausgewogene Kombination mit dem anthrazitfarbenen Grundstoff.<\/p>\n<p>Sie verf\u00fcgt \u00fcber zwei praktische Vordertaschen, eine oben und eine weiter unten an der Seite, sodass sie sich bequem f\u00fcr den t\u00e4glichen Einsatz im Service, an der Bar, im Caf\u00e9, im Restaurant oder im Gastronomiebereich eignet. Die verstellbaren Tr\u00e4ger und die Metall\u00f6sen sorgen f\u00fcr eine bessere Passform und mehr Komfort w\u00e4hrend der Arbeit.<\/p>\n<p>Innen ist sie mit einem k\u00fchlen Baumwollfutter ausgestattet, das den ganzen Tag \u00fcber f\u00fcr ein angenehmes Tragegef\u00fchl sorgt.<\/p>\n<p>Dieses Produkt ist als 4er-Set erh\u00e4ltlich und sofort lieferbar, ohne Wartezeit f\u00fcr eine Sonderanfertigung.<\/p><\/blockquote>\n<p><\/p>","protected":false},"excerpt":{"rendered":"<p>Set aus 4 handgefertigten Profi-Sch\u00fcrzen aus anthrazitfarbenem Segeltuch, mit braunem\/schokoladenbraunem Kunstleder an den Taschen und Tr\u00e4gern. Eine robuste, sofort lieferbare Wahl f\u00fcr Caf\u00e9s, Bars, Restaurants, Bistros und Gastronomiebetriebe, die einen eher industriellen, professionellen Look w\u00fcnschen.<\/p>\n<p>Urspr\u00fcnglicher Setpreis: 260 \u20ac<\/p>\n<p>Endg\u00fcltiger Angebotspreis: 200 \u20ac inkl. MwSt.<\/p>\n<p>Verf\u00fcgbarkeit: 4 St\u00fcck \u2013 werden als Set verkauft<\/p>\n","protected":false},"featured_media":15189,"comment_status":"closed","ping_status":"closed","template":"","meta":[],"product_cat":[57,8,73,23,40,7],"product_tag":[],"class_list":{"0":"post-15196","1":"product","2":"type-product","3":"status-publish","4":"has-post-thumbnail","6":"product_cat-2024-2025","7":"product_cat-artists","8":"product_cat-stock-aprons-one-of-a-kind","9":"product_cat-in-stock","10":"product_cat-40","11":"product_cat-hospitality","13":"first","14":"instock","15":"sale","16":"taxable","17":"shipping-taxable","18":"purchasable","19":"product-type-simple"},"_links":{"self":[{"href":"https:\/\/www.2ha.gr\/de\/wp-json\/wp\/v2\/product\/15196","targetHints":{"allow":["GET"]}}],"collection":[{"href":"https:\/\/www.2ha.gr\/de\/wp-json\/wp\/v2\/product"}],"about":[{"href":"https:\/\/www.2ha.gr\/de\/wp-json\/wp\/v2\/types\/product"}],"replies":[{"embeddable":true,"href":"https:\/\/www.2ha.gr\/de\/wp-json\/wp\/v2\/comments?post=15196"}],"wp:featuredmedia":[{"embeddable":true,"href":"https:\/\/www.2ha.gr\/de\/wp-json\/wp\/v2\/media\/15189"}],"wp:attachment":[{"href":"https:\/\/www.2ha.gr\/de\/wp-json\/wp\/v2\/media?parent=15196"}],"wp:term":[{"taxonomy":"product_cat","embeddable":true,"href":"https:\/\/www.2ha.gr\/de\/wp-json\/wp\/v2\/product_cat?post=15196"},{"taxonomy":"product_tag","embeddable":true,"href":"https:\/\/www.2ha.gr\/de\/wp-json\/wp\/v2\/product_tag?post=15196"}],"curies":[{"name":"wp","href":"https:\/\/api.w.org\/{rel}","templated":true}]}}