{"id":15197,"date":"2026-04-27T23:37:33","date_gmt":"2026-04-27T20:37:33","guid":{"rendered":"https:\/\/www.2ha.gr\/?post_type=product&#038;p=15197"},"modified":"2026-04-27T23:38:14","modified_gmt":"2026-04-27T20:38:14","slug":"blue-paisley-apron-%cf%87%ce%b5%ce%b9%cf%81%ce%bf%cf%80%ce%bf%ce%af%ce%b7%cf%84%ce%b7-%ce%b5%cf%80%ce%b1%ce%b3%ce%b3%ce%b5%ce%bb%ce%bc%ce%b1%cf%84%ce%b9%ce%ba%ce%ae-%cf%80%ce%bf%ce%b4%ce%b9","status":"publish","type":"product","link":"https:\/\/www.2ha.gr\/de\/product\/blue-paisley-apron-%cf%87%ce%b5%ce%b9%cf%81%ce%bf%cf%80%ce%bf%ce%af%ce%b7%cf%84%ce%b7-%ce%b5%cf%80%ce%b1%ce%b3%ce%b3%ce%b5%ce%bb%ce%bc%ce%b1%cf%84%ce%b9%ce%ba%ce%ae-%cf%80%ce%bf%ce%b4%ce%b9\/","title":{"rendered":"Blue Paisley Apron \u2014 \u03a7\u03b5\u03b9\u03c1\u03bf\u03c0\u03bf\u03af\u03b7\u03c4\u03b7 \u0395\u03c0\u03b1\u03b3\u03b3\u03b5\u03bb\u03bc\u03b1\u03c4\u03b9\u03ba\u03ae \u03a0\u03bf\u03b4\u03b9\u03ac"},"content":{"rendered":"<p>Blue Paisley ist eine handgefertigte Arbeitssch\u00fcrze mit ausgepr\u00e4gtem Charakter, ideal f\u00fcr Umgebungen, die sich von anderen abheben m\u00f6chten, ohne dabei ihr professionelles Erscheinungsbild zu verlieren.<\/p>\n<p>Der Grundstoff ist ein dunkelblauer Stoff, eine zeitlose und praktische Wahl f\u00fcr den t\u00e4glichen professionellen Gebrauch. Der farbenfrohe Paisley-Zierstreifen in der Mitte verleiht dem Design einen kreativeren, boho- und boutique-artigen Charakter, w\u00e4hrend die passende Seitentasche das Bild abrundet und f\u00fcr zus\u00e4tzliche Funktionalit\u00e4t sorgt.<\/p>\n<p>Sie verf\u00fcgt \u00fcber eine praktische Seitentasche, verstellbare Tr\u00e4ger und Metallringe, um Komfort und Bequemlichkeit bei der t\u00e4glichen Arbeit zu bieten. Sie eignet sich f\u00fcr Mitarbeiter in Caf\u00e9s, Brunch-Lokalen, Cocktailbars, Bistros, Restaurants, Concept Stores und Boutique-Hotels.<\/p>\n<p>Innen ist sie mit einem k\u00fchlen Baumwollfutter ausgestattet, das den ganzen Tag \u00fcber f\u00fcr ein angenehmes Tragegef\u00fchl sorgt.<\/p>\n<p>Dieses Produkt ist sofort lieferbar und die ideale Wahl f\u00fcr Fachkr\u00e4fte, die umgehend eine hochwertige Sch\u00fcrze ben\u00f6tigen, ohne auf eine Sonderanfertigung warten zu m\u00fcssen.<\/p>","protected":false},"excerpt":{"rendered":"<p>Handgefertigte Profi-Sch\u00fcrze auf dunkelblauem Grund, mit einem bunten Paisley-Einsatz in der Mitte und einer passenden Seitentasche. Eine besondere, sofort verf\u00fcgbare Wahl f\u00fcr Caf\u00e9s, Brunch-Lokale, Bars, Restaurants, Boutique-Hotels und Gastronomiebetriebe, die Farbe, Charakter und ein gepflegtes Erscheinungsbild w\u00fcnschen.<\/p>\n<blockquote><p>Sofort lieferbar<\/p><\/blockquote>\n","protected":false},"featured_media":15192,"comment_status":"closed","ping_status":"closed","template":"","meta":[],"product_cat":[57,8,73,23,40,7,24],"product_tag":[],"class_list":{"0":"post-15197","1":"product","2":"type-product","3":"status-publish","4":"has-post-thumbnail","6":"product_cat-2024-2025","7":"product_cat-artists","8":"product_cat-stock-aprons-one-of-a-kind","9":"product_cat-in-stock","10":"product_cat-40","11":"product_cat-hospitality","12":"product_cat-aprons","14":"first","15":"instock","16":"sale","17":"taxable","18":"shipping-taxable","19":"purchasable","20":"product-type-simple"},"_links":{"self":[{"href":"https:\/\/www.2ha.gr\/de\/wp-json\/wp\/v2\/product\/15197","targetHints":{"allow":["GET"]}}],"collection":[{"href":"https:\/\/www.2ha.gr\/de\/wp-json\/wp\/v2\/product"}],"about":[{"href":"https:\/\/www.2ha.gr\/de\/wp-json\/wp\/v2\/types\/product"}],"replies":[{"embeddable":true,"href":"https:\/\/www.2ha.gr\/de\/wp-json\/wp\/v2\/comments?post=15197"}],"wp:featuredmedia":[{"embeddable":true,"href":"https:\/\/www.2ha.gr\/de\/wp-json\/wp\/v2\/media\/15192"}],"wp:attachment":[{"href":"https:\/\/www.2ha.gr\/de\/wp-json\/wp\/v2\/media?parent=15197"}],"wp:term":[{"taxonomy":"product_cat","embeddable":true,"href":"https:\/\/www.2ha.gr\/de\/wp-json\/wp\/v2\/product_cat?post=15197"},{"taxonomy":"product_tag","embeddable":true,"href":"https:\/\/www.2ha.gr\/de\/wp-json\/wp\/v2\/product_tag?post=15197"}],"curies":[{"name":"wp","href":"https:\/\/api.w.org\/{rel}","templated":true}]}}