{"id":15198,"date":"2026-04-27T23:47:48","date_gmt":"2026-04-27T20:47:48","guid":{"rendered":"https:\/\/www.2ha.gr\/?post_type=product&#038;p=15198"},"modified":"2026-04-27T23:48:42","modified_gmt":"2026-04-27T20:48:42","slug":"%ce%b5%cf%80%ce%b1%ce%b3%ce%b3%ce%b5%ce%bb%ce%bc%ce%b1%cf%84%ce%b9%ce%ba%ce%ae-%cf%80%ce%bf%ce%b4%ce%b9%ce%ac-camel-%ce%b1%cf%80%cf%8c-%ce%b1%ce%b4%ce%b9%ce%ac%ce%b2%cf%81%ce%bf%cf%87%ce%bf-%ce%ba","status":"publish","type":"product","link":"https:\/\/www.2ha.gr\/de\/product\/%ce%b5%cf%80%ce%b1%ce%b3%ce%b3%ce%b5%ce%bb%ce%bc%ce%b1%cf%84%ce%b9%ce%ba%ce%ae-%cf%80%ce%bf%ce%b4%ce%b9%ce%ac-camel-%ce%b1%cf%80%cf%8c-%ce%b1%ce%b4%ce%b9%ce%ac%ce%b2%cf%81%ce%bf%cf%87%ce%bf-%ce%ba\/","title":{"rendered":"\u0395\u03c0\u03b1\u03b3\u03b3\u03b5\u03bb\u03bc\u03b1\u03c4\u03b9\u03ba\u03ae \u03a0\u03bf\u03b4\u03b9\u03ac Camel \u03b1\u03c0\u03cc \u0391\u03b4\u03b9\u03ac\u03b2\u03c1\u03bf\u03c7\u03bf \u039a\u03b1\u03c1\u03b1\u03b2\u03cc\u03c0\u03b1\u03bd\u03bf \u03bc\u03b5 \u03a4\u03b5\u03c7\u03bd\u03cc\u03b4\u03b5\u03c1\u03bc\u03b1"},"content":{"rendered":"<p>Die Camel Shield Apron ist eine handgefertigte Profi-Sch\u00fcrze, die Strapazierf\u00e4higkeit, Funktionalit\u00e4t und eine nat\u00fcrliche \u00c4sthetik vereint.<\/p>\n<p>Das Grundmaterial besteht aus wasserabweisendem und strapazierf\u00e4higem Segeltuch in Kamelfarbe und bietet Schutz und Komfort im t\u00e4glichen beruflichen Einsatz. Die Details aus Kunstleder am Oberteil, an der Seitentasche und am diagonalen unteren Einsatz verleihen der Arbeitskleidung einen edleren Charakter und sorgen f\u00fcr einen warmen, nat\u00fcrlichen Look.<\/p>\n<p>Sie verf\u00fcgt \u00fcber eine praktische Seitentasche, verstellbare Tr\u00e4ger und Metallringe, um Komfort und Funktionalit\u00e4t in anspruchsvollen Arbeitsumgebungen zu bieten. Sie eignet sich f\u00fcr Mitarbeiter in Caf\u00e9s, Bars, Restaurants, Bistros, Brunch-Lokalen, Hotels, Concept Stores und R\u00e4umlichkeiten mit anspruchsvoller \u00c4sthetik.<\/p>\n<p>Innen verf\u00fcgt sie \u00fcber ein k\u00fchles Baumwollfutter f\u00fcr ein angenehmeres Tragegef\u00fchl den ganzen Tag \u00fcber.<\/p>\n<p>Dieses Produkt ist sofort lieferbar und die ideale L\u00f6sung f\u00fcr Fachleute, die umgehend eine strapazierf\u00e4hige Sch\u00fcrze ben\u00f6tigen, ohne auf eine Sonderanfertigung warten zu m\u00fcssen.<\/p>","protected":false},"excerpt":{"rendered":"<p>Handgefertigte Profi-Sch\u00fcrze aus wasserabweisendem und schmutzabweisendem Kamel-Segeltuch, mit Details aus Kunstleder am oberen Rand, an der Seitentasche und am diagonalen unteren Einsatz. Eine praktische, strapazierf\u00e4hige und sofort verf\u00fcgbare Wahl f\u00fcr Caf\u00e9s, Bars, Restaurants, Bistros, Brunch-Lokale und Gastronomiebetriebe, die ein warmes, rustikales und gepflegtes Erscheinungsbild w\u00fcnschen.<\/p>\n","protected":false},"featured_media":15191,"comment_status":"closed","ping_status":"closed","template":"","meta":[],"product_cat":[57,8,73,23,7,15,17,24],"product_tag":[],"class_list":{"0":"post-15198","1":"product","2":"type-product","3":"status-publish","4":"has-post-thumbnail","6":"product_cat-2024-2025","7":"product_cat-artists","8":"product_cat-stock-aprons-one-of-a-kind","9":"product_cat-in-stock","10":"product_cat-hospitality","11":"product_cat-barber-hairdresser","12":"product_cat-nail-artist","13":"product_cat-aprons","15":"first","16":"instock","17":"sale","18":"taxable","19":"shipping-taxable","20":"purchasable","21":"product-type-simple"},"_links":{"self":[{"href":"https:\/\/www.2ha.gr\/de\/wp-json\/wp\/v2\/product\/15198","targetHints":{"allow":["GET"]}}],"collection":[{"href":"https:\/\/www.2ha.gr\/de\/wp-json\/wp\/v2\/product"}],"about":[{"href":"https:\/\/www.2ha.gr\/de\/wp-json\/wp\/v2\/types\/product"}],"replies":[{"embeddable":true,"href":"https:\/\/www.2ha.gr\/de\/wp-json\/wp\/v2\/comments?post=15198"}],"wp:featuredmedia":[{"embeddable":true,"href":"https:\/\/www.2ha.gr\/de\/wp-json\/wp\/v2\/media\/15191"}],"wp:attachment":[{"href":"https:\/\/www.2ha.gr\/de\/wp-json\/wp\/v2\/media?parent=15198"}],"wp:term":[{"taxonomy":"product_cat","embeddable":true,"href":"https:\/\/www.2ha.gr\/de\/wp-json\/wp\/v2\/product_cat?post=15198"},{"taxonomy":"product_tag","embeddable":true,"href":"https:\/\/www.2ha.gr\/de\/wp-json\/wp\/v2\/product_tag?post=15198"}],"curies":[{"name":"wp","href":"https:\/\/api.w.org\/{rel}","templated":true}]}}