{"id":331,"date":"2017-04-28T13:05:03","date_gmt":"2017-04-28T11:05:03","guid":{"rendered":"http:\/\/www.2ha.gr\/?post_type=product&#038;p=331"},"modified":"2023-09-15T12:35:52","modified_gmt":"2023-09-15T09:35:52","slug":"cocktail-master","status":"publish","type":"product","link":"https:\/\/www.2ha.gr\/de\/product\/cocktail-master\/","title":{"rendered":"cocktail master"},"content":{"rendered":"<p><\/p>\n<ul>\n<li><em><strong>Vollst\u00e4ndig handbemalt, mit Details und Taschen aus echtem Leder, mit gekreuzten Tr\u00e4gern und mehreren Taschen zum \u00d6ffnen<\/strong><\/em><\/li>\n<\/ul>\n<p><\/p>","protected":false},"excerpt":{"rendered":"<ul>\n<li><em><strong>Vollst\u00e4ndig handbemalt, mit Details und Taschen aus echtem Leder, mit gekreuzten Tr\u00e4gern und mehreren Taschen zum \u00d6ffnen<\/strong><\/em><\/li>\n<\/ul>\n","protected":false},"featured_media":10110,"comment_status":"closed","ping_status":"closed","template":"","meta":[],"product_cat":[12,7,9],"product_tag":[],"class_list":{"0":"post-331","1":"product","2":"type-product","3":"status-publish","4":"has-post-thumbnail","6":"product_cat-bartender","7":"product_cat-hospitality","8":"product_cat-hand-painted","10":"first","11":"instock","12":"sale","13":"taxable","14":"shipping-taxable","15":"purchasable","16":"product-type-simple"},"_links":{"self":[{"href":"https:\/\/www.2ha.gr\/de\/wp-json\/wp\/v2\/product\/331","targetHints":{"allow":["GET"]}}],"collection":[{"href":"https:\/\/www.2ha.gr\/de\/wp-json\/wp\/v2\/product"}],"about":[{"href":"https:\/\/www.2ha.gr\/de\/wp-json\/wp\/v2\/types\/product"}],"replies":[{"embeddable":true,"href":"https:\/\/www.2ha.gr\/de\/wp-json\/wp\/v2\/comments?post=331"}],"wp:featuredmedia":[{"embeddable":true,"href":"https:\/\/www.2ha.gr\/de\/wp-json\/wp\/v2\/media\/10110"}],"wp:attachment":[{"href":"https:\/\/www.2ha.gr\/de\/wp-json\/wp\/v2\/media?parent=331"}],"wp:term":[{"taxonomy":"product_cat","embeddable":true,"href":"https:\/\/www.2ha.gr\/de\/wp-json\/wp\/v2\/product_cat?post=331"},{"taxonomy":"product_tag","embeddable":true,"href":"https:\/\/www.2ha.gr\/de\/wp-json\/wp\/v2\/product_tag?post=331"}],"curies":[{"name":"wp","href":"https:\/\/api.w.org\/{rel}","templated":true}]}}