{"id":3869,"date":"2020-08-19T13:35:24","date_gmt":"2020-08-19T11:35:24","guid":{"rendered":"https:\/\/www.2ha.gr\/?post_type=product&#038;p=3869"},"modified":"2020-08-19T14:54:45","modified_gmt":"2020-08-19T12:54:45","slug":"%cf%80%ce%bb%ce%ae%cf%81%ce%b5%cf%82-%cf%83%ce%b5%cf%84-barista-bartender-service-%cf%80%cf%81%cf%89%ce%b9%ce%bd%cf%8c-service-%ce%b2%cf%81%ce%b1%ce%b4%ce%b9%ce%bd%cf%8c-%cf%84%cf%83%ce%b1","status":"publish","type":"product","link":"https:\/\/www.2ha.gr\/de\/product\/%cf%80%ce%bb%ce%ae%cf%81%ce%b5%cf%82-%cf%83%ce%b5%cf%84-barista-bartender-service-%cf%80%cf%81%cf%89%ce%b9%ce%bd%cf%8c-service-%ce%b2%cf%81%ce%b1%ce%b4%ce%b9%ce%bd%cf%8c-%cf%84%cf%83%ce%b1\/","title":{"rendered":"Komplettset Barista , Barkeeper , Fr\u00fchst\u00fccksservice , Abendservice , G\u00fcrteltasche , Armb\u00e4nder , Masken"},"content":{"rendered":"<p>eine besondere Reihe, bestehend aus:<\/p>\n<ol>\n<li> Barkeeper-Sch\u00fcrze<\/li>\n<li>Barista-Sch\u00fcrze<\/li>\n<li>Kellnersch\u00fcrze (zwei verschiedene Sch\u00fcrzen f\u00fcr morgens und abends)<\/li>\n<li>G\u00fcrteltasche mit 3 Positionen und Sicherheitskn\u00f6pfen<\/li>\n<li>Gesichtsmaske aus Stoff<\/li>\n<li>Armb\u00e4nder<\/li>\n<\/ol>\n<p>alle Sch\u00fcrzen haben einen speziellen, hochwertigen Stoff<\/p>\n<ul>\n<li>K\u00fchles Futter<\/li>\n<li>Kreuzgurte<\/li>\n<\/ul>\n<p><\/p>","protected":false},"excerpt":{"rendered":"<p>eine besondere Reihe, bestehend aus:<\/p>\n<ol>\n<li> Barkeeper-Sch\u00fcrze<\/li>\n<li>Barista-Sch\u00fcrze<\/li>\n<li>Kellnersch\u00fcrze (zwei verschiedene Sch\u00fcrzen f\u00fcr morgens und abends)<\/li>\n<li>G\u00fcrteltasche mit 3 Positionen und Sicherheitskn\u00f6pfen<\/li>\n<li>Gesichtsmaske aus Stoff<\/li>\n<li>Armb\u00e4nder<\/li>\n<\/ol>\n<p>alle Sch\u00fcrzen haben einen speziellen, hochwertigen Stoff<\/p>\n<ul>\n<li>K\u00fchles Futter<\/li>\n<li>Kreuzgurte<\/li>\n<\/ul>\n<p>Kontaktieren Sie uns f\u00fcr weitere Informationen und andere Kombinationen.<\/p>\n","protected":false},"featured_media":3871,"comment_status":"open","ping_status":"closed","template":"","meta":[],"product_cat":[41,24],"product_tag":[],"class_list":{"0":"post-3869","1":"product","2":"type-product","3":"status-publish","4":"has-post-thumbnail","6":"product_cat-41","7":"product_cat-aprons","9":"first","10":"instock","11":"sale","12":"taxable","13":"shipping-taxable","14":"purchasable","15":"product-type-simple"},"_links":{"self":[{"href":"https:\/\/www.2ha.gr\/de\/wp-json\/wp\/v2\/product\/3869","targetHints":{"allow":["GET"]}}],"collection":[{"href":"https:\/\/www.2ha.gr\/de\/wp-json\/wp\/v2\/product"}],"about":[{"href":"https:\/\/www.2ha.gr\/de\/wp-json\/wp\/v2\/types\/product"}],"replies":[{"embeddable":true,"href":"https:\/\/www.2ha.gr\/de\/wp-json\/wp\/v2\/comments?post=3869"}],"wp:featuredmedia":[{"embeddable":true,"href":"https:\/\/www.2ha.gr\/de\/wp-json\/wp\/v2\/media\/3871"}],"wp:attachment":[{"href":"https:\/\/www.2ha.gr\/de\/wp-json\/wp\/v2\/media?parent=3869"}],"wp:term":[{"taxonomy":"product_cat","embeddable":true,"href":"https:\/\/www.2ha.gr\/de\/wp-json\/wp\/v2\/product_cat?post=3869"},{"taxonomy":"product_tag","embeddable":true,"href":"https:\/\/www.2ha.gr\/de\/wp-json\/wp\/v2\/product_tag?post=3869"}],"curies":[{"name":"wp","href":"https:\/\/api.w.org\/{rel}","templated":true}]}}