{"id":4770,"date":"2021-01-11T17:29:13","date_gmt":"2021-01-11T15:29:13","guid":{"rendered":"https:\/\/www.2ha.gr\/?post_type=product&#038;p=4770"},"modified":"2023-02-14T19:08:41","modified_gmt":"2023-02-14T17:08:41","slug":"st-paterakis-apron","status":"publish","type":"product","link":"https:\/\/www.2ha.gr\/de\/product\/st-paterakis-apron\/","title":{"rendered":"St. Paterakis Apron"},"content":{"rendered":"<p><\/p>\n<ul>\n<li>Wasserdichtes &amp; schleifbares schwarzes Gewebe<\/li>\n<li>Nat\u00fcrliches Leder &amp; nat\u00fcrliches Wildleder<\/li>\n<li>Vier Au\u00dfentaschen<\/li>\n<li>Handtuch-Schleife<\/li>\n<li>Kreuzgurte mit Fluktuation<\/li>\n<li> K\u00fchles Innenfutter<\/li>\n<\/ul>\n<p><\/p>","protected":false},"excerpt":{"rendered":"<p>Wasserdichtes &amp; schleifbares schwarzes Gewebe Nat\u00fcrliches Leder &amp; nat\u00fcrliches Wildleder Vier Au\u00dfentaschen Handtuch-Schleife Kreuzgurte mit Fluktuation K\u00fchles Innenfutter<\/p>\n","protected":false},"featured_media":4929,"comment_status":"closed","ping_status":"closed","template":"","meta":[],"product_cat":[35,11,12,42,7,13,14,24],"product_tag":[],"class_list":{"0":"post-4770","1":"product","2":"type-product","3":"status-publish","4":"has-post-thumbnail","6":"product_cat-35","7":"product_cat-barista","8":"product_cat-bartender","9":"product_cat-coffee-lovers","10":"product_cat-hospitality","11":"product_cat-service","12":"product_cat-somelie","13":"product_cat-aprons","15":"first","16":"instock","17":"sale","18":"taxable","19":"shipping-taxable","20":"purchasable","21":"product-type-simple"},"_links":{"self":[{"href":"https:\/\/www.2ha.gr\/de\/wp-json\/wp\/v2\/product\/4770","targetHints":{"allow":["GET"]}}],"collection":[{"href":"https:\/\/www.2ha.gr\/de\/wp-json\/wp\/v2\/product"}],"about":[{"href":"https:\/\/www.2ha.gr\/de\/wp-json\/wp\/v2\/types\/product"}],"replies":[{"embeddable":true,"href":"https:\/\/www.2ha.gr\/de\/wp-json\/wp\/v2\/comments?post=4770"}],"wp:featuredmedia":[{"embeddable":true,"href":"https:\/\/www.2ha.gr\/de\/wp-json\/wp\/v2\/media\/4929"}],"wp:attachment":[{"href":"https:\/\/www.2ha.gr\/de\/wp-json\/wp\/v2\/media?parent=4770"}],"wp:term":[{"taxonomy":"product_cat","embeddable":true,"href":"https:\/\/www.2ha.gr\/de\/wp-json\/wp\/v2\/product_cat?post=4770"},{"taxonomy":"product_tag","embeddable":true,"href":"https:\/\/www.2ha.gr\/de\/wp-json\/wp\/v2\/product_tag?post=4770"}],"curies":[{"name":"wp","href":"https:\/\/api.w.org\/{rel}","templated":true}]}}