{"id":5951,"date":"2021-09-12T10:07:51","date_gmt":"2021-09-12T07:07:51","guid":{"rendered":"https:\/\/www.2ha.gr\/?post_type=product&#038;p=5951"},"modified":"2023-04-22T11:04:31","modified_gmt":"2023-04-22T08:04:31","slug":"seti-bora","status":"publish","type":"product","link":"https:\/\/www.2ha.gr\/de\/product\/seti-bora\/","title":{"rendered":"Seti bora"},"content":{"rendered":"<p><\/p>\n<ul>\n<li><em><strong>Kombination aus hochwertigem, weichem Denim und Baumwollgewebe <\/strong><\/em><\/li>\n<li><em><strong>Eine Tasche f\u00fcr die Sch\u00fcrze in voller L\u00e4nge <\/strong><\/em><\/li>\n<li><em><strong>Zwei Taschen an der Sch\u00fcrze des Kellners <\/strong><\/em><\/li>\n<li><em><strong>K\u00fchles Futter <\/strong><\/em><\/li>\n<li><em><strong>Ergonomische Krawatte <\/strong><\/em><\/li>\n<\/ul>\n<p><\/p>","protected":false},"excerpt":{"rendered":"<p><strong><em>Wenn Gleichm\u00e4\u00dfigkeit das Ziel ist, leicht, einfach zu waschen, auch in der Waschmaschine, kontaktieren Sie uns f\u00fcr Variationen in Mengen.<br \/>\n <\/em><\/strong><\/p>\n<p><strong><em>Der Preis beinhaltet eine Sch\u00fcrze in voller L\u00e4nge und eine kurze Sch\u00fcrze.<br \/>\n <\/em><\/strong><\/p>\n<ul>\n<li><strong><em>Kombination aus hochwertigem, weichem Denim und Baumwollgewebe <\/em><\/strong><\/li>\n<li><strong><em>Eine Tasche f\u00fcr die Sch\u00fcrze in voller L\u00e4nge <\/em><\/strong><\/li>\n<li><strong><em>Zwei Taschen an der Sch\u00fcrze des Kellners <\/em><\/strong><\/li>\n<li><strong><em>K\u00fchles Futter <\/em><\/strong><\/li>\n<li><strong><em>Ergonomische Krawatte <\/em><\/strong><\/li>\n<\/ul>\n","protected":false},"featured_media":5930,"comment_status":"closed","ping_status":"closed","template":"","meta":[],"product_cat":[11,12,42,45,23,40,13,24],"product_tag":[],"class_list":{"0":"post-5951","1":"product","2":"type-product","3":"status-publish","4":"has-post-thumbnail","6":"product_cat-barista","7":"product_cat-bartender","8":"product_cat-coffee-lovers","9":"product_cat-season-2021-2022","10":"product_cat-in-stock","11":"product_cat-40","12":"product_cat-service","13":"product_cat-aprons","15":"first","16":"instock","17":"sale","18":"taxable","19":"shipping-taxable","20":"purchasable","21":"product-type-simple"},"_links":{"self":[{"href":"https:\/\/www.2ha.gr\/de\/wp-json\/wp\/v2\/product\/5951","targetHints":{"allow":["GET"]}}],"collection":[{"href":"https:\/\/www.2ha.gr\/de\/wp-json\/wp\/v2\/product"}],"about":[{"href":"https:\/\/www.2ha.gr\/de\/wp-json\/wp\/v2\/types\/product"}],"replies":[{"embeddable":true,"href":"https:\/\/www.2ha.gr\/de\/wp-json\/wp\/v2\/comments?post=5951"}],"wp:featuredmedia":[{"embeddable":true,"href":"https:\/\/www.2ha.gr\/de\/wp-json\/wp\/v2\/media\/5930"}],"wp:attachment":[{"href":"https:\/\/www.2ha.gr\/de\/wp-json\/wp\/v2\/media?parent=5951"}],"wp:term":[{"taxonomy":"product_cat","embeddable":true,"href":"https:\/\/www.2ha.gr\/de\/wp-json\/wp\/v2\/product_cat?post=5951"},{"taxonomy":"product_tag","embeddable":true,"href":"https:\/\/www.2ha.gr\/de\/wp-json\/wp\/v2\/product_tag?post=5951"}],"curies":[{"name":"wp","href":"https:\/\/api.w.org\/{rel}","templated":true}]}}