{"id":6037,"date":"2021-09-24T11:41:43","date_gmt":"2021-09-24T08:41:43","guid":{"rendered":"https:\/\/www.2ha.gr\/?post_type=product&#038;p=6037"},"modified":"2021-09-24T11:41:43","modified_gmt":"2021-09-24T08:41:43","slug":"the-steak-house","status":"publish","type":"product","link":"https:\/\/www.2ha.gr\/de\/product\/the-steak-house\/","title":{"rendered":"The Steak House"},"content":{"rendered":"<p><\/p>\n<ul>\n<li><em><strong>100% nat\u00fcrliches Kalbsleder <\/strong><\/em><\/li>\n<li><em><strong>Insgesamt sechs Taschen \/ F\u00e4cher<\/strong><\/em><\/li>\n<li><em><strong>K\u00fchles Innenfutter <\/strong><\/em><\/li>\n<li><em><strong>\u00dcberkreuzte, ergonomische, voll verstellbare Riemen <\/strong><\/em><\/li>\n<\/ul>\n<p><\/p>","protected":false},"excerpt":{"rendered":"<p><em><strong>Ideale Sch\u00fcrze f\u00fcr anspruchsvolle Schichten. Geeignet f\u00fcr Steakrestaurants, Restaurants, Bars und Metzgereien<br \/>\n<\/strong><\/em><\/p>\n<ul>\n<li><em><strong>100% nat\u00fcrliches Kalbsleder <\/strong><\/em><\/li>\n<li><em><strong>Insgesamt sechs Taschen \/ F\u00e4cher<\/strong><\/em><\/li>\n<li><em><strong>K\u00fchles Innenfutter <\/strong><\/em><\/li>\n<li><em><strong>\u00dcberkreuzte, ergonomische, voll verstellbare Riemen <\/strong><\/em><\/li>\n<\/ul>\n","protected":false},"featured_media":6010,"comment_status":"closed","ping_status":"closed","template":"","meta":[],"product_cat":[11,12,42,45,23,22,7,15,13,21,14,24],"product_tag":[],"class_list":{"0":"post-6037","1":"product","2":"type-product","3":"status-publish","4":"has-post-thumbnail","6":"product_cat-barista","7":"product_cat-bartender","8":"product_cat-coffee-lovers","9":"product_cat-season-2021-2022","10":"product_cat-in-stock","11":"product_cat-original-leather","12":"product_cat-hospitality","13":"product_cat-barber-hairdresser","14":"product_cat-service","15":"product_cat-chef","16":"product_cat-somelie","17":"product_cat-aprons","19":"first","20":"instock","21":"sale","22":"taxable","23":"shipping-taxable","24":"purchasable","25":"product-type-simple"},"_links":{"self":[{"href":"https:\/\/www.2ha.gr\/de\/wp-json\/wp\/v2\/product\/6037","targetHints":{"allow":["GET"]}}],"collection":[{"href":"https:\/\/www.2ha.gr\/de\/wp-json\/wp\/v2\/product"}],"about":[{"href":"https:\/\/www.2ha.gr\/de\/wp-json\/wp\/v2\/types\/product"}],"replies":[{"embeddable":true,"href":"https:\/\/www.2ha.gr\/de\/wp-json\/wp\/v2\/comments?post=6037"}],"wp:featuredmedia":[{"embeddable":true,"href":"https:\/\/www.2ha.gr\/de\/wp-json\/wp\/v2\/media\/6010"}],"wp:attachment":[{"href":"https:\/\/www.2ha.gr\/de\/wp-json\/wp\/v2\/media?parent=6037"}],"wp:term":[{"taxonomy":"product_cat","embeddable":true,"href":"https:\/\/www.2ha.gr\/de\/wp-json\/wp\/v2\/product_cat?post=6037"},{"taxonomy":"product_tag","embeddable":true,"href":"https:\/\/www.2ha.gr\/de\/wp-json\/wp\/v2\/product_tag?post=6037"}],"curies":[{"name":"wp","href":"https:\/\/api.w.org\/{rel}","templated":true}]}}