{"id":6294,"date":"2021-11-19T08:09:55","date_gmt":"2021-11-19T06:09:55","guid":{"rendered":"https:\/\/www.2ha.gr\/?post_type=product&#038;p=6294"},"modified":"2025-03-20T17:33:19","modified_gmt":"2025-03-20T15:33:19","slug":"yula","status":"publish","type":"product","link":"https:\/\/www.2ha.gr\/de\/product\/yula\/","title":{"rendered":"Yula"},"content":{"rendered":"<p>Dieses (eines unserer besten) komplette Lederset f\u00fcr #Koch und #Metzgerei ist f\u00fcr den Preis von 210\u20ac zu haben.<\/p>\n<p>Es handelt sich um das langlebigste und stilvollste Produkt, das Sie f\u00fcr Ihren professionellen Auftritt w\u00e4hlen k\u00f6nnen.<\/p>\n<p>100% handgefertigte Sch\u00fcrze und Messerrolle.<\/p>\n<p>Die Sch\u00fcrze hat eine gro\u00dfe Tasche und zwei Schlitze f\u00fcr Zangen oder Handt\u00fccher.<\/p>\n<p>Die #knife_roll hat 10 Messerschlitze und eine gro\u00dfe Scheide.<\/p>","protected":false},"excerpt":{"rendered":"<p><em><strong>Dieses (eines unserer besten) komplette Lederset f\u00fcr #Koch und #Metzgerei ist f\u00fcr den Preis von 210\u20ac zu haben.<br \/>\n<\/strong><\/em><\/p>\n<p><em><strong> Wir sprechen hier \u00fcber das haltbarste und stilvollste Produkt, das Sie f\u00fcr Ihr professionelles Aussehen w\u00e4hlen k\u00f6nnen.<br \/>\n<\/strong><\/em><\/p>\n<p><em><strong> 100% handgefertigte Sch\u00fcrze und Messerrolle.<br \/>\n<\/strong><\/em><\/p>\n<p><em><strong> Die Sch\u00fcrze hat eine gro\u00dfe Tasche und zwei Schlitze f\u00fcr Zangen oder Handt\u00fccher.<br \/>\n<\/strong><\/em><\/p>\n<p><em><strong> Die #knife_roll hat 10 Messerschlitze und eine gro\u00dfe Scheide.<\/strong><\/em><\/p>\n","protected":false},"featured_media":6296,"comment_status":"closed","ping_status":"closed","template":"","meta":[],"product_cat":[35,25,23,40,22,41,21],"product_tag":[],"class_list":{"0":"post-6294","1":"product","2":"type-product","3":"status-publish","4":"has-post-thumbnail","6":"product_cat-35","7":"product_cat-little-2ha","8":"product_cat-in-stock","9":"product_cat-40","10":"product_cat-original-leather","11":"product_cat-41","12":"product_cat-chef","14":"first","15":"instock","16":"sale","17":"taxable","18":"shipping-taxable","19":"purchasable","20":"product-type-simple"},"_links":{"self":[{"href":"https:\/\/www.2ha.gr\/de\/wp-json\/wp\/v2\/product\/6294","targetHints":{"allow":["GET"]}}],"collection":[{"href":"https:\/\/www.2ha.gr\/de\/wp-json\/wp\/v2\/product"}],"about":[{"href":"https:\/\/www.2ha.gr\/de\/wp-json\/wp\/v2\/types\/product"}],"replies":[{"embeddable":true,"href":"https:\/\/www.2ha.gr\/de\/wp-json\/wp\/v2\/comments?post=6294"}],"wp:featuredmedia":[{"embeddable":true,"href":"https:\/\/www.2ha.gr\/de\/wp-json\/wp\/v2\/media\/6296"}],"wp:attachment":[{"href":"https:\/\/www.2ha.gr\/de\/wp-json\/wp\/v2\/media?parent=6294"}],"wp:term":[{"taxonomy":"product_cat","embeddable":true,"href":"https:\/\/www.2ha.gr\/de\/wp-json\/wp\/v2\/product_cat?post=6294"},{"taxonomy":"product_tag","embeddable":true,"href":"https:\/\/www.2ha.gr\/de\/wp-json\/wp\/v2\/product_tag?post=6294"}],"curies":[{"name":"wp","href":"https:\/\/api.w.org\/{rel}","templated":true}]}}