{"id":7890,"date":"2022-07-28T10:45:39","date_gmt":"2022-07-28T07:45:39","guid":{"rendered":"https:\/\/www.2ha.gr\/?post_type=product&#038;p=7890"},"modified":"2024-08-30T22:40:23","modified_gmt":"2024-08-30T19:40:23","slug":"blue-black-2022","status":"publish","type":"product","link":"https:\/\/www.2ha.gr\/de\/product\/blue-black-2022\/","title":{"rendered":"Blue Black 2022"},"content":{"rendered":"<p>Handgefertigte Sch\u00fcrze auf Basis von blau-schwarzem Denim und hochwertigem Kunstleder in den Details, ideal f\u00fcr den harten und t\u00e4glichen Gebrauch, leicht zu waschen, hat drei gro\u00dfe Taschen und eine kleine Tasche sowie einen Handtuchring. Auf der R\u00fcckseite gibt es ein k\u00fchles Futter und hat Kreuzriemen<\/p>","protected":false},"excerpt":{"rendered":"<p>Handgefertigte Sch\u00fcrze auf Basis von blau-schwarzem Denim und hochwertigem Kunstleder in den Details, ideal f\u00fcr den harten und t\u00e4glichen Gebrauch, leicht zu waschen, hat drei gro\u00dfe Taschen und eine kleine Tasche sowie einen Handtuchring. Auf der R\u00fcckseite gibt es ein k\u00fchles Futter und hat Kreuzriemen<\/p>\n","protected":false},"featured_media":7882,"comment_status":"closed","ping_status":"closed","template":"","meta":[],"product_cat":[11,12,42,45,40,7,15,58,13,21,24],"product_tag":[],"class_list":{"0":"post-7890","1":"product","2":"type-product","3":"status-publish","4":"has-post-thumbnail","6":"product_cat-barista","7":"product_cat-bartender","8":"product_cat-coffee-lovers","9":"product_cat-season-2021-2022","10":"product_cat-40","11":"product_cat-hospitality","12":"product_cat-barber-hairdresser","13":"product_cat-58","14":"product_cat-service","15":"product_cat-chef","16":"product_cat-aprons","18":"first","19":"instock","20":"sale","21":"taxable","22":"shipping-taxable","23":"purchasable","24":"product-type-simple"},"_links":{"self":[{"href":"https:\/\/www.2ha.gr\/de\/wp-json\/wp\/v2\/product\/7890","targetHints":{"allow":["GET"]}}],"collection":[{"href":"https:\/\/www.2ha.gr\/de\/wp-json\/wp\/v2\/product"}],"about":[{"href":"https:\/\/www.2ha.gr\/de\/wp-json\/wp\/v2\/types\/product"}],"replies":[{"embeddable":true,"href":"https:\/\/www.2ha.gr\/de\/wp-json\/wp\/v2\/comments?post=7890"}],"wp:featuredmedia":[{"embeddable":true,"href":"https:\/\/www.2ha.gr\/de\/wp-json\/wp\/v2\/media\/7882"}],"wp:attachment":[{"href":"https:\/\/www.2ha.gr\/de\/wp-json\/wp\/v2\/media?parent=7890"}],"wp:term":[{"taxonomy":"product_cat","embeddable":true,"href":"https:\/\/www.2ha.gr\/de\/wp-json\/wp\/v2\/product_cat?post=7890"},{"taxonomy":"product_tag","embeddable":true,"href":"https:\/\/www.2ha.gr\/de\/wp-json\/wp\/v2\/product_tag?post=7890"}],"curies":[{"name":"wp","href":"https:\/\/api.w.org\/{rel}","templated":true}]}}