{"id":8258,"date":"2022-09-27T23:58:59","date_gmt":"2022-09-27T20:58:59","guid":{"rendered":"https:\/\/www.2ha.gr\/?post_type=product&#038;p=8258"},"modified":"2026-03-13T12:20:01","modified_gmt":"2026-03-13T10:20:01","slug":"the-pink-skulls-limited","status":"publish","type":"product","link":"https:\/\/www.2ha.gr\/de\/product\/the-pink-skulls-limited\/","title":{"rendered":"the pink skulls limited"},"content":{"rendered":"<p><\/p>\n<ul>\n<li><strong><em>Hochwertiger Stoff mit Digitaldruck <\/em><\/strong><\/li>\n<li><strong><em>Eine Innentasche <\/em><\/strong><\/li>\n<li><strong><em>Handtuch-Schleife <\/em><\/strong><\/li>\n<li><strong><em>Kreuzgurte mit vollst\u00e4ndig verstellbaren Tr\u00e4gern f\u00fcr eine perfekte Passform <\/em><\/strong><\/li>\n<li><strong><em>K\u00fchles Baumwollfutter auf der R\u00fcckseite<\/em><\/strong><\/li>\n<\/ul>\n<p><\/p>","protected":false},"excerpt":{"rendered":"<p><span style=\"color: #ff0000\">Nur 6 Sch\u00fcrzen auf Lager<br \/>\n<\/span><\/p>\n<ul>\n<li><strong><em>Hochwertiger Stoff mit Digitaldruck <\/em><\/strong><\/li>\n<li><strong><em>Eine Innentasche <\/em><\/strong><\/li>\n<li><strong><em>Handtuch-Schleife <\/em><\/strong><\/li>\n<li><strong><em>Kreuzgurte mit vollst\u00e4ndig verstellbaren Tr\u00e4gern f\u00fcr eine perfekte Passform <\/em><\/strong><\/li>\n<li><strong><em>K\u00fchles Baumwollfutter auf der R\u00fcckseite<\/em><\/strong><\/li>\n<\/ul>\n","protected":false},"featured_media":8808,"comment_status":"closed","ping_status":"closed","template":"","meta":[],"product_cat":[8,11,12,45,39,23,40,7,15,17,13,24],"product_tag":[],"class_list":{"0":"post-8258","1":"product","2":"type-product","3":"status-publish","4":"has-post-thumbnail","6":"product_cat-artists","7":"product_cat-barista","8":"product_cat-bartender","9":"product_cat-season-2021-2022","10":"product_cat-trick-or-treat","11":"product_cat-in-stock","12":"product_cat-40","13":"product_cat-hospitality","14":"product_cat-barber-hairdresser","15":"product_cat-nail-artist","16":"product_cat-service","17":"product_cat-aprons","19":"first","20":"instock","21":"sale","22":"taxable","23":"shipping-taxable","24":"purchasable","25":"product-type-simple"},"_links":{"self":[{"href":"https:\/\/www.2ha.gr\/de\/wp-json\/wp\/v2\/product\/8258","targetHints":{"allow":["GET"]}}],"collection":[{"href":"https:\/\/www.2ha.gr\/de\/wp-json\/wp\/v2\/product"}],"about":[{"href":"https:\/\/www.2ha.gr\/de\/wp-json\/wp\/v2\/types\/product"}],"replies":[{"embeddable":true,"href":"https:\/\/www.2ha.gr\/de\/wp-json\/wp\/v2\/comments?post=8258"}],"wp:featuredmedia":[{"embeddable":true,"href":"https:\/\/www.2ha.gr\/de\/wp-json\/wp\/v2\/media\/8808"}],"wp:attachment":[{"href":"https:\/\/www.2ha.gr\/de\/wp-json\/wp\/v2\/media?parent=8258"}],"wp:term":[{"taxonomy":"product_cat","embeddable":true,"href":"https:\/\/www.2ha.gr\/de\/wp-json\/wp\/v2\/product_cat?post=8258"},{"taxonomy":"product_tag","embeddable":true,"href":"https:\/\/www.2ha.gr\/de\/wp-json\/wp\/v2\/product_tag?post=8258"}],"curies":[{"name":"wp","href":"https:\/\/api.w.org\/{rel}","templated":true}]}}