{"id":8365,"date":"2022-10-20T09:55:04","date_gmt":"2022-10-20T06:55:04","guid":{"rendered":"https:\/\/www.2ha.gr\/?post_type=product&#038;p=8365"},"modified":"2025-06-10T13:25:31","modified_gmt":"2025-06-10T10:25:31","slug":"summer-blue","status":"publish","type":"product","link":"https:\/\/www.2ha.gr\/de\/product\/summer-blue\/","title":{"rendered":"Summer Blue"},"content":{"rendered":"<p><\/p>\n<ul>\n<li><em><strong>Sch\u00fcrze im Westenstil <\/strong><\/em><\/li>\n<li><em><strong>Blauer wasserdichter und hellblauer Stoff <\/strong><\/em><\/li>\n<li><em><strong>Hochwertiger Stoff mit Digitaldruck <\/strong><\/em><\/li>\n<li><em><strong>Zwei Au\u00dfentaschen <\/strong><\/em><\/li>\n<li><em><strong>Kreuzgurte mit vollst\u00e4ndig verstellbaren Tr\u00e4gern f\u00fcr eine perfekte Passform <\/strong><\/em><\/li>\n<li><em><strong>K\u00fchles Baumwollfutter auf der R\u00fcckseite.<\/strong><\/em><\/li>\n<\/ul>\n<p><\/p>","protected":false},"excerpt":{"rendered":"<ul>\n<li><em><strong>Sch\u00fcrze im Westenstil <\/strong><\/em><\/li>\n<li><em><strong>Blauer wasserdichter und hellblauer Stoff <\/strong><\/em><\/li>\n<li><em><strong>Hochwertiger Stoff mit Digitaldruck <\/strong><\/em><\/li>\n<li><em><strong>Zwei Au\u00dfentaschen <\/strong><\/em><\/li>\n<li><em><strong>Kreuzgurte mit vollst\u00e4ndig verstellbaren Tr\u00e4gern f\u00fcr eine perfekte Passform <\/strong><\/em><\/li>\n<li><em><strong>K\u00fchles Baumwollfutter auf der R\u00fcckseite.<\/strong><\/em><\/li>\n<\/ul>\n","protected":false},"featured_media":8350,"comment_status":"closed","ping_status":"closed","template":"","meta":[],"product_cat":[11,12,42,45,23,40,7,13,14,24],"product_tag":[],"class_list":{"0":"post-8365","1":"product","2":"type-product","3":"status-publish","4":"has-post-thumbnail","6":"product_cat-barista","7":"product_cat-bartender","8":"product_cat-coffee-lovers","9":"product_cat-season-2021-2022","10":"product_cat-in-stock","11":"product_cat-40","12":"product_cat-hospitality","13":"product_cat-service","14":"product_cat-somelie","15":"product_cat-aprons","17":"first","18":"outofstock","19":"sale","20":"taxable","21":"shipping-taxable","22":"purchasable","23":"product-type-simple"},"_links":{"self":[{"href":"https:\/\/www.2ha.gr\/de\/wp-json\/wp\/v2\/product\/8365","targetHints":{"allow":["GET"]}}],"collection":[{"href":"https:\/\/www.2ha.gr\/de\/wp-json\/wp\/v2\/product"}],"about":[{"href":"https:\/\/www.2ha.gr\/de\/wp-json\/wp\/v2\/types\/product"}],"replies":[{"embeddable":true,"href":"https:\/\/www.2ha.gr\/de\/wp-json\/wp\/v2\/comments?post=8365"}],"wp:featuredmedia":[{"embeddable":true,"href":"https:\/\/www.2ha.gr\/de\/wp-json\/wp\/v2\/media\/8350"}],"wp:attachment":[{"href":"https:\/\/www.2ha.gr\/de\/wp-json\/wp\/v2\/media?parent=8365"}],"wp:term":[{"taxonomy":"product_cat","embeddable":true,"href":"https:\/\/www.2ha.gr\/de\/wp-json\/wp\/v2\/product_cat?post=8365"},{"taxonomy":"product_tag","embeddable":true,"href":"https:\/\/www.2ha.gr\/de\/wp-json\/wp\/v2\/product_tag?post=8365"}],"curies":[{"name":"wp","href":"https:\/\/api.w.org\/{rel}","templated":true}]}}