{"id":8375,"date":"2022-10-20T12:15:31","date_gmt":"2022-10-20T09:15:31","guid":{"rendered":"https:\/\/www.2ha.gr\/?post_type=product&#038;p=8375"},"modified":"2024-08-21T14:02:00","modified_gmt":"2024-08-21T11:02:00","slug":"marble-apron","status":"publish","type":"product","link":"https:\/\/www.2ha.gr\/de\/product\/marble-apron\/","title":{"rendered":"marble apron"},"content":{"rendered":"<p><\/p>\n<ul>\n<li><em><b>Hochwertiger Stoff mit Digitaldruck &#8222;marmoriert&#8220;<\/b><\/em><\/li>\n<li><strong><em>Aubergine soft denim <\/em><\/strong><\/li>\n<li><strong><em>Eine Au\u00dfentasche <\/em><\/strong><\/li>\n<li><strong><em>Handtuch-Schleife <\/em><\/strong><\/li>\n<li><strong><em>Kreuzgurte mit vollst\u00e4ndig verstellbaren Tr\u00e4gern f\u00fcr eine perfekte Passform <\/em><\/strong><\/li>\n<li><strong><em>Cooles Futter auf dem R\u00fccken <\/em><\/strong><\/li>\n<\/ul>\n<p><\/p>","protected":false},"excerpt":{"rendered":"<ul>\n<li><em><b>Hochwertiger Stoff mit Digitaldruck &#8222;marmoriert&#8220;<\/b><\/em><\/li>\n<li><strong><em>Aubergine soft denim <\/em><\/strong><\/li>\n<li><strong><em>Eine Au\u00dfentasche <\/em><\/strong><\/li>\n<li><strong><em>Handtuch-Schleife <\/em><\/strong><\/li>\n<li><strong><em>Kreuzgurte mit vollst\u00e4ndig verstellbaren Tr\u00e4gern f\u00fcr eine perfekte Passform <\/em><\/strong><\/li>\n<li><strong><em>Cooles Futter auf dem R\u00fccken <\/em><\/strong><\/li>\n<\/ul>\n","protected":false},"featured_media":8357,"comment_status":"closed","ping_status":"closed","template":"","meta":[],"product_cat":[8,11,12,45,23,40,7,15,17,13,24],"product_tag":[],"class_list":{"0":"post-8375","1":"product","2":"type-product","3":"status-publish","4":"has-post-thumbnail","6":"product_cat-artists","7":"product_cat-barista","8":"product_cat-bartender","9":"product_cat-season-2021-2022","10":"product_cat-in-stock","11":"product_cat-40","12":"product_cat-hospitality","13":"product_cat-barber-hairdresser","14":"product_cat-nail-artist","15":"product_cat-service","16":"product_cat-aprons","18":"first","19":"outofstock","20":"sale","21":"taxable","22":"shipping-taxable","23":"purchasable","24":"product-type-simple"},"_links":{"self":[{"href":"https:\/\/www.2ha.gr\/de\/wp-json\/wp\/v2\/product\/8375","targetHints":{"allow":["GET"]}}],"collection":[{"href":"https:\/\/www.2ha.gr\/de\/wp-json\/wp\/v2\/product"}],"about":[{"href":"https:\/\/www.2ha.gr\/de\/wp-json\/wp\/v2\/types\/product"}],"replies":[{"embeddable":true,"href":"https:\/\/www.2ha.gr\/de\/wp-json\/wp\/v2\/comments?post=8375"}],"wp:featuredmedia":[{"embeddable":true,"href":"https:\/\/www.2ha.gr\/de\/wp-json\/wp\/v2\/media\/8357"}],"wp:attachment":[{"href":"https:\/\/www.2ha.gr\/de\/wp-json\/wp\/v2\/media?parent=8375"}],"wp:term":[{"taxonomy":"product_cat","embeddable":true,"href":"https:\/\/www.2ha.gr\/de\/wp-json\/wp\/v2\/product_cat?post=8375"},{"taxonomy":"product_tag","embeddable":true,"href":"https:\/\/www.2ha.gr\/de\/wp-json\/wp\/v2\/product_tag?post=8375"}],"curies":[{"name":"wp","href":"https:\/\/api.w.org\/{rel}","templated":true}]}}