{"id":8457,"date":"2022-10-23T09:23:42","date_gmt":"2022-10-23T06:23:42","guid":{"rendered":"https:\/\/www.2ha.gr\/?post_type=product&#038;p=8457"},"modified":"2022-10-29T10:28:38","modified_gmt":"2022-10-29T07:28:38","slug":"the-2022-set","status":"publish","type":"product","link":"https:\/\/www.2ha.gr\/de\/product\/the-2022-set\/","title":{"rendered":"The 2022 set"},"content":{"rendered":"<p><\/p>\n<p style=\"padding-left: 80px;\">Jedes Set enth\u00e4lt 1 Sch\u00fcrze und 1 Hemd.<\/p>\n<p>W\u00e4hlen Sie die Gr\u00f6\u00dfe des Hemdes, die Sch\u00fcrze ist eine Einheitsgr\u00f6\u00dfe und unisex.<\/p>\n<p>Hochwertiger cooler Stoff mit Digitaldruck kombiniert mit mintfarbenem einfarbigem Leinen.<\/p>\n<p><\/p>","protected":false},"excerpt":{"rendered":"<p>Jedes Set enth\u00e4lt 1 Sch\u00fcrze und 1 Hemd. W\u00e4hlen Sie die Gr\u00f6\u00dfe des Hemdes, die Sch\u00fcrze ist eine Einheitsgr\u00f6\u00dfe und unisex. Hochwertiger cooler Stoff mit Digitaldruck kombiniert mit mintfarbenem einfarbigem Leinen.<\/p>\n","protected":false},"featured_media":8458,"comment_status":"closed","ping_status":"closed","template":"","meta":[],"product_cat":[25],"product_tag":[],"class_list":{"0":"post-8457","1":"product","2":"type-product","3":"status-publish","4":"has-post-thumbnail","6":"product_cat-little-2ha","8":"first","9":"instock","10":"sale","11":"taxable","12":"shipping-taxable","13":"purchasable","14":"product-type-variable"},"_links":{"self":[{"href":"https:\/\/www.2ha.gr\/de\/wp-json\/wp\/v2\/product\/8457","targetHints":{"allow":["GET"]}}],"collection":[{"href":"https:\/\/www.2ha.gr\/de\/wp-json\/wp\/v2\/product"}],"about":[{"href":"https:\/\/www.2ha.gr\/de\/wp-json\/wp\/v2\/types\/product"}],"replies":[{"embeddable":true,"href":"https:\/\/www.2ha.gr\/de\/wp-json\/wp\/v2\/comments?post=8457"}],"wp:featuredmedia":[{"embeddable":true,"href":"https:\/\/www.2ha.gr\/de\/wp-json\/wp\/v2\/media\/8458"}],"wp:attachment":[{"href":"https:\/\/www.2ha.gr\/de\/wp-json\/wp\/v2\/media?parent=8457"}],"wp:term":[{"taxonomy":"product_cat","embeddable":true,"href":"https:\/\/www.2ha.gr\/de\/wp-json\/wp\/v2\/product_cat?post=8457"},{"taxonomy":"product_tag","embeddable":true,"href":"https:\/\/www.2ha.gr\/de\/wp-json\/wp\/v2\/product_tag?post=8457"}],"curies":[{"name":"wp","href":"https:\/\/api.w.org\/{rel}","templated":true}]}}