{"id":8527,"date":"2022-11-13T14:01:27","date_gmt":"2022-11-13T12:01:27","guid":{"rendered":"https:\/\/www.2ha.gr\/?post_type=product&#038;p=8527"},"modified":"2022-11-13T14:01:45","modified_gmt":"2022-11-13T12:01:45","slug":"yellow-flowers-shirt","status":"publish","type":"product","link":"https:\/\/www.2ha.gr\/de\/product\/yellow-flowers-shirt\/","title":{"rendered":"yellow &amp; flowers shirt"},"content":{"rendered":"<p><\/p>\n<p style=\"text-align: center\"><em><strong>Langarmhemd mit Mao-Kragen und Metallkn\u00f6pfen <\/strong><\/em><\/p>\n<p style=\"text-align: center\"><em><strong>Erh\u00e4ltlich in allen Gr\u00f6\u00dfen. <\/strong><\/em><\/p>\n<p style=\"text-align: center\"><em><strong>Weiches Gabardine-Gewebe <\/strong><\/em><\/p>\n<p><\/p>","protected":false},"excerpt":{"rendered":"<p style=\"text-align: center\"><em><strong>Langarmhemd mit Mao-Kragen und Metallkn\u00f6pfen <\/strong><\/em><\/p>\n<p style=\"text-align: center\"><em><strong>Erh\u00e4ltlich in allen Gr\u00f6\u00dfen. <\/strong><\/em><\/p>\n<p style=\"text-align: center\"><em><strong>Weiches Gabardine-Gewebe <\/strong><\/em><\/p>\n","protected":false},"featured_media":8517,"comment_status":"closed","ping_status":"closed","template":"","meta":[],"product_cat":[25,45],"product_tag":[],"class_list":{"0":"post-8527","1":"product","2":"type-product","3":"status-publish","4":"has-post-thumbnail","6":"product_cat-little-2ha","7":"product_cat-season-2021-2022","9":"first","10":"instock","11":"sale","12":"taxable","13":"shipping-taxable","14":"purchasable","15":"product-type-variable"},"_links":{"self":[{"href":"https:\/\/www.2ha.gr\/de\/wp-json\/wp\/v2\/product\/8527","targetHints":{"allow":["GET"]}}],"collection":[{"href":"https:\/\/www.2ha.gr\/de\/wp-json\/wp\/v2\/product"}],"about":[{"href":"https:\/\/www.2ha.gr\/de\/wp-json\/wp\/v2\/types\/product"}],"replies":[{"embeddable":true,"href":"https:\/\/www.2ha.gr\/de\/wp-json\/wp\/v2\/comments?post=8527"}],"wp:featuredmedia":[{"embeddable":true,"href":"https:\/\/www.2ha.gr\/de\/wp-json\/wp\/v2\/media\/8517"}],"wp:attachment":[{"href":"https:\/\/www.2ha.gr\/de\/wp-json\/wp\/v2\/media?parent=8527"}],"wp:term":[{"taxonomy":"product_cat","embeddable":true,"href":"https:\/\/www.2ha.gr\/de\/wp-json\/wp\/v2\/product_cat?post=8527"},{"taxonomy":"product_tag","embeddable":true,"href":"https:\/\/www.2ha.gr\/de\/wp-json\/wp\/v2\/product_tag?post=8527"}],"curies":[{"name":"wp","href":"https:\/\/api.w.org\/{rel}","templated":true}]}}