{"id":8535,"date":"2022-11-13T14:16:01","date_gmt":"2022-11-13T12:16:01","guid":{"rendered":"https:\/\/www.2ha.gr\/?post_type=product&#038;p=8535"},"modified":"2023-01-26T12:13:04","modified_gmt":"2023-01-26T10:13:04","slug":"the-jeans-shirt","status":"publish","type":"product","link":"https:\/\/www.2ha.gr\/de\/product\/the-jeans-shirt\/","title":{"rendered":"The jeans shirt"},"content":{"rendered":"<p><\/p>\n<p style=\"text-align: center\"><strong><em>Langarmhemd mit Mao-Kragen und Metallkn\u00f6pfen <\/em><\/strong><\/p>\n<p style=\"text-align: center\"><strong><em>Zwei ger\u00e4umige Taschen <\/em><\/strong><\/p>\n<p style=\"text-align: center\"><strong><em>Erh\u00e4ltlich in allen Gr\u00f6\u00dfen. <\/em><\/strong><\/p>\n<p style=\"text-align: center\"><strong><em>Weicher Denim-Stoff<\/em><\/strong><\/p>\n<p><\/p>","protected":false},"excerpt":{"rendered":"<p style=\"text-align: center\"><strong><em>Langarmhemd mit Mao-Kragen und Metallkn\u00f6pfen <\/em><\/strong><\/p>\n<p style=\"text-align: center\"><strong><em>Zwei ger\u00e4umige Taschen <\/em><\/strong><\/p>\n<p style=\"text-align: center\"><strong><em>Erh\u00e4ltlich in allen Gr\u00f6\u00dfen. <\/em><\/strong><\/p>\n<p style=\"text-align: center\"><strong><em>Weicher Denim-Stoff<\/em><\/strong><\/p>\n","protected":false},"featured_media":8828,"comment_status":"closed","ping_status":"closed","template":"","meta":[],"product_cat":[25,40],"product_tag":[],"class_list":{"0":"post-8535","1":"product","2":"type-product","3":"status-publish","4":"has-post-thumbnail","6":"product_cat-little-2ha","7":"product_cat-40","9":"first","10":"instock","11":"sale","12":"taxable","13":"shipping-taxable","14":"purchasable","15":"product-type-variable"},"_links":{"self":[{"href":"https:\/\/www.2ha.gr\/de\/wp-json\/wp\/v2\/product\/8535","targetHints":{"allow":["GET"]}}],"collection":[{"href":"https:\/\/www.2ha.gr\/de\/wp-json\/wp\/v2\/product"}],"about":[{"href":"https:\/\/www.2ha.gr\/de\/wp-json\/wp\/v2\/types\/product"}],"replies":[{"embeddable":true,"href":"https:\/\/www.2ha.gr\/de\/wp-json\/wp\/v2\/comments?post=8535"}],"wp:featuredmedia":[{"embeddable":true,"href":"https:\/\/www.2ha.gr\/de\/wp-json\/wp\/v2\/media\/8828"}],"wp:attachment":[{"href":"https:\/\/www.2ha.gr\/de\/wp-json\/wp\/v2\/media?parent=8535"}],"wp:term":[{"taxonomy":"product_cat","embeddable":true,"href":"https:\/\/www.2ha.gr\/de\/wp-json\/wp\/v2\/product_cat?post=8535"},{"taxonomy":"product_tag","embeddable":true,"href":"https:\/\/www.2ha.gr\/de\/wp-json\/wp\/v2\/product_tag?post=8535"}],"curies":[{"name":"wp","href":"https:\/\/api.w.org\/{rel}","templated":true}]}}