{"id":8729,"date":"2023-01-20T18:34:22","date_gmt":"2023-01-20T16:34:22","guid":{"rendered":"https:\/\/www.2ha.gr\/?post_type=product&#038;p=8729"},"modified":"2023-01-26T11:38:19","modified_gmt":"2023-01-26T09:38:19","slug":"dims-shirt","status":"publish","type":"product","link":"https:\/\/www.2ha.gr\/de\/product\/dims-shirt\/","title":{"rendered":"Dim&#8217;s shirt"},"content":{"rendered":"<p><strong><em>Das Shirt ist komplett aus hochwertigem, coolem Stoff gefertigt. <\/em><\/strong><\/p>\n<p><strong><em>Lang\u00e4rmelig, aber wenn Sie m\u00f6chten, k\u00f6nnen Sie in den Bestellnotizen kurze \u00c4rmel angeben <\/em><\/strong><\/p>","protected":false},"excerpt":{"rendered":"<p><strong><em>Das Shirt ist komplett aus hochwertigem, coolem Stoff gefertigt. <\/em><\/strong><\/p>\n<p><strong><em>Lang\u00e4rmelig, aber wenn Sie m\u00f6chten, k\u00f6nnen Sie in den Bestellnotizen kurze \u00c4rmel angeben <\/em><\/strong><\/p>\n","protected":false},"featured_media":8793,"comment_status":"closed","ping_status":"closed","template":"","meta":[],"product_cat":[25],"product_tag":[],"class_list":{"0":"post-8729","1":"product","2":"type-product","3":"status-publish","4":"has-post-thumbnail","6":"product_cat-little-2ha","8":"first","9":"instock","10":"sale","11":"taxable","12":"shipping-taxable","13":"purchasable","14":"product-type-variable"},"_links":{"self":[{"href":"https:\/\/www.2ha.gr\/de\/wp-json\/wp\/v2\/product\/8729","targetHints":{"allow":["GET"]}}],"collection":[{"href":"https:\/\/www.2ha.gr\/de\/wp-json\/wp\/v2\/product"}],"about":[{"href":"https:\/\/www.2ha.gr\/de\/wp-json\/wp\/v2\/types\/product"}],"replies":[{"embeddable":true,"href":"https:\/\/www.2ha.gr\/de\/wp-json\/wp\/v2\/comments?post=8729"}],"wp:featuredmedia":[{"embeddable":true,"href":"https:\/\/www.2ha.gr\/de\/wp-json\/wp\/v2\/media\/8793"}],"wp:attachment":[{"href":"https:\/\/www.2ha.gr\/de\/wp-json\/wp\/v2\/media?parent=8729"}],"wp:term":[{"taxonomy":"product_cat","embeddable":true,"href":"https:\/\/www.2ha.gr\/de\/wp-json\/wp\/v2\/product_cat?post=8729"},{"taxonomy":"product_tag","embeddable":true,"href":"https:\/\/www.2ha.gr\/de\/wp-json\/wp\/v2\/product_tag?post=8729"}],"curies":[{"name":"wp","href":"https:\/\/api.w.org\/{rel}","templated":true}]}}