{"id":8898,"date":"2023-02-06T22:40:15","date_gmt":"2023-02-06T20:40:15","guid":{"rendered":"https:\/\/www.2ha.gr\/?post_type=product&#038;p=8898"},"modified":"2023-03-29T01:30:16","modified_gmt":"2023-03-28T22:30:16","slug":"rustic-charm-apron-1","status":"publish","type":"product","link":"https:\/\/www.2ha.gr\/de\/product\/rustic-charm-apron-1\/","title":{"rendered":"Rustic Charm Apron 1"},"content":{"rendered":"<p><strong><em>&#8222;Rustic Charm Aprons&#8220; ist eine Demo-Serie von Sch\u00fcrzen,<\/em><\/strong><\/p>\n<p><strong><em>Unser Ziel ist es, mit gutem Beispiel voranzugehen und zu zeigen, was wir meinen, wenn wir sagen, dass wir die gesamte Einkleidung des Personals eines jeden Gastronomiebetriebs \u00fcbernehmen. Jede Sch\u00fcrze kann einzeln oder in gro\u00dfen Mengen bestellt werden, je nach den Bed\u00fcrfnissen des jeweiligen Unternehmens. F\u00fcr Farb\u00e4nderungen wenden Sie sich bitte an info@2ha.gr oder 2431302841 <\/em><\/strong><\/p>\n<ul>\n<li><strong><em>Taillensch\u00fcrze <\/em><\/strong><\/li>\n<li><strong><em>Ideal f\u00fcr M\u00e4dchen <\/em><\/strong><\/li>\n<li><strong><em>Zwei Taschen im Jackenstil <\/em><\/strong><\/li>\n<li><strong><em>Kunstlederriemen f\u00fcr perfekten Sitz an jedem K\u00f6rperbau. <\/em><\/strong><\/li>\n<\/ul>\n<p><\/p>","protected":false},"excerpt":{"rendered":"<p><strong><em>&#8222;Rustic Charm Aprons&#8220; ist eine Demo-Serie von Sch\u00fcrzen,<\/em><\/strong><\/p>\n<p><strong><em>Unser Ziel ist es, mit gutem Beispiel voranzugehen und zu zeigen, was wir meinen, wenn wir sagen, dass wir die gesamte Einkleidung des Personals eines jeden Gastronomiebetriebs \u00fcbernehmen. Jede Sch\u00fcrze kann einzeln oder in gro\u00dfen Mengen bestellt werden, je nach den Bed\u00fcrfnissen des jeweiligen Unternehmens. F\u00fcr Farb\u00e4nderungen wenden Sie sich bitte an info@2ha.gr oder 2431302841 <\/em><\/strong><\/p>\n<ul>\n<li><strong><em>Taillensch\u00fcrze <\/em><\/strong><\/li>\n<li><strong><em>Ideal f\u00fcr M\u00e4dchen <\/em><\/strong><\/li>\n<li><strong><em>Zwei Taschen im Jackenstil <\/em><\/strong><\/li>\n<li><strong><em>Kunstlederriemen f\u00fcr perfekten Sitz an jedem K\u00f6rperbau. <\/em><\/strong><\/li>\n<\/ul>\n","protected":false},"featured_media":8900,"comment_status":"closed","ping_status":"closed","template":"","meta":[],"product_cat":[54,7,41,13,24],"product_tag":[],"class_list":{"0":"post-8898","1":"product","2":"type-product","3":"status-publish","4":"has-post-thumbnail","6":"product_cat-rustic-charm-aprons","7":"product_cat-hospitality","8":"product_cat-41","9":"product_cat-service","10":"product_cat-aprons","12":"first","13":"instock","14":"sale","15":"taxable","16":"shipping-taxable","17":"purchasable","18":"product-type-simple"},"_links":{"self":[{"href":"https:\/\/www.2ha.gr\/de\/wp-json\/wp\/v2\/product\/8898","targetHints":{"allow":["GET"]}}],"collection":[{"href":"https:\/\/www.2ha.gr\/de\/wp-json\/wp\/v2\/product"}],"about":[{"href":"https:\/\/www.2ha.gr\/de\/wp-json\/wp\/v2\/types\/product"}],"replies":[{"embeddable":true,"href":"https:\/\/www.2ha.gr\/de\/wp-json\/wp\/v2\/comments?post=8898"}],"wp:featuredmedia":[{"embeddable":true,"href":"https:\/\/www.2ha.gr\/de\/wp-json\/wp\/v2\/media\/8900"}],"wp:attachment":[{"href":"https:\/\/www.2ha.gr\/de\/wp-json\/wp\/v2\/media?parent=8898"}],"wp:term":[{"taxonomy":"product_cat","embeddable":true,"href":"https:\/\/www.2ha.gr\/de\/wp-json\/wp\/v2\/product_cat?post=8898"},{"taxonomy":"product_tag","embeddable":true,"href":"https:\/\/www.2ha.gr\/de\/wp-json\/wp\/v2\/product_tag?post=8898"}],"curies":[{"name":"wp","href":"https:\/\/api.w.org\/{rel}","templated":true}]}}