{"id":8912,"date":"2023-02-06T23:03:08","date_gmt":"2023-02-06T21:03:08","guid":{"rendered":"https:\/\/www.2ha.gr\/?post_type=product&#038;p=8912"},"modified":"2023-03-29T01:20:27","modified_gmt":"2023-03-28T22:20:27","slug":"rustic-charm-apron-2","status":"publish","type":"product","link":"https:\/\/www.2ha.gr\/de\/product\/rustic-charm-apron-2\/","title":{"rendered":"Rustic Charm Apron 2"},"content":{"rendered":"<p><strong><em>&#8222;Rustic Charm Aprons&#8220; ist eine Demo-Serie von Sch\u00fcrzen,<\/em><\/strong><\/p>\n<p><strong><em>Unser Ziel ist es, mit gutem Beispiel voranzugehen und zu zeigen, was wir meinen, wenn wir sagen, dass wir die gesamte Einkleidung des Personals eines jeden Gastronomiebetriebs \u00fcbernehmen. Jede Sch\u00fcrze kann einzeln oder in gro\u00dfen Mengen bestellt werden, je nach den Bed\u00fcrfnissen des jeweiligen Unternehmens. F\u00fcr Farb\u00e4nderungen wenden Sie sich bitte an info@2ha.gr oder 2431302841 <\/em><\/strong><\/p>\n<ul>\n<li><strong><em>Ideale Sch\u00fcrze f\u00fcr einen Kellner<\/em><\/strong><\/li>\n<li><strong><em>Zwei gro\u00dfe Au\u00dfentaschen <\/em><\/strong><\/li>\n<li><strong><em>Riemenbindung mit Klettverschluss f\u00fcr perfekten Sitz <\/em><\/strong><\/li>\n<li><strong><em>K\u00fchles Baumwollfutter auf der R\u00fcckseite <\/em><\/strong><\/li>\n<\/ul>\n<p><\/p>","protected":false},"excerpt":{"rendered":"<p><strong><em>&#8222;Rustic Charm Aprons&#8220; ist eine Demo-Serie von Sch\u00fcrzen,<\/em><\/strong><\/p>\n<p><strong><em>Unser Ziel ist es, mit gutem Beispiel voranzugehen und zu zeigen, was wir meinen, wenn wir sagen, dass wir die gesamte Einkleidung des Personals eines jeden Gastronomiebetriebs \u00fcbernehmen. Jede Sch\u00fcrze kann einzeln oder in gro\u00dfen Mengen bestellt werden, je nach den Bed\u00fcrfnissen des jeweiligen Unternehmens. F\u00fcr Farb\u00e4nderungen wenden Sie sich bitte an info@2ha.gr oder 2431302841 <\/em><\/strong><\/p>\n<ul>\n<li><strong><em>Ideale Sch\u00fcrze f\u00fcr einen Kellner<\/em><\/strong><\/li>\n<li><strong><em>Zwei gro\u00dfe Au\u00dfentaschen <\/em><\/strong><\/li>\n<li><strong><em>Riemenbindung mit Klettverschluss f\u00fcr perfekten Sitz <\/em><\/strong><\/li>\n<li><strong><em>K\u00fchles Baumwollfutter auf der R\u00fcckseite <\/em><\/strong><\/li>\n<\/ul>\n","protected":false},"featured_media":8906,"comment_status":"closed","ping_status":"closed","template":"","meta":[],"product_cat":[54,45,7,41,13,24],"product_tag":[],"class_list":{"0":"post-8912","1":"product","2":"type-product","3":"status-publish","4":"has-post-thumbnail","6":"product_cat-rustic-charm-aprons","7":"product_cat-season-2021-2022","8":"product_cat-hospitality","9":"product_cat-41","10":"product_cat-service","11":"product_cat-aprons","13":"first","14":"instock","15":"sale","16":"taxable","17":"shipping-taxable","18":"purchasable","19":"product-type-simple"},"_links":{"self":[{"href":"https:\/\/www.2ha.gr\/de\/wp-json\/wp\/v2\/product\/8912","targetHints":{"allow":["GET"]}}],"collection":[{"href":"https:\/\/www.2ha.gr\/de\/wp-json\/wp\/v2\/product"}],"about":[{"href":"https:\/\/www.2ha.gr\/de\/wp-json\/wp\/v2\/types\/product"}],"replies":[{"embeddable":true,"href":"https:\/\/www.2ha.gr\/de\/wp-json\/wp\/v2\/comments?post=8912"}],"wp:featuredmedia":[{"embeddable":true,"href":"https:\/\/www.2ha.gr\/de\/wp-json\/wp\/v2\/media\/8906"}],"wp:attachment":[{"href":"https:\/\/www.2ha.gr\/de\/wp-json\/wp\/v2\/media?parent=8912"}],"wp:term":[{"taxonomy":"product_cat","embeddable":true,"href":"https:\/\/www.2ha.gr\/de\/wp-json\/wp\/v2\/product_cat?post=8912"},{"taxonomy":"product_tag","embeddable":true,"href":"https:\/\/www.2ha.gr\/de\/wp-json\/wp\/v2\/product_tag?post=8912"}],"curies":[{"name":"wp","href":"https:\/\/api.w.org\/{rel}","templated":true}]}}