{"id":8914,"date":"2023-02-06T23:19:42","date_gmt":"2023-02-06T21:19:42","guid":{"rendered":"https:\/\/www.2ha.gr\/?post_type=product&#038;p=8914"},"modified":"2023-03-29T01:32:03","modified_gmt":"2023-03-28T22:32:03","slug":"rustic-charm-apron-4","status":"publish","type":"product","link":"https:\/\/www.2ha.gr\/de\/product\/rustic-charm-apron-4\/","title":{"rendered":"Rustic Charm Apron 4"},"content":{"rendered":"<p><strong><em>&#8222;Rustic Charm Aprons&#8220; ist eine Demo-Serie von Sch\u00fcrzen,<\/em><\/strong><\/p>\n<p><strong><em>Unser Ziel ist es, mit gutem Beispiel voranzugehen und zu zeigen, was wir meinen, wenn wir sagen, dass wir die gesamte Einkleidung des Personals eines jeden Gastronomiebetriebs \u00fcbernehmen. Jede Sch\u00fcrze kann einzeln oder in gro\u00dfen Mengen bestellt werden, je nach den Bed\u00fcrfnissen des jeweiligen Unternehmens. F\u00fcr Farb\u00e4nderungen wenden Sie sich bitte an info@2ha.gr oder 2431302841 <\/em><\/strong><\/p>\n<ul>\n<li><strong><em>Hochwertiges wasserdichtes und atmungsaktives Material <\/em><\/strong><\/li>\n<li><strong><em>Hochwertiges Kunstleder<\/em><\/strong><\/li>\n<li><strong><em>Eine gro\u00dfe zentrale Tasche <\/em><\/strong><\/li>\n<li><strong><em>Handtuch-Schleife <\/em><\/strong><\/li>\n<li><strong><em>Kreuzgurte mit voll verstellbaren Schultergurten f\u00fcr eine perfekte Passform f\u00fcr jeden K\u00f6rpertyp <\/em><\/strong><\/li>\n<li><strong><em>K\u00fchles Baumwollfutter auf der R\u00fcckseite <\/em><\/strong><\/li>\n<\/ul>\n<p><\/p>","protected":false},"excerpt":{"rendered":"<p><strong><em>&#8222;Rustic Charm Aprons&#8220; ist eine Demo-Serie von Sch\u00fcrzen,<\/em><\/strong><\/p>\n<p><strong><em>Unser Ziel ist es, mit gutem Beispiel voranzugehen und zu zeigen, was wir meinen, wenn wir sagen, dass wir die gesamte Einkleidung des Personals eines jeden Gastronomiebetriebs \u00fcbernehmen. Jede Sch\u00fcrze kann einzeln oder in gro\u00dfen Mengen bestellt werden, je nach den Bed\u00fcrfnissen des jeweiligen Unternehmens. F\u00fcr Farb\u00e4nderungen wenden Sie sich bitte an info@2ha.gr oder 2431302841 <\/em><\/strong><\/p>\n<ul>\n<li><strong><em>Hochwertiges wasserdichtes und atmungsaktives Material <\/em><\/strong><\/li>\n<li><strong><em>Hochwertiges Kunstleder<\/em><\/strong><\/li>\n<li><strong><em>Eine gro\u00dfe zentrale Tasche <\/em><\/strong><\/li>\n<li><strong><em>Handtuch-Schleife <\/em><\/strong><\/li>\n<li><strong><em>Kreuzgurte mit voll verstellbaren Schultergurten f\u00fcr eine perfekte Passform f\u00fcr jeden K\u00f6rpertyp <\/em><\/strong><\/li>\n<li><strong><em>K\u00fchles Baumwollfutter auf der R\u00fcckseite <\/em><\/strong><\/li>\n<\/ul>\n","protected":false},"featured_media":8902,"comment_status":"closed","ping_status":"closed","template":"","meta":[],"product_cat":[54,8,11,12,45,7,21,24],"product_tag":[],"class_list":{"0":"post-8914","1":"product","2":"type-product","3":"status-publish","4":"has-post-thumbnail","6":"product_cat-rustic-charm-aprons","7":"product_cat-artists","8":"product_cat-barista","9":"product_cat-bartender","10":"product_cat-season-2021-2022","11":"product_cat-hospitality","12":"product_cat-chef","13":"product_cat-aprons","15":"first","16":"instock","17":"sale","18":"taxable","19":"shipping-taxable","20":"purchasable","21":"product-type-simple"},"_links":{"self":[{"href":"https:\/\/www.2ha.gr\/de\/wp-json\/wp\/v2\/product\/8914","targetHints":{"allow":["GET"]}}],"collection":[{"href":"https:\/\/www.2ha.gr\/de\/wp-json\/wp\/v2\/product"}],"about":[{"href":"https:\/\/www.2ha.gr\/de\/wp-json\/wp\/v2\/types\/product"}],"replies":[{"embeddable":true,"href":"https:\/\/www.2ha.gr\/de\/wp-json\/wp\/v2\/comments?post=8914"}],"wp:featuredmedia":[{"embeddable":true,"href":"https:\/\/www.2ha.gr\/de\/wp-json\/wp\/v2\/media\/8902"}],"wp:attachment":[{"href":"https:\/\/www.2ha.gr\/de\/wp-json\/wp\/v2\/media?parent=8914"}],"wp:term":[{"taxonomy":"product_cat","embeddable":true,"href":"https:\/\/www.2ha.gr\/de\/wp-json\/wp\/v2\/product_cat?post=8914"},{"taxonomy":"product_tag","embeddable":true,"href":"https:\/\/www.2ha.gr\/de\/wp-json\/wp\/v2\/product_tag?post=8914"}],"curies":[{"name":"wp","href":"https:\/\/api.w.org\/{rel}","templated":true}]}}